{"id":4659,"date":"2026-02-18T19:39:43","date_gmt":"2026-02-18T18:39:43","guid":{"rendered":"https:\/\/venusdailleurs.fr\/?page_id=4659"},"modified":"2026-02-18T19:39:43","modified_gmt":"2026-02-18T18:39:43","slug":"arcadia","status":"publish","type":"page","link":"https:\/\/venusdailleurs.fr\/?page_id=4659","title":{"rendered":"Arcadia"},"content":{"rendered":"\n<p>Benoit Pingeot<\/p>\n\n\n\n<figure class=\"wp-block-image size-large is-resized\"><img decoding=\"async\" loading=\"lazy\" src=\"https:\/\/venusdailleurs.fr\/wp-content\/uploads\/2026\/02\/Arcadia-couv-V1-751x1024.jpg\" alt=\"\" class=\"wp-image-4660\" width=\"499\" height=\"680\" srcset=\"https:\/\/venusdailleurs.fr\/wp-content\/uploads\/2026\/02\/Arcadia-couv-V1-751x1024.jpg 751w, https:\/\/venusdailleurs.fr\/wp-content\/uploads\/2026\/02\/Arcadia-couv-V1-220x300.jpg 220w, https:\/\/venusdailleurs.fr\/wp-content\/uploads\/2026\/02\/Arcadia-couv-V1-768x1048.jpg 768w, https:\/\/venusdailleurs.fr\/wp-content\/uploads\/2026\/02\/Arcadia-couv-V1-1126x1536.jpg 1126w, https:\/\/venusdailleurs.fr\/wp-content\/uploads\/2026\/02\/Arcadia-couv-V1.jpg 1299w\" sizes=\"(max-width: 499px) 100vw, 499px\" \/><\/figure>\n\n\n\n<p>20 x 28 cm, 44 pages couleurs avec des interventions de la main de l\u2019artiste. <\/p>\n\n\n\n<p>50 exemplaires num\u00e9rot\u00e9s et sign\u00e9s.<\/p>\n","protected":false},"excerpt":{"rendered":"<p>Benoit Pingeot 20 x 28 cm, 44 pages couleurs avec des interventions de la main de l\u2019artiste. 50 exemplaires num\u00e9rot\u00e9s et sign\u00e9s.<\/p>\n","protected":false},"author":1,"featured_media":0,"parent":0,"menu_order":0,"comment_status":"closed","ping_status":"closed","template":"","meta":[],"_links":{"self":[{"href":"https:\/\/venusdailleurs.fr\/index.php?rest_route=\/wp\/v2\/pages\/4659"}],"collection":[{"href":"https:\/\/venusdailleurs.fr\/index.php?rest_route=\/wp\/v2\/pages"}],"about":[{"href":"https:\/\/venusdailleurs.fr\/index.php?rest_route=\/wp\/v2\/types\/page"}],"author":[{"embeddable":true,"href":"https:\/\/venusdailleurs.fr\/index.php?rest_route=\/wp\/v2\/users\/1"}],"replies":[{"embeddable":true,"href":"https:\/\/venusdailleurs.fr\/index.php?rest_route=%2Fwp%2Fv2%2Fcomments&post=4659"}],"version-history":[{"count":1,"href":"https:\/\/venusdailleurs.fr\/index.php?rest_route=\/wp\/v2\/pages\/4659\/revisions"}],"predecessor-version":[{"id":4661,"href":"https:\/\/venusdailleurs.fr\/index.php?rest_route=\/wp\/v2\/pages\/4659\/revisions\/4661"}],"wp:attachment":[{"href":"https:\/\/venusdailleurs.fr\/index.php?rest_route=%2Fwp%2Fv2%2Fmedia&parent=4659"}],"curies":[{"name":"wp","href":"https:\/\/api.w.org\/{rel}","templated":true}]}}