{"id":4644,"date":"2026-01-09T21:06:28","date_gmt":"2026-01-09T20:06:28","guid":{"rendered":"https:\/\/venusdailleurs.fr\/?page_id=4644"},"modified":"2026-01-09T21:06:28","modified_gmt":"2026-01-09T20:06:28","slug":"arsene-tryphon-the-ten-teens","status":"publish","type":"page","link":"https:\/\/venusdailleurs.fr\/?page_id=4644","title":{"rendered":"Ars\u00e8ne Tryphon &amp; the ten teens"},"content":{"rendered":"\n<figure class=\"wp-block-image size-large\"><img decoding=\"async\" loading=\"lazy\" width=\"1024\" height=\"768\" src=\"https:\/\/venusdailleurs.fr\/wp-content\/uploads\/2026\/01\/0025434089_10-1024x768.jpg\" alt=\"\" class=\"wp-image-4645\" srcset=\"https:\/\/venusdailleurs.fr\/wp-content\/uploads\/2026\/01\/0025434089_10-1024x768.jpg 1024w, https:\/\/venusdailleurs.fr\/wp-content\/uploads\/2026\/01\/0025434089_10-300x225.jpg 300w, https:\/\/venusdailleurs.fr\/wp-content\/uploads\/2026\/01\/0025434089_10-768x576.jpg 768w, https:\/\/venusdailleurs.fr\/wp-content\/uploads\/2026\/01\/0025434089_10.jpg 1200w\" sizes=\"(max-width: 1024px) 100vw, 1024px\" \/><\/figure>\n\n\n\n<p>Mini CD 10 mn. hommage \u00e0 Margan Fisher and the r\u00e9sidents. Artworks : Patrice M\u00e9riot<\/p>\n\n\n\n<p><a href=\"https:\/\/arsenetryphon.bandcamp.com\/album\/ars-ne-tryphon-the-ten-teens\">\u00c9COUTER L&rsquo;ALBUM<\/a><\/p>\n\n\n\n<p><a href=\"http:\/\/venus-dailleurs.sumupstore.com\/product\/arsene-tryphon-and-the-ten-teens\">COMMANDER L&rsquo;ALBUM<\/a><\/p>\n","protected":false},"excerpt":{"rendered":"<p>Mini CD 10 mn. hommage \u00e0 Margan Fisher and the r\u00e9sidents. Artworks : Patrice M\u00e9riot \u00c9COUTER L&rsquo;ALBUM COMMANDER L&rsquo;ALBUM<\/p>\n","protected":false},"author":1,"featured_media":0,"parent":0,"menu_order":0,"comment_status":"closed","ping_status":"closed","template":"","meta":[],"_links":{"self":[{"href":"https:\/\/venusdailleurs.fr\/index.php?rest_route=\/wp\/v2\/pages\/4644"}],"collection":[{"href":"https:\/\/venusdailleurs.fr\/index.php?rest_route=\/wp\/v2\/pages"}],"about":[{"href":"https:\/\/venusdailleurs.fr\/index.php?rest_route=\/wp\/v2\/types\/page"}],"author":[{"embeddable":true,"href":"https:\/\/venusdailleurs.fr\/index.php?rest_route=\/wp\/v2\/users\/1"}],"replies":[{"embeddable":true,"href":"https:\/\/venusdailleurs.fr\/index.php?rest_route=%2Fwp%2Fv2%2Fcomments&post=4644"}],"version-history":[{"count":1,"href":"https:\/\/venusdailleurs.fr\/index.php?rest_route=\/wp\/v2\/pages\/4644\/revisions"}],"predecessor-version":[{"id":4646,"href":"https:\/\/venusdailleurs.fr\/index.php?rest_route=\/wp\/v2\/pages\/4644\/revisions\/4646"}],"wp:attachment":[{"href":"https:\/\/venusdailleurs.fr\/index.php?rest_route=%2Fwp%2Fv2%2Fmedia&parent=4644"}],"curies":[{"name":"wp","href":"https:\/\/api.w.org\/{rel}","templated":true}]}}