{"id":4641,"date":"2026-01-09T21:02:27","date_gmt":"2026-01-09T20:02:27","guid":{"rendered":"https:\/\/venusdailleurs.fr\/?page_id=4641"},"modified":"2026-01-09T21:02:27","modified_gmt":"2026-01-09T20:02:27","slug":"arsene-tryphon-les-coquillards","status":"publish","type":"page","link":"https:\/\/venusdailleurs.fr\/?page_id=4641","title":{"rendered":"Ars\u00e8ne Tryphon &amp; les coquillards"},"content":{"rendered":"\n<figure class=\"wp-block-image size-large is-resized\"><img decoding=\"async\" loading=\"lazy\" src=\"https:\/\/venusdailleurs.fr\/wp-content\/uploads\/2026\/01\/a0205137922_10-1024x1011.jpg\" alt=\"\" class=\"wp-image-4642\" width=\"301\" height=\"297\" srcset=\"https:\/\/venusdailleurs.fr\/wp-content\/uploads\/2026\/01\/a0205137922_10-1024x1011.jpg 1024w, https:\/\/venusdailleurs.fr\/wp-content\/uploads\/2026\/01\/a0205137922_10-300x296.jpg 300w, https:\/\/venusdailleurs.fr\/wp-content\/uploads\/2026\/01\/a0205137922_10-768x758.jpg 768w, https:\/\/venusdailleurs.fr\/wp-content\/uploads\/2026\/01\/a0205137922_10.jpg 1200w\" sizes=\"(max-width: 301px) 100vw, 301px\" \/><\/figure>\n\n\n\n<p>Mini CD 9 mn. Hommage \u00e0 Margan Fisher and the residents. Artworks : Claude Ballar\u00e9<\/p>\n\n\n\n<p><a href=\"http:\/\/arsenetryphon.bandcamp.com\/album\/ars-ne-tryphon-les-coquillards\">\u00c9COUTER L&rsquo;ALBUM<\/a><\/p>\n\n\n\n<p><a href=\"https:\/\/venus-dailleurs.sumupstore.com\/product\/arsene-tryphon-and-les-coquillards\">COMMANDER L&rsquo;ALBUM<\/a><\/p>\n","protected":false},"excerpt":{"rendered":"<p>Mini CD 9 mn. Hommage \u00e0 Margan Fisher and the residents. Artworks : Claude Ballar\u00e9 \u00c9COUTER L&rsquo;ALBUM COMMANDER L&rsquo;ALBUM<\/p>\n","protected":false},"author":1,"featured_media":0,"parent":0,"menu_order":0,"comment_status":"closed","ping_status":"closed","template":"","meta":[],"_links":{"self":[{"href":"https:\/\/venusdailleurs.fr\/index.php?rest_route=\/wp\/v2\/pages\/4641"}],"collection":[{"href":"https:\/\/venusdailleurs.fr\/index.php?rest_route=\/wp\/v2\/pages"}],"about":[{"href":"https:\/\/venusdailleurs.fr\/index.php?rest_route=\/wp\/v2\/types\/page"}],"author":[{"embeddable":true,"href":"https:\/\/venusdailleurs.fr\/index.php?rest_route=\/wp\/v2\/users\/1"}],"replies":[{"embeddable":true,"href":"https:\/\/venusdailleurs.fr\/index.php?rest_route=%2Fwp%2Fv2%2Fcomments&post=4641"}],"version-history":[{"count":1,"href":"https:\/\/venusdailleurs.fr\/index.php?rest_route=\/wp\/v2\/pages\/4641\/revisions"}],"predecessor-version":[{"id":4643,"href":"https:\/\/venusdailleurs.fr\/index.php?rest_route=\/wp\/v2\/pages\/4641\/revisions\/4643"}],"wp:attachment":[{"href":"https:\/\/venusdailleurs.fr\/index.php?rest_route=%2Fwp%2Fv2%2Fmedia&parent=4641"}],"curies":[{"name":"wp","href":"https:\/\/api.w.org\/{rel}","templated":true}]}}