{"id":4637,"date":"2026-01-09T20:54:40","date_gmt":"2026-01-09T19:54:40","guid":{"rendered":"https:\/\/venusdailleurs.fr\/?page_id=4637"},"modified":"2026-01-09T20:54:40","modified_gmt":"2026-01-09T19:54:40","slug":"parades-automates","status":"publish","type":"page","link":"https:\/\/venusdailleurs.fr\/?page_id=4637","title":{"rendered":"Parades automates"},"content":{"rendered":"\n<p>Ars\u00e8ne Tryphon<\/p>\n\n\n\n<figure class=\"wp-block-image size-large is-resized\"><img decoding=\"async\" loading=\"lazy\" src=\"https:\/\/venusdailleurs.fr\/wp-content\/uploads\/2026\/01\/a2131366174_10-1004x1024.jpg\" alt=\"\" class=\"wp-image-4638\" width=\"412\" height=\"419\" srcset=\"https:\/\/venusdailleurs.fr\/wp-content\/uploads\/2026\/01\/a2131366174_10-1004x1024.jpg 1004w, https:\/\/venusdailleurs.fr\/wp-content\/uploads\/2026\/01\/a2131366174_10-294x300.jpg 294w, https:\/\/venusdailleurs.fr\/wp-content\/uploads\/2026\/01\/a2131366174_10-768x783.jpg 768w, https:\/\/venusdailleurs.fr\/wp-content\/uploads\/2026\/01\/a2131366174_10.jpg 1177w\" sizes=\"(max-width: 412px) 100vw, 412px\" \/><\/figure>\n\n\n\n<p><\/p>\n\n\n\n<p>Triple album, 3 x 45mn, dans un livre avec les \u0153uvres d&rsquo;Aur\u00e9lie Aura, Lou Dubois, Lucien Coutaud, Philippe Lemaire, Yves Reynier, Michel Cadi\u00e8re, Claude Ballar\u00e9, Patrice M\u00e9riot\u2026<\/p>\n\n\n\n<p>Invit\u00e9s : Margarida Guia, Pier Tardif, Pascal. D, Horse give birth to fly<\/p>\n\n\n\n<p><\/p>\n\n\n\n<p><a href=\"https:\/\/arsenetryphon.bandcamp.com\/album\/parades-automates-1\">\u00c9COUTER LE DISQUE 1<\/a><\/p>\n\n\n\n<p><a href=\"https:\/\/arsenetryphon.bandcamp.com\/album\/parades-automates-2\">\u00c9COUTER LE DISQUE 2<\/a><\/p>\n\n\n\n<p><a href=\"https:\/\/arsenetryphon.bandcamp.com\/album\/parades-automates-3\">\u00c9COUTER LE DISQUE 3<\/a><\/p>\n\n\n\n<p><a href=\"https:\/\/venus-dailleurs.sumupstore.com\/product\/parades-automates\">COMMANDER LE TRIPLE ALBUM<\/a><\/p>\n\n\n\n<p><\/p>\n","protected":false},"excerpt":{"rendered":"<p>Ars\u00e8ne Tryphon Triple album, 3 x 45mn, dans un livre avec les \u0153uvres d&rsquo;Aur\u00e9lie Aura, Lou Dubois, Lucien Coutaud, Philippe Lemaire, Yves Reynier, Michel Cadi\u00e8re, Claude Ballar\u00e9, Patrice M\u00e9riot\u2026 Invit\u00e9s : Margarida Guia, Pier Tardif, Pascal. D, Horse give birth to fly \u00c9COUTER LE DISQUE 1 \u00c9COUTER LE DISQUE 2 \u00c9COUTER LE DISQUE 3 COMMANDER &hellip; <a href=\"https:\/\/venusdailleurs.fr\/?page_id=4637\" class=\"more-link\">Continuer la lecture de <span class=\"screen-reader-text\">Parades automates<\/span><\/a><\/p>\n","protected":false},"author":1,"featured_media":0,"parent":0,"menu_order":0,"comment_status":"closed","ping_status":"closed","template":"","meta":[],"_links":{"self":[{"href":"https:\/\/venusdailleurs.fr\/index.php?rest_route=\/wp\/v2\/pages\/4637"}],"collection":[{"href":"https:\/\/venusdailleurs.fr\/index.php?rest_route=\/wp\/v2\/pages"}],"about":[{"href":"https:\/\/venusdailleurs.fr\/index.php?rest_route=\/wp\/v2\/types\/page"}],"author":[{"embeddable":true,"href":"https:\/\/venusdailleurs.fr\/index.php?rest_route=\/wp\/v2\/users\/1"}],"replies":[{"embeddable":true,"href":"https:\/\/venusdailleurs.fr\/index.php?rest_route=%2Fwp%2Fv2%2Fcomments&post=4637"}],"version-history":[{"count":1,"href":"https:\/\/venusdailleurs.fr\/index.php?rest_route=\/wp\/v2\/pages\/4637\/revisions"}],"predecessor-version":[{"id":4639,"href":"https:\/\/venusdailleurs.fr\/index.php?rest_route=\/wp\/v2\/pages\/4637\/revisions\/4639"}],"wp:attachment":[{"href":"https:\/\/venusdailleurs.fr\/index.php?rest_route=%2Fwp%2Fv2%2Fmedia&parent=4637"}],"curies":[{"name":"wp","href":"https:\/\/api.w.org\/{rel}","templated":true}]}}