{"id":4633,"date":"2026-01-09T20:47:03","date_gmt":"2026-01-09T19:47:03","guid":{"rendered":"https:\/\/venusdailleurs.fr\/?page_id=4633"},"modified":"2026-01-09T20:47:03","modified_gmt":"2026-01-09T19:47:03","slug":"bruit-dor","status":"publish","type":"page","link":"https:\/\/venusdailleurs.fr\/?page_id=4633","title":{"rendered":"Bruit d&rsquo;Or"},"content":{"rendered":"\n<p>Ars\u00e8ne Tryphon<\/p>\n\n\n\n<figure class=\"wp-block-image size-large is-resized\"><img decoding=\"async\" loading=\"lazy\" src=\"https:\/\/venusdailleurs.fr\/wp-content\/uploads\/2026\/01\/a0806050108_10-1024x1020.jpg\" alt=\"\" class=\"wp-image-4634\" width=\"369\" height=\"367\" srcset=\"https:\/\/venusdailleurs.fr\/wp-content\/uploads\/2026\/01\/a0806050108_10-1024x1020.jpg 1024w, https:\/\/venusdailleurs.fr\/wp-content\/uploads\/2026\/01\/a0806050108_10-150x150.jpg 150w, https:\/\/venusdailleurs.fr\/wp-content\/uploads\/2026\/01\/a0806050108_10-768x765.jpg 768w, https:\/\/venusdailleurs.fr\/wp-content\/uploads\/2026\/01\/a0806050108_10.jpg 1200w\" sizes=\"(max-width: 369px) 100vw, 369px\" \/><\/figure>\n\n\n\n<p><\/p>\n\n\n\n<p>12 titres &#8211; 40 mn<\/p>\n\n\n\n<p>Art cover : Pop-up de Michel Cadi\u00e8re<\/p>\n\n\n\n<figure class=\"wp-block-image size-large is-resized\"><img decoding=\"async\" loading=\"lazy\" src=\"https:\/\/venusdailleurs.fr\/wp-content\/uploads\/2026\/01\/0025434130_10-831x1024.jpg\" alt=\"\" class=\"wp-image-4635\" width=\"692\" height=\"852\" srcset=\"https:\/\/venusdailleurs.fr\/wp-content\/uploads\/2026\/01\/0025434130_10-831x1024.jpg 831w, https:\/\/venusdailleurs.fr\/wp-content\/uploads\/2026\/01\/0025434130_10-244x300.jpg 244w, https:\/\/venusdailleurs.fr\/wp-content\/uploads\/2026\/01\/0025434130_10-768x946.jpg 768w, https:\/\/venusdailleurs.fr\/wp-content\/uploads\/2026\/01\/0025434130_10.jpg 974w\" sizes=\"(max-width: 692px) 100vw, 692px\" \/><\/figure>\n\n\n\n<p><a href=\"https:\/\/arsenetryphon.bandcamp.com\/album\/bruit-dor\">\u00c9COUTER L&rsquo;ALBUM<\/a><\/p>\n\n\n\n<p><a href=\"https:\/\/venus-dailleurs.sumupstore.com\/product\/bruit-d-or\">COMMANDER L&rsquo;ALBUM<\/a><\/p>\n","protected":false},"excerpt":{"rendered":"<p>Ars\u00e8ne Tryphon 12 titres &#8211; 40 mn Art cover : Pop-up de Michel Cadi\u00e8re \u00c9COUTER L&rsquo;ALBUM COMMANDER L&rsquo;ALBUM<\/p>\n","protected":false},"author":1,"featured_media":0,"parent":0,"menu_order":0,"comment_status":"closed","ping_status":"closed","template":"","meta":[],"_links":{"self":[{"href":"https:\/\/venusdailleurs.fr\/index.php?rest_route=\/wp\/v2\/pages\/4633"}],"collection":[{"href":"https:\/\/venusdailleurs.fr\/index.php?rest_route=\/wp\/v2\/pages"}],"about":[{"href":"https:\/\/venusdailleurs.fr\/index.php?rest_route=\/wp\/v2\/types\/page"}],"author":[{"embeddable":true,"href":"https:\/\/venusdailleurs.fr\/index.php?rest_route=\/wp\/v2\/users\/1"}],"replies":[{"embeddable":true,"href":"https:\/\/venusdailleurs.fr\/index.php?rest_route=%2Fwp%2Fv2%2Fcomments&post=4633"}],"version-history":[{"count":1,"href":"https:\/\/venusdailleurs.fr\/index.php?rest_route=\/wp\/v2\/pages\/4633\/revisions"}],"predecessor-version":[{"id":4636,"href":"https:\/\/venusdailleurs.fr\/index.php?rest_route=\/wp\/v2\/pages\/4633\/revisions\/4636"}],"wp:attachment":[{"href":"https:\/\/venusdailleurs.fr\/index.php?rest_route=%2Fwp%2Fv2%2Fmedia&parent=4633"}],"curies":[{"name":"wp","href":"https:\/\/api.w.org\/{rel}","templated":true}]}}