{"id":4628,"date":"2026-01-09T20:42:32","date_gmt":"2026-01-09T19:42:32","guid":{"rendered":"https:\/\/venusdailleurs.fr\/?page_id=4628"},"modified":"2026-01-09T20:42:32","modified_gmt":"2026-01-09T19:42:32","slug":"dadagong","status":"publish","type":"page","link":"https:\/\/venusdailleurs.fr\/?page_id=4628","title":{"rendered":"Dadagong"},"content":{"rendered":"\n<p>Ars\u00e8ne Tryphon &amp; Pier Tardif<\/p>\n\n\n\n<figure class=\"wp-block-image size-large is-resized\"><img decoding=\"async\" loading=\"lazy\" src=\"https:\/\/venusdailleurs.fr\/wp-content\/uploads\/2026\/01\/a2953129766_10-1024x1008.jpg\" alt=\"\" class=\"wp-image-4629\" width=\"392\" height=\"386\" srcset=\"https:\/\/venusdailleurs.fr\/wp-content\/uploads\/2026\/01\/a2953129766_10-1024x1008.jpg 1024w, https:\/\/venusdailleurs.fr\/wp-content\/uploads\/2026\/01\/a2953129766_10-300x295.jpg 300w, https:\/\/venusdailleurs.fr\/wp-content\/uploads\/2026\/01\/a2953129766_10-768x756.jpg 768w, https:\/\/venusdailleurs.fr\/wp-content\/uploads\/2026\/01\/a2953129766_10.jpg 1200w\" sizes=\"(max-width: 392px) 100vw, 392px\" \/><\/figure>\n\n\n\n<p><\/p>\n\n\n\n<p>CD audio 9 titres. 45mn Folio 17x 51 cm avec les \u0153uvres de Y.A.Gil<\/p>\n\n\n\n<p>Pier Tardif : Gongs, cloches, cymbales, guimbarde<\/p>\n\n\n\n<p>Ars\u00e8ne Tryphon : Guitare, s\u00e9quences, kazoo<\/p>\n\n\n\n<figure class=\"wp-block-image size-large\"><img decoding=\"async\" loading=\"lazy\" width=\"1024\" height=\"768\" src=\"https:\/\/venusdailleurs.fr\/wp-content\/uploads\/2026\/01\/0042174532_10-1-1024x768.jpg\" alt=\"\" class=\"wp-image-4631\" srcset=\"https:\/\/venusdailleurs.fr\/wp-content\/uploads\/2026\/01\/0042174532_10-1-1024x768.jpg 1024w, https:\/\/venusdailleurs.fr\/wp-content\/uploads\/2026\/01\/0042174532_10-1-300x225.jpg 300w, https:\/\/venusdailleurs.fr\/wp-content\/uploads\/2026\/01\/0042174532_10-1-768x576.jpg 768w, https:\/\/venusdailleurs.fr\/wp-content\/uploads\/2026\/01\/0042174532_10-1.jpg 1200w\" sizes=\"(max-width: 1024px) 100vw, 1024px\" \/><\/figure>\n\n\n\n<p><a href=\"https:\/\/arsenetryphon.bandcamp.com\/album\/dadagong\">\u00c9COUTER L&rsquo;ALBUM<\/a><\/p>\n\n\n\n<p><a href=\"https:\/\/venus-dailleurs.sumupstore.com\/product\/dadagong\">COMMANDER L&rsquo;ALBUM<\/a><\/p>\n","protected":false},"excerpt":{"rendered":"<p>Ars\u00e8ne Tryphon &amp; Pier Tardif CD audio 9 titres. 45mn Folio 17x 51 cm avec les \u0153uvres de Y.A.Gil Pier Tardif : Gongs, cloches, cymbales, guimbarde Ars\u00e8ne Tryphon : Guitare, s\u00e9quences, kazoo \u00c9COUTER L&rsquo;ALBUM COMMANDER L&rsquo;ALBUM<\/p>\n","protected":false},"author":1,"featured_media":0,"parent":0,"menu_order":0,"comment_status":"closed","ping_status":"closed","template":"","meta":[],"_links":{"self":[{"href":"https:\/\/venusdailleurs.fr\/index.php?rest_route=\/wp\/v2\/pages\/4628"}],"collection":[{"href":"https:\/\/venusdailleurs.fr\/index.php?rest_route=\/wp\/v2\/pages"}],"about":[{"href":"https:\/\/venusdailleurs.fr\/index.php?rest_route=\/wp\/v2\/types\/page"}],"author":[{"embeddable":true,"href":"https:\/\/venusdailleurs.fr\/index.php?rest_route=\/wp\/v2\/users\/1"}],"replies":[{"embeddable":true,"href":"https:\/\/venusdailleurs.fr\/index.php?rest_route=%2Fwp%2Fv2%2Fcomments&post=4628"}],"version-history":[{"count":1,"href":"https:\/\/venusdailleurs.fr\/index.php?rest_route=\/wp\/v2\/pages\/4628\/revisions"}],"predecessor-version":[{"id":4632,"href":"https:\/\/venusdailleurs.fr\/index.php?rest_route=\/wp\/v2\/pages\/4628\/revisions\/4632"}],"wp:attachment":[{"href":"https:\/\/venusdailleurs.fr\/index.php?rest_route=%2Fwp%2Fv2%2Fmedia&parent=4628"}],"curies":[{"name":"wp","href":"https:\/\/api.w.org\/{rel}","templated":true}]}}