{"id":4613,"date":"2026-01-09T20:26:44","date_gmt":"2026-01-09T19:26:44","guid":{"rendered":"https:\/\/venusdailleurs.fr\/?page_id=4613"},"modified":"2026-01-09T20:26:44","modified_gmt":"2026-01-09T19:26:44","slug":"orphee","status":"publish","type":"page","link":"https:\/\/venusdailleurs.fr\/?page_id=4613","title":{"rendered":"Orph\u00e9e"},"content":{"rendered":"\n<p>Ars\u00e8ne Tryphon<\/p>\n\n\n\n<figure class=\"wp-block-image size-large is-resized\"><img decoding=\"async\" loading=\"lazy\" src=\"https:\/\/venusdailleurs.fr\/wp-content\/uploads\/2026\/01\/a1891593705_10-1024x1024.jpg\" alt=\"\" class=\"wp-image-4614\" width=\"439\" height=\"439\" srcset=\"https:\/\/venusdailleurs.fr\/wp-content\/uploads\/2026\/01\/a1891593705_10-1024x1024.jpg 1024w, https:\/\/venusdailleurs.fr\/wp-content\/uploads\/2026\/01\/a1891593705_10-300x300.jpg 300w, https:\/\/venusdailleurs.fr\/wp-content\/uploads\/2026\/01\/a1891593705_10-150x150.jpg 150w, https:\/\/venusdailleurs.fr\/wp-content\/uploads\/2026\/01\/a1891593705_10-768x768.jpg 768w, https:\/\/venusdailleurs.fr\/wp-content\/uploads\/2026\/01\/a1891593705_10.jpg 1200w\" sizes=\"(max-width: 439px) 100vw, 439px\" \/><\/figure>\n\n\n\n<p><\/p>\n\n\n\n<p>Ensemble pour guitares pr\u00e9par\u00e9es, souffles et percussions.<\/p>\n\n\n\n<p>4 titres &#8211; 21 mn<\/p>\n\n\n\n<p>Art cover : collage et aquarelle d&rsquo;Yves Reynier<br>Po\u00e8me D&rsquo;Iraj Valipour<\/p>\n\n\n\n<p><a href=\"https:\/\/arsenetryphon.bandcamp.com\/album\/orph-e-3\">\u00c9COUTER L&rsquo;ALBUM<\/a><\/p>\n\n\n\n<p><a href=\"https:\/\/venus-dailleurs.sumupstore.com\/product\/orphee\">COMMANDER L&rsquo;ALBUM<\/a><\/p>\n\n\n\n<p><\/p>\n","protected":false},"excerpt":{"rendered":"<p>Ars\u00e8ne Tryphon Ensemble pour guitares pr\u00e9par\u00e9es, souffles et percussions. 4 titres &#8211; 21 mn Art cover : collage et aquarelle d&rsquo;Yves ReynierPo\u00e8me D&rsquo;Iraj Valipour \u00c9COUTER L&rsquo;ALBUM COMMANDER L&rsquo;ALBUM<\/p>\n","protected":false},"author":1,"featured_media":0,"parent":0,"menu_order":0,"comment_status":"closed","ping_status":"closed","template":"","meta":[],"_links":{"self":[{"href":"https:\/\/venusdailleurs.fr\/index.php?rest_route=\/wp\/v2\/pages\/4613"}],"collection":[{"href":"https:\/\/venusdailleurs.fr\/index.php?rest_route=\/wp\/v2\/pages"}],"about":[{"href":"https:\/\/venusdailleurs.fr\/index.php?rest_route=\/wp\/v2\/types\/page"}],"author":[{"embeddable":true,"href":"https:\/\/venusdailleurs.fr\/index.php?rest_route=\/wp\/v2\/users\/1"}],"replies":[{"embeddable":true,"href":"https:\/\/venusdailleurs.fr\/index.php?rest_route=%2Fwp%2Fv2%2Fcomments&post=4613"}],"version-history":[{"count":1,"href":"https:\/\/venusdailleurs.fr\/index.php?rest_route=\/wp\/v2\/pages\/4613\/revisions"}],"predecessor-version":[{"id":4615,"href":"https:\/\/venusdailleurs.fr\/index.php?rest_route=\/wp\/v2\/pages\/4613\/revisions\/4615"}],"wp:attachment":[{"href":"https:\/\/venusdailleurs.fr\/index.php?rest_route=%2Fwp%2Fv2%2Fmedia&parent=4613"}],"curies":[{"name":"wp","href":"https:\/\/api.w.org\/{rel}","templated":true}]}}