{"id":4609,"date":"2026-01-09T20:19:53","date_gmt":"2026-01-09T19:19:53","guid":{"rendered":"https:\/\/venusdailleurs.fr\/?page_id=4609"},"modified":"2026-01-09T20:19:53","modified_gmt":"2026-01-09T19:19:53","slug":"succulents-succubes","status":"publish","type":"page","link":"https:\/\/venusdailleurs.fr\/?page_id=4609","title":{"rendered":"Succulents Succubes"},"content":{"rendered":"\n<p>Tristan Felix, Ars\u00e8ne Tryphon, Mr. Djub<\/p>\n\n\n\n<p><\/p>\n\n\n\n<figure class=\"wp-block-image size-large is-resized\"><img decoding=\"async\" loading=\"lazy\" src=\"https:\/\/venusdailleurs.fr\/wp-content\/uploads\/2026\/01\/a3497167325_10-1024x1024.jpg\" alt=\"\" class=\"wp-image-4610\" width=\"372\" height=\"372\" srcset=\"https:\/\/venusdailleurs.fr\/wp-content\/uploads\/2026\/01\/a3497167325_10-1024x1024.jpg 1024w, https:\/\/venusdailleurs.fr\/wp-content\/uploads\/2026\/01\/a3497167325_10-300x300.jpg 300w, https:\/\/venusdailleurs.fr\/wp-content\/uploads\/2026\/01\/a3497167325_10-150x150.jpg 150w, https:\/\/venusdailleurs.fr\/wp-content\/uploads\/2026\/01\/a3497167325_10-768x769.jpg 768w, https:\/\/venusdailleurs.fr\/wp-content\/uploads\/2026\/01\/a3497167325_10.jpg 1199w\" sizes=\"(max-width: 372px) 100vw, 372px\" \/><\/figure>\n\n\n\n<p><\/p>\n\n\n\n<p>Tristan Felix : Souffle (voix, glossolalies, guimbarde,<br>saxophone, sifflets, kazoo&#8230;), percussions<br>Ars\u00e8ne Tryphon : Cordes (gratt\u00e9es, frapp\u00e9es, sensibles), Claviers &amp; Collages &#8211; compositions.<br>Mr. Djub : Scie musicale<br><br>Invit\u00e9e sp\u00e9ciale : Marie-Th\u00e9r\u00e8se Grisenti, violoncelle (14*)<br>Artwork cover : Y. A. Gil<br>\u00ab\u00a0Succulents Succubes\u00a0\u00bb a \u00e9t\u00e9 enregistr\u00e9 entre ao\u00fbt 2024 et octobre 2025 au studio V.D.A \u00e0 Gajan<\/p>\n\n\n\n<p><a href=\"https:\/\/arsenetryphon.bandcamp.com\/album\/succulents-succubes-2\">\u00c9COUTER L&rsquo;ALBUM<\/a><\/p>\n\n\n\n<p><\/p>\n\n\n\n<p><a href=\"https:\/\/venus-dailleurs.sumupstore.com\/product\/succulents-succubes\">COMMANDER L&rsquo;ALBUM<\/a><\/p>\n\n\n\n<p><a href=\"https:\/\/venus-dailleurs.sumupstore.com\/product\/succulents-succubes-deluxe\">COMMANDER LA VERSION \u00ab\u00a0DELUXE\u00a0\u00bb<\/a><\/p>\n\n\n\n<figure class=\"wp-block-image size-large\"><img decoding=\"async\" loading=\"lazy\" width=\"1024\" height=\"482\" src=\"https:\/\/venusdailleurs.fr\/wp-content\/uploads\/2026\/01\/Succulents-Succubes-deluxe-Copie-1024x482.jpg\" alt=\"\" class=\"wp-image-4611\" srcset=\"https:\/\/venusdailleurs.fr\/wp-content\/uploads\/2026\/01\/Succulents-Succubes-deluxe-Copie-1024x482.jpg 1024w, https:\/\/venusdailleurs.fr\/wp-content\/uploads\/2026\/01\/Succulents-Succubes-deluxe-Copie-300x141.jpg 300w, https:\/\/venusdailleurs.fr\/wp-content\/uploads\/2026\/01\/Succulents-Succubes-deluxe-Copie-768x361.jpg 768w, https:\/\/venusdailleurs.fr\/wp-content\/uploads\/2026\/01\/Succulents-Succubes-deluxe-Copie-1536x722.jpg 1536w, https:\/\/venusdailleurs.fr\/wp-content\/uploads\/2026\/01\/Succulents-Succubes-deluxe-Copie.jpg 1903w\" sizes=\"(max-width: 1024px) 100vw, 1024px\" \/><figcaption class=\"wp-element-caption\">Pop-up de la version \u00ab\u00a0Deluxe\u00a0\u00bb (30 ex. num\u00e9rot\u00e9s)<\/figcaption><\/figure>\n","protected":false},"excerpt":{"rendered":"<p>Tristan Felix, Ars\u00e8ne Tryphon, Mr. Djub Tristan Felix : Souffle (voix, glossolalies, guimbarde,saxophone, sifflets, kazoo&#8230;), percussionsArs\u00e8ne Tryphon : Cordes (gratt\u00e9es, frapp\u00e9es, sensibles), Claviers &amp; Collages &#8211; compositions.Mr. Djub : Scie musicale Invit\u00e9e sp\u00e9ciale : Marie-Th\u00e9r\u00e8se Grisenti, violoncelle (14*)Artwork cover : Y. A. Gil\u00ab\u00a0Succulents Succubes\u00a0\u00bb a \u00e9t\u00e9 enregistr\u00e9 entre ao\u00fbt 2024 et octobre 2025 au studio &hellip; <a href=\"https:\/\/venusdailleurs.fr\/?page_id=4609\" class=\"more-link\">Continuer la lecture de <span class=\"screen-reader-text\">Succulents Succubes<\/span><\/a><\/p>\n","protected":false},"author":1,"featured_media":0,"parent":0,"menu_order":0,"comment_status":"closed","ping_status":"closed","template":"","meta":[],"_links":{"self":[{"href":"https:\/\/venusdailleurs.fr\/index.php?rest_route=\/wp\/v2\/pages\/4609"}],"collection":[{"href":"https:\/\/venusdailleurs.fr\/index.php?rest_route=\/wp\/v2\/pages"}],"about":[{"href":"https:\/\/venusdailleurs.fr\/index.php?rest_route=\/wp\/v2\/types\/page"}],"author":[{"embeddable":true,"href":"https:\/\/venusdailleurs.fr\/index.php?rest_route=\/wp\/v2\/users\/1"}],"replies":[{"embeddable":true,"href":"https:\/\/venusdailleurs.fr\/index.php?rest_route=%2Fwp%2Fv2%2Fcomments&post=4609"}],"version-history":[{"count":1,"href":"https:\/\/venusdailleurs.fr\/index.php?rest_route=\/wp\/v2\/pages\/4609\/revisions"}],"predecessor-version":[{"id":4612,"href":"https:\/\/venusdailleurs.fr\/index.php?rest_route=\/wp\/v2\/pages\/4609\/revisions\/4612"}],"wp:attachment":[{"href":"https:\/\/venusdailleurs.fr\/index.php?rest_route=%2Fwp%2Fv2%2Fmedia&parent=4609"}],"curies":[{"name":"wp","href":"https:\/\/api.w.org\/{rel}","templated":true}]}}