{"id":4532,"date":"2025-11-08T00:10:57","date_gmt":"2025-11-07T23:10:57","guid":{"rendered":"https:\/\/venusdailleurs.fr\/?page_id=4532"},"modified":"2025-11-08T00:10:57","modified_gmt":"2025-11-07T23:10:57","slug":"critique-dart","status":"publish","type":"page","link":"https:\/\/venusdailleurs.fr\/?page_id=4532","title":{"rendered":"Critique d&rsquo;Art"},"content":{"rendered":"\n<p>Ren\u00e9 Crevel<\/p>\n\n\n\n<p><\/p>\n\n\n\n<figure class=\"wp-block-image size-full\"><img decoding=\"async\" loading=\"lazy\" width=\"511\" height=\"666\" src=\"https:\/\/venusdailleurs.fr\/wp-content\/uploads\/2025\/11\/Crevel-critique-dart.jpg\" alt=\"\" class=\"wp-image-4533\" srcset=\"https:\/\/venusdailleurs.fr\/wp-content\/uploads\/2025\/11\/Crevel-critique-dart.jpg 511w, https:\/\/venusdailleurs.fr\/wp-content\/uploads\/2025\/11\/Crevel-critique-dart-230x300.jpg 230w\" sizes=\"(max-width: 511px) 100vw, 511px\" \/><\/figure>\n\n\n\n<p><\/p>\n\n\n\n<p>recueil d&rsquo;articles :<\/p>\n\n\n\n<p><em>Critique d\u2019Art<br>Surr\u00e9alisme<br>R\u00e9ponse \u00e0 l\u2019enqu\u00eate sur l\u2019anti-po\u00e9sie<br>L\u2019Enfance de l\u2019art <br>Discours aux peintres <br>Merci, Giorgio de Chirico<br>Histoire naturelle par Max Ernst<br>Pr\u00e9face au Catalogue d\u2019une exposition Ernst<br>L\u2019Art dans l\u2019ombre de la maison brune<br>Dal\u00ed ou l\u2019anti-obscurantisme<br>Nouvelles vues sur Dal\u00ed et l\u2019obscurantisme<\/em><\/p>\n\n\n\n<p><\/p>\n\n\n\n<p><\/p>\n\n\n\n<p>14 x 18 cm &#8211; 76 pages<\/p>\n\n\n\n<p><a href=\"https:\/\/venus-dailleurs.sumupstore.com\/product\/critique-d-art\">COMMANDER<\/a><\/p>\n\n\n\n<p><br><\/p>\n","protected":false},"excerpt":{"rendered":"<p>Ren\u00e9 Crevel recueil d&rsquo;articles : Critique d\u2019ArtSurr\u00e9alismeR\u00e9ponse \u00e0 l\u2019enqu\u00eate sur l\u2019anti-po\u00e9sieL\u2019Enfance de l\u2019art Discours aux peintres Merci, Giorgio de ChiricoHistoire naturelle par Max ErnstPr\u00e9face au Catalogue d\u2019une exposition ErnstL\u2019Art dans l\u2019ombre de la maison bruneDal\u00ed ou l\u2019anti-obscurantismeNouvelles vues sur Dal\u00ed et l\u2019obscurantisme 14 x 18 cm &#8211; 76 pages COMMANDER<\/p>\n","protected":false},"author":1,"featured_media":0,"parent":0,"menu_order":0,"comment_status":"closed","ping_status":"closed","template":"","meta":[],"_links":{"self":[{"href":"https:\/\/venusdailleurs.fr\/index.php?rest_route=\/wp\/v2\/pages\/4532"}],"collection":[{"href":"https:\/\/venusdailleurs.fr\/index.php?rest_route=\/wp\/v2\/pages"}],"about":[{"href":"https:\/\/venusdailleurs.fr\/index.php?rest_route=\/wp\/v2\/types\/page"}],"author":[{"embeddable":true,"href":"https:\/\/venusdailleurs.fr\/index.php?rest_route=\/wp\/v2\/users\/1"}],"replies":[{"embeddable":true,"href":"https:\/\/venusdailleurs.fr\/index.php?rest_route=%2Fwp%2Fv2%2Fcomments&post=4532"}],"version-history":[{"count":1,"href":"https:\/\/venusdailleurs.fr\/index.php?rest_route=\/wp\/v2\/pages\/4532\/revisions"}],"predecessor-version":[{"id":4534,"href":"https:\/\/venusdailleurs.fr\/index.php?rest_route=\/wp\/v2\/pages\/4532\/revisions\/4534"}],"wp:attachment":[{"href":"https:\/\/venusdailleurs.fr\/index.php?rest_route=%2Fwp%2Fv2%2Fmedia&parent=4532"}],"curies":[{"name":"wp","href":"https:\/\/api.w.org\/{rel}","templated":true}]}}