{"id":4518,"date":"2025-11-06T22:40:04","date_gmt":"2025-11-06T21:40:04","guid":{"rendered":"https:\/\/venusdailleurs.fr\/?page_id=4518"},"modified":"2025-11-06T22:40:04","modified_gmt":"2025-11-06T21:40:04","slug":"la-morale-anarchiste","status":"publish","type":"page","link":"https:\/\/venusdailleurs.fr\/?page_id=4518","title":{"rendered":"La morale anarchiste"},"content":{"rendered":"\n<p><strong>Pierre Kropotkine<\/strong><\/p>\n\n\n\n<figure class=\"wp-block-image size-full\"><img decoding=\"async\" loading=\"lazy\" width=\"511\" height=\"666\" src=\"https:\/\/venusdailleurs.fr\/wp-content\/uploads\/2025\/11\/idea-anar.jpg\" alt=\"\" class=\"wp-image-4519\" srcset=\"https:\/\/venusdailleurs.fr\/wp-content\/uploads\/2025\/11\/idea-anar.jpg 511w, https:\/\/venusdailleurs.fr\/wp-content\/uploads\/2025\/11\/idea-anar-230x300.jpg 230w\" sizes=\"(max-width: 511px) 100vw, 511px\" \/><\/figure>\n\n\n\n<p><\/p>\n\n\n\n<p>L\u2019histoire de la pens\u00e9e humaine rappelle les oscillations du pendule, et ces oscillations durent d\u00e9j\u00e0 depuis des si\u00e8cles. Apr\u00e8s une longue p\u00e9riode de sommeil arrive un moment de r\u00e9veil. Alors la pens\u00e9e s\u2019affranchit des cha\u00eenes dont tous les int\u00e9ress\u00e9s \u2013 gouvernants, hommes de loi, clerg\u00e9 \u2013 l\u2019avaient soigneusement entortill\u00e9e. Elle les brise. Elle soumet \u00e0 une critique s\u00e9v\u00e8re tout ce qu\u2019on lui avait enseign\u00e9 et met \u00e0 nu le vide des pr\u00e9jug\u00e9s religieux, politiques, l\u00e9gaux et sociaux, au sein desquels elle avait v\u00e9g\u00e9t\u00e9. Elle lance la recherche dans des voies inconnues, enrichit notre savoir de d\u00e9couvertes impr\u00e9vues ; elle cr\u00e9e des sciences nouvelles.<br>Mais l\u2019ennemi inv\u00e9t\u00e9r\u00e9 de la pens\u00e9e \u2013 le gouvernant, l\u2019homme de loi, le religieux \u2013 se rel\u00e8vent bient\u00f4t de la d\u00e9faite. Ils rassemblent peu \u00e0 peu leurs forces diss\u00e9min\u00e9es ; ils rajeunissent leur foi et leurs codes en les adaptant \u00e0 quelques besoins nouveaux. Et, profitant de ce servilisme du caract\u00e8re et de la pens\u00e9e qu\u2019ils avaient si bien cultiv\u00e9 eux-m\u00eames, profitant de la d\u00e9sorganisation momentan\u00e9e de la soci\u00e9t\u00e9, exploitant le besoin de repos des uns, la soif de s\u2019enrichir des autres, les esp\u00e9rances tromp\u00e9es des troisi\u00e8mes \u2013 surtout les esp\u00e9rances tromp\u00e9es \u2013 ils se remettent doucement \u00e0 leur \u0153uvre en s\u2019emparant d\u2019abord de l\u2019enfance par l\u2019\u00e9ducation.<\/p>\n\n\n\n<p><\/p>\n\n\n\n<p>60 pages 14\u00d718 cm.<\/p>\n\n\n\n<p>8 \u20ac<\/p>\n\n\n\n<p><a href=\"https:\/\/venus-dailleurs.sumupstore.com\/product\/la-morale-anarchiste\">COMMANDER<\/a><\/p>\n\n\n\n<p><\/p>\n","protected":false},"excerpt":{"rendered":"<p>Pierre Kropotkine L\u2019histoire de la pens\u00e9e humaine rappelle les oscillations du pendule, et ces oscillations durent d\u00e9j\u00e0 depuis des si\u00e8cles. Apr\u00e8s une longue p\u00e9riode de sommeil arrive un moment de r\u00e9veil. Alors la pens\u00e9e s\u2019affranchit des cha\u00eenes dont tous les int\u00e9ress\u00e9s \u2013 gouvernants, hommes de loi, clerg\u00e9 \u2013 l\u2019avaient soigneusement entortill\u00e9e. Elle les brise. Elle &hellip; <a href=\"https:\/\/venusdailleurs.fr\/?page_id=4518\" class=\"more-link\">Continuer la lecture de <span class=\"screen-reader-text\">La morale anarchiste<\/span><\/a><\/p>\n","protected":false},"author":1,"featured_media":0,"parent":0,"menu_order":0,"comment_status":"closed","ping_status":"closed","template":"","meta":[],"_links":{"self":[{"href":"https:\/\/venusdailleurs.fr\/index.php?rest_route=\/wp\/v2\/pages\/4518"}],"collection":[{"href":"https:\/\/venusdailleurs.fr\/index.php?rest_route=\/wp\/v2\/pages"}],"about":[{"href":"https:\/\/venusdailleurs.fr\/index.php?rest_route=\/wp\/v2\/types\/page"}],"author":[{"embeddable":true,"href":"https:\/\/venusdailleurs.fr\/index.php?rest_route=\/wp\/v2\/users\/1"}],"replies":[{"embeddable":true,"href":"https:\/\/venusdailleurs.fr\/index.php?rest_route=%2Fwp%2Fv2%2Fcomments&post=4518"}],"version-history":[{"count":1,"href":"https:\/\/venusdailleurs.fr\/index.php?rest_route=\/wp\/v2\/pages\/4518\/revisions"}],"predecessor-version":[{"id":4520,"href":"https:\/\/venusdailleurs.fr\/index.php?rest_route=\/wp\/v2\/pages\/4518\/revisions\/4520"}],"wp:attachment":[{"href":"https:\/\/venusdailleurs.fr\/index.php?rest_route=%2Fwp%2Fv2%2Fmedia&parent=4518"}],"curies":[{"name":"wp","href":"https:\/\/api.w.org\/{rel}","templated":true}]}}