{"id":4450,"date":"2025-09-24T17:38:28","date_gmt":"2025-09-24T15:38:28","guid":{"rendered":"https:\/\/venusdailleurs.fr\/?page_id=4450"},"modified":"2025-11-14T17:24:14","modified_gmt":"2025-11-14T16:24:14","slug":"halo-n2","status":"publish","type":"page","link":"https:\/\/venusdailleurs.fr\/?page_id=4450","title":{"rendered":"HALO n\u00b02"},"content":{"rendered":"\n<p><em>(&#8230;) Mon moi n\u2019est pas humain<br>Nul homme ne peut m\u2019acheter<br>Nul homme ne peut me lib\u00e9rer<br>Je suis une serrure sans clef<br>Singularit\u00e9.<\/em><\/p>\n\n\n\n<p>William Burroughs, <em>Les terres occidentales<\/em><\/p>\n\n\n\n<figure class=\"wp-block-image size-large is-resized\"><img decoding=\"async\" loading=\"lazy\" src=\"http:\/\/venusdailleurs.fr\/wp-content\/uploads\/2025\/09\/couv-HALO-2-2-683x1024.jpg\" alt=\"\" class=\"wp-image-4454\" width=\"473\" height=\"709\" srcset=\"https:\/\/venusdailleurs.fr\/wp-content\/uploads\/2025\/09\/couv-HALO-2-2-683x1024.jpg 683w, https:\/\/venusdailleurs.fr\/wp-content\/uploads\/2025\/09\/couv-HALO-2-2-200x300.jpg 200w, https:\/\/venusdailleurs.fr\/wp-content\/uploads\/2025\/09\/couv-HALO-2-2-768x1152.jpg 768w, https:\/\/venusdailleurs.fr\/wp-content\/uploads\/2025\/09\/couv-HALO-2-2-1024x1536.jpg 1024w, https:\/\/venusdailleurs.fr\/wp-content\/uploads\/2025\/09\/couv-HALO-2-2-1365x2048.jpg 1365w, https:\/\/venusdailleurs.fr\/wp-content\/uploads\/2025\/09\/couv-HALO-2-2-scaled.jpg 1707w\" sizes=\"(max-width: 473px) 100vw, 473px\" \/><\/figure>\n\n\n\n<p>SOMMAIRE<\/p>\n\n\n\n<p>Ren\u00e9 Alleau, <em>Les voiles f\u00e9eriques de la voie<\/em><\/p>\n\n\n\n<p>Bruno Barnab\u00e9, <em>Sergio Lima, Les \u00eeles restantes<\/em><\/p>\n\n\n\n<p>Yoan Armand Gil, <em>Debout sur l\u2019Oeuf : Entretien avec Miguel de Carvalho<\/em><\/p>\n\n\n\n<p>Jean Binder,<em> Gilbert L\u00e9ly, Lucien Coutaud et Sade<\/em><\/p>\n\n\n\n<p>Natan Sch\u00e4fer, <em>Anne Ethuin : de face et de profil<\/em><\/p>\n\n\n\n<p>Patrice Conti, <em>Endre Rozsda, \u00ab Rencontre \u00bb<\/em><\/p>\n\n\n\n<p>Julie Borgeaud, <em>Ray Johnson, enqu\u00eate de sens<\/em><\/p>\n\n\n\n<p>Michel Minnekeer, <em>Quand la po\u00e9sie bat pavillon noir\u2026<\/em><\/p>\n\n\n\n<p>Patrick Lepetit, <em>Gnosticisme &amp; surr\u00e9alisme, pr\u00e9figuration<\/em><\/p>\n\n\n\n<p>Aristide Gripon, <em>Marcel Duchamp \u00ab&nbsp;par la voie des airs&nbsp;\u00bb<\/em><\/p>\n\n\n\n<p>David Nadeau, <em>Fabienne Havard et son rouleau Alchimique<\/em><\/p>\n\n\n\n<p><strong>Liber galerie<\/strong> : Aur\u00e9lie Aura, Bruno Barnab\u00e9, Michel Cadi\u00e8re, Yoan Armand Gil, Aristide Gripon, Rik Lina, Olivier Orus, Natan Sch\u00e4fer, Yves Reynier.<\/p>\n\n\n\n<p>168 pages. 17 x 27 cm. 20 \u20ac<\/p>\n\n\n\n<p><a href=\"https:\/\/venus-dailleurs.sumupstore.com\/product\/halo-n02\">COMMANDER<\/a> le num\u00e9ro<\/p>\n\n\n\n<p><a href=\"https:\/\/venus-dailleurs.sumupstore.com\/product\/halo-n01-and-2\">COMMANDER deux num\u00e9ros<\/a><\/p>\n\n\n\n<p><a href=\"https:\/\/venus-dailleurs.sumupstore.com\/product\/halo-1-and-2-hors-serie\">COMMANDER deux num\u00e9ros + HS<\/a><\/p>\n\n\n\n<p><\/p>\n","protected":false},"excerpt":{"rendered":"<p>(&#8230;) Mon moi n\u2019est pas humainNul homme ne peut m\u2019acheterNul homme ne peut me lib\u00e9rerJe suis une serrure sans clefSingularit\u00e9. William Burroughs, Les terres occidentales SOMMAIRE Ren\u00e9 Alleau, Les voiles f\u00e9eriques de la voie Bruno Barnab\u00e9, Sergio Lima, Les \u00eeles restantes Yoan Armand Gil, Debout sur l\u2019Oeuf : Entretien avec Miguel de Carvalho Jean Binder, &hellip; <a href=\"https:\/\/venusdailleurs.fr\/?page_id=4450\" class=\"more-link\">Continuer la lecture de <span class=\"screen-reader-text\">HALO n\u00b02<\/span><\/a><\/p>\n","protected":false},"author":1,"featured_media":0,"parent":0,"menu_order":0,"comment_status":"closed","ping_status":"closed","template":"","meta":[],"_links":{"self":[{"href":"https:\/\/venusdailleurs.fr\/index.php?rest_route=\/wp\/v2\/pages\/4450"}],"collection":[{"href":"https:\/\/venusdailleurs.fr\/index.php?rest_route=\/wp\/v2\/pages"}],"about":[{"href":"https:\/\/venusdailleurs.fr\/index.php?rest_route=\/wp\/v2\/types\/page"}],"author":[{"embeddable":true,"href":"https:\/\/venusdailleurs.fr\/index.php?rest_route=\/wp\/v2\/users\/1"}],"replies":[{"embeddable":true,"href":"https:\/\/venusdailleurs.fr\/index.php?rest_route=%2Fwp%2Fv2%2Fcomments&post=4450"}],"version-history":[{"count":5,"href":"https:\/\/venusdailleurs.fr\/index.php?rest_route=\/wp\/v2\/pages\/4450\/revisions"}],"predecessor-version":[{"id":4560,"href":"https:\/\/venusdailleurs.fr\/index.php?rest_route=\/wp\/v2\/pages\/4450\/revisions\/4560"}],"wp:attachment":[{"href":"https:\/\/venusdailleurs.fr\/index.php?rest_route=%2Fwp%2Fv2%2Fmedia&parent=4450"}],"curies":[{"name":"wp","href":"https:\/\/api.w.org\/{rel}","templated":true}]}}