{"id":4366,"date":"2025-08-25T16:05:03","date_gmt":"2025-08-25T14:05:03","guid":{"rendered":"https:\/\/venusdailleurs.fr\/?page_id=4366"},"modified":"2025-08-25T16:05:03","modified_gmt":"2025-08-25T14:05:03","slug":"petite-histoire-du-carnaval-lyonnais","status":"publish","type":"page","link":"https:\/\/venusdailleurs.fr\/?page_id=4366","title":{"rendered":"Petite histoire du Carnaval Lyonnais"},"content":{"rendered":"\n<p><strong>Joseph Grobon<\/strong><\/p>\n\n\n\n<figure class=\"wp-block-image size-full is-resized\"><img decoding=\"async\" loading=\"lazy\" src=\"https:\/\/venusdailleurs.fr\/wp-content\/uploads\/2025\/08\/Petite-histoire-du-carnaval-lyonnais.jpg\" alt=\"\" class=\"wp-image-4367\" width=\"505\" height=\"670\" srcset=\"https:\/\/venusdailleurs.fr\/wp-content\/uploads\/2025\/08\/Petite-histoire-du-carnaval-lyonnais.jpg 505w, https:\/\/venusdailleurs.fr\/wp-content\/uploads\/2025\/08\/Petite-histoire-du-carnaval-lyonnais-226x300.jpg 226w\" sizes=\"(max-width: 505px) 100vw, 505px\" \/><\/figure>\n\n\n\n<p>O\u00f9 sont les Carnavals d\u2019antan, saturnales renouvel\u00e9es de l\u2019antiquit\u00e9 romaine, o\u00f9 la foule religieuse, les jours pr\u00e9c\u00e9dant le Car\u00eame, temps du repentir, et pour dire adieu \u00e0 la chair, se divertissait d\u2019une fa\u00e7on licencieuse\u00a0? Dans les \u00e9glises on pr\u00e9sentait des myst\u00e8res, des farces que des allusions grossi\u00e8res avaient fait d\u00e9g\u00e9n\u00e9rer en v\u00e9ritables orgies. La procession de l\u2019\u00c2ne, tout \u00e0 fait s\u00e9rieuse pourtant, fut une de celles qui amen\u00e8rent le plus de d\u00e9bordements de la part des fid\u00e8les.<\/p>\n\n\n\n<p>Aux \u00e9poques de f\u00e9odalit\u00e9, le Carnaval avait un autre caract\u00e8re et les corporations en profitaient pour manifester leurs m\u00e9contentements et leurs d\u00e9sirs\u00a0: ces promenades, fac\u00e9ties et chevauch\u00e9es prenaient alors des proportions grandioses.<br>Celles de Lyon avaient une grande r\u00e9putation et, suivant en cela la loi des contrastes, la ville embrum\u00e9e, la ville <em>grise<\/em> fut au moyen \u00e2ge celle qui apportait le plus d\u2019entrain dans ses f\u00eates carnavalesques. La corporation des imprimeurs se distingua entre toutes\u00a0; nous avons les <em>calvalcades<\/em> des<em> Supposts du Seigneur de la Coquille<\/em>.<\/p>\n\n\n\n<p><\/p>\n\n\n\n<p>26 pages 14\u00d718 cm.<\/p>\n\n\n\n<p>8 \u20ac<\/p>\n\n\n\n<p><a href=\"https:\/\/venus-dailleurs.sumupstore.com\/article\/petite-histoire-du-carnaval-lyonnais\">COMMANDER<\/a><\/p>\n","protected":false},"excerpt":{"rendered":"<p>Joseph Grobon O\u00f9 sont les Carnavals d\u2019antan, saturnales renouvel\u00e9es de l\u2019antiquit\u00e9 romaine, o\u00f9 la foule religieuse, les jours pr\u00e9c\u00e9dant le Car\u00eame, temps du repentir, et pour dire adieu \u00e0 la chair, se divertissait d\u2019une fa\u00e7on licencieuse\u00a0? Dans les \u00e9glises on pr\u00e9sentait des myst\u00e8res, des farces que des allusions grossi\u00e8res avaient fait d\u00e9g\u00e9n\u00e9rer en v\u00e9ritables orgies. &hellip; <a href=\"https:\/\/venusdailleurs.fr\/?page_id=4366\" class=\"more-link\">Continuer la lecture de <span class=\"screen-reader-text\">Petite histoire du Carnaval Lyonnais<\/span><\/a><\/p>\n","protected":false},"author":1,"featured_media":0,"parent":0,"menu_order":0,"comment_status":"closed","ping_status":"closed","template":"","meta":[],"_links":{"self":[{"href":"https:\/\/venusdailleurs.fr\/index.php?rest_route=\/wp\/v2\/pages\/4366"}],"collection":[{"href":"https:\/\/venusdailleurs.fr\/index.php?rest_route=\/wp\/v2\/pages"}],"about":[{"href":"https:\/\/venusdailleurs.fr\/index.php?rest_route=\/wp\/v2\/types\/page"}],"author":[{"embeddable":true,"href":"https:\/\/venusdailleurs.fr\/index.php?rest_route=\/wp\/v2\/users\/1"}],"replies":[{"embeddable":true,"href":"https:\/\/venusdailleurs.fr\/index.php?rest_route=%2Fwp%2Fv2%2Fcomments&post=4366"}],"version-history":[{"count":1,"href":"https:\/\/venusdailleurs.fr\/index.php?rest_route=\/wp\/v2\/pages\/4366\/revisions"}],"predecessor-version":[{"id":4368,"href":"https:\/\/venusdailleurs.fr\/index.php?rest_route=\/wp\/v2\/pages\/4366\/revisions\/4368"}],"wp:attachment":[{"href":"https:\/\/venusdailleurs.fr\/index.php?rest_route=%2Fwp%2Fv2%2Fmedia&parent=4366"}],"curies":[{"name":"wp","href":"https:\/\/api.w.org\/{rel}","templated":true}]}}