{"id":4319,"date":"2025-04-08T23:40:55","date_gmt":"2025-04-08T21:40:55","guid":{"rendered":"https:\/\/venusdailleurs.fr\/?page_id=4319"},"modified":"2025-04-08T23:40:55","modified_gmt":"2025-04-08T21:40:55","slug":"verlaine-dessinateur","status":"publish","type":"page","link":"https:\/\/venusdailleurs.fr\/?page_id=4319","title":{"rendered":"Verlaine Dessinateur"},"content":{"rendered":"\n<p><strong>F\u00e9lix R\u00e9gamay<\/strong><\/p>\n\n\n\n<figure class=\"wp-block-image size-full\"><img decoding=\"async\" loading=\"lazy\" width=\"507\" height=\"658\" src=\"https:\/\/venusdailleurs.fr\/wp-content\/uploads\/2025\/04\/Verlaine-dessinateur-1.jpg\" alt=\"\" class=\"wp-image-4320\" srcset=\"https:\/\/venusdailleurs.fr\/wp-content\/uploads\/2025\/04\/Verlaine-dessinateur-1.jpg 507w, https:\/\/venusdailleurs.fr\/wp-content\/uploads\/2025\/04\/Verlaine-dessinateur-1-231x300.jpg 231w\" sizes=\"(max-width: 507px) 100vw, 507px\" \/><\/figure>\n\n\n\n<p>Il y eut en Verlaine, au d\u00e9but de sa carri\u00e8re, un grand dessinateur, g\u00e9n\u00e9ralement ignor\u00e9, s\u2019ignorant lui-m\u00eame.<br>Quiconque sait lire dans les images est frapp\u00e9 de la puissance d\u2019expression exceptionnelle qui s\u2019affirmait alors dans ses moindres croquis.<br>Les quelques planches qui figurent dans ce recueil suffiront \u00e0 le prouver.<br>De science, aucune ; nulles fioritures ; rien d\u2019inutile. Chaque coup porte, comme chez les ma\u00eetres japonais, o\u00f9 tout est accent, jusque dans le plus petit trait, et concourt \u00e0 l\u2019effet d\u2019ensemble.<br>Chez Verlaine, l\u2019artiste ne doit rien \u00e0 l\u2019\u00e9tude. Son dessin candide n\u2019est autre chose que l\u2019\u00e9manation directe de la pens\u00e9e, servie par une vision intense et le plus souvent sarcastique du monde des formes. Et la main, qui n\u2019a subi aucun exercice de dressage, dompt\u00e9e par le cerveau, se fait docile, et s\u2019\u00e9l\u00e8ve bien au-dessus des sempiternelles et fades redites calligraphiques des professionnels du chic.<\/p>\n\n\n\n<p>44 pages. 14&#215;18 cm<\/p>\n\n\n\n<p>8 \u20ac<\/p>\n\n\n\n<p><a href=\"https:\/\/venus-dailleurs.sumupstore.com\/article\/verlaine-dessinateur\">COMMANDER<\/a><\/p>\n","protected":false},"excerpt":{"rendered":"<p>F\u00e9lix R\u00e9gamay Il y eut en Verlaine, au d\u00e9but de sa carri\u00e8re, un grand dessinateur, g\u00e9n\u00e9ralement ignor\u00e9, s\u2019ignorant lui-m\u00eame.Quiconque sait lire dans les images est frapp\u00e9 de la puissance d\u2019expression exceptionnelle qui s\u2019affirmait alors dans ses moindres croquis.Les quelques planches qui figurent dans ce recueil suffiront \u00e0 le prouver.De science, aucune ; nulles fioritures ; &hellip; <a href=\"https:\/\/venusdailleurs.fr\/?page_id=4319\" class=\"more-link\">Continuer la lecture de <span class=\"screen-reader-text\">Verlaine Dessinateur<\/span><\/a><\/p>\n","protected":false},"author":1,"featured_media":0,"parent":0,"menu_order":0,"comment_status":"closed","ping_status":"closed","template":"","meta":[],"_links":{"self":[{"href":"https:\/\/venusdailleurs.fr\/index.php?rest_route=\/wp\/v2\/pages\/4319"}],"collection":[{"href":"https:\/\/venusdailleurs.fr\/index.php?rest_route=\/wp\/v2\/pages"}],"about":[{"href":"https:\/\/venusdailleurs.fr\/index.php?rest_route=\/wp\/v2\/types\/page"}],"author":[{"embeddable":true,"href":"https:\/\/venusdailleurs.fr\/index.php?rest_route=\/wp\/v2\/users\/1"}],"replies":[{"embeddable":true,"href":"https:\/\/venusdailleurs.fr\/index.php?rest_route=%2Fwp%2Fv2%2Fcomments&post=4319"}],"version-history":[{"count":1,"href":"https:\/\/venusdailleurs.fr\/index.php?rest_route=\/wp\/v2\/pages\/4319\/revisions"}],"predecessor-version":[{"id":4321,"href":"https:\/\/venusdailleurs.fr\/index.php?rest_route=\/wp\/v2\/pages\/4319\/revisions\/4321"}],"wp:attachment":[{"href":"https:\/\/venusdailleurs.fr\/index.php?rest_route=%2Fwp%2Fv2%2Fmedia&parent=4319"}],"curies":[{"name":"wp","href":"https:\/\/api.w.org\/{rel}","templated":true}]}}