{"id":4313,"date":"2025-04-08T23:32:08","date_gmt":"2025-04-08T21:32:08","guid":{"rendered":"https:\/\/venusdailleurs.fr\/?page_id=4313"},"modified":"2025-04-08T23:32:08","modified_gmt":"2025-04-08T21:32:08","slug":"lanarchie-litteraire","status":"publish","type":"page","link":"https:\/\/venusdailleurs.fr\/?page_id=4313","title":{"rendered":"L&rsquo;anarchie litt\u00e9raire"},"content":{"rendered":"\n<p><strong>Anatole Baju<\/strong><\/p>\n\n\n\n<figure class=\"wp-block-image size-full\"><img decoding=\"async\" loading=\"lazy\" width=\"507\" height=\"658\" src=\"https:\/\/venusdailleurs.fr\/wp-content\/uploads\/2025\/04\/Lanarchie-litteraire-1.jpg\" alt=\"\" class=\"wp-image-4314\" srcset=\"https:\/\/venusdailleurs.fr\/wp-content\/uploads\/2025\/04\/Lanarchie-litteraire-1.jpg 507w, https:\/\/venusdailleurs.fr\/wp-content\/uploads\/2025\/04\/Lanarchie-litteraire-1-231x300.jpg 231w\" sizes=\"(max-width: 507px) 100vw, 507px\" \/><\/figure>\n\n\n\n<p>Les diff\u00e9rentes \u00e9coles :<br>Les d\u00e9cadents, les symbolistes, les romans,<br>les instrumentistes, les magiques,<br>les magnifiques, les anarchistes,<br>les socialistes, etc.<br>1892<\/p>\n\n\n\n<p>52 pages. 14&#215;18 cm<\/p>\n\n\n\n<p>8 \u20ac<\/p>\n\n\n\n<p><a href=\"https:\/\/venus-dailleurs.sumupstore.com\/article\/l-anarchie-litteraire\">COMMANDER<\/a><\/p>\n","protected":false},"excerpt":{"rendered":"<p>Anatole Baju Les diff\u00e9rentes \u00e9coles :Les d\u00e9cadents, les symbolistes, les romans,les instrumentistes, les magiques,les magnifiques, les anarchistes,les socialistes, etc.1892 52 pages. 14&#215;18 cm 8 \u20ac COMMANDER<\/p>\n","protected":false},"author":1,"featured_media":0,"parent":0,"menu_order":0,"comment_status":"closed","ping_status":"closed","template":"","meta":[],"_links":{"self":[{"href":"https:\/\/venusdailleurs.fr\/index.php?rest_route=\/wp\/v2\/pages\/4313"}],"collection":[{"href":"https:\/\/venusdailleurs.fr\/index.php?rest_route=\/wp\/v2\/pages"}],"about":[{"href":"https:\/\/venusdailleurs.fr\/index.php?rest_route=\/wp\/v2\/types\/page"}],"author":[{"embeddable":true,"href":"https:\/\/venusdailleurs.fr\/index.php?rest_route=\/wp\/v2\/users\/1"}],"replies":[{"embeddable":true,"href":"https:\/\/venusdailleurs.fr\/index.php?rest_route=%2Fwp%2Fv2%2Fcomments&post=4313"}],"version-history":[{"count":1,"href":"https:\/\/venusdailleurs.fr\/index.php?rest_route=\/wp\/v2\/pages\/4313\/revisions"}],"predecessor-version":[{"id":4315,"href":"https:\/\/venusdailleurs.fr\/index.php?rest_route=\/wp\/v2\/pages\/4313\/revisions\/4315"}],"wp:attachment":[{"href":"https:\/\/venusdailleurs.fr\/index.php?rest_route=%2Fwp%2Fv2%2Fmedia&parent=4313"}],"curies":[{"name":"wp","href":"https:\/\/api.w.org\/{rel}","templated":true}]}}