{"id":4310,"date":"2025-04-08T23:29:18","date_gmt":"2025-04-08T21:29:18","guid":{"rendered":"https:\/\/venusdailleurs.fr\/?page_id=4310"},"modified":"2025-04-08T23:29:18","modified_gmt":"2025-04-08T21:29:18","slug":"la-presse-incoherente","status":"publish","type":"page","link":"https:\/\/venusdailleurs.fr\/?page_id=4310","title":{"rendered":"La presse Incoh\u00e9rente"},"content":{"rendered":"\n<figure class=\"wp-block-image size-large\"><img decoding=\"async\" loading=\"lazy\" width=\"748\" height=\"1024\" src=\"https:\/\/venusdailleurs.fr\/wp-content\/uploads\/2025\/04\/La-presse-incoherente-1-748x1024.jpg\" alt=\"\" class=\"wp-image-4311\" srcset=\"https:\/\/venusdailleurs.fr\/wp-content\/uploads\/2025\/04\/La-presse-incoherente-1-748x1024.jpg 748w, https:\/\/venusdailleurs.fr\/wp-content\/uploads\/2025\/04\/La-presse-incoherente-1-219x300.jpg 219w, https:\/\/venusdailleurs.fr\/wp-content\/uploads\/2025\/04\/La-presse-incoherente-1-768x1052.jpg 768w, https:\/\/venusdailleurs.fr\/wp-content\/uploads\/2025\/04\/La-presse-incoherente-1-1122x1536.jpg 1122w, https:\/\/venusdailleurs.fr\/wp-content\/uploads\/2025\/04\/La-presse-incoherente-1-1496x2048.jpg 1496w, https:\/\/venusdailleurs.fr\/wp-content\/uploads\/2025\/04\/La-presse-incoherente-1-scaled.jpg 1869w\" sizes=\"(max-width: 748px) 100vw, 748px\" \/><\/figure>\n\n\n\n<p>L\u2019incoh\u00e9rence ayant s\u00e9vi de 1882 \u00e0 1893 \u2013 faisant fi du s\u00e9rieux et l\u2019ayant \u00e9rig\u00e9 comme principe de fond \u2013 n\u2019a laiss\u00e9 que peu de traces de \u00ab l\u2019art \u00bb qu\u2019elle a pu produire. En dehors des publications, livres et catalogues successifs, et quelques rares (et pol\u00e9miques) \u0153uvres retrouv\u00e9es, seule la presse de l\u2019\u00e9poque est aujourd\u2019hui en mesure de nous offrir encore quelques lumi\u00e8res sur la natures des \u0153uvres expos\u00e9es et de nous permettre d\u2019en toucher l\u2019esprit.<br>Dans ce pr\u00e9sent ouvrage, nous proposons de compiler plusieurs parutions, essentiellement \u00e9dit\u00e9es dans le Courrier Fran\u00e7ais qui f\u00fbt un des principaux partenaires des incoh\u00e9rents.<\/p>\n\n\n\n<p><\/p>\n\n\n\n<p>92 pages N &amp; B. 10&#215;28 cm<\/p>\n\n\n\n<p>16 \u20ac<\/p>\n\n\n\n<p><a href=\"https:\/\/venus-dailleurs.sumupstore.com\/article\/la-presse-incoherente\">COMMANDER<\/a><\/p>\n","protected":false},"excerpt":{"rendered":"<p>L\u2019incoh\u00e9rence ayant s\u00e9vi de 1882 \u00e0 1893 \u2013 faisant fi du s\u00e9rieux et l\u2019ayant \u00e9rig\u00e9 comme principe de fond \u2013 n\u2019a laiss\u00e9 que peu de traces de \u00ab l\u2019art \u00bb qu\u2019elle a pu produire. En dehors des publications, livres et catalogues successifs, et quelques rares (et pol\u00e9miques) \u0153uvres retrouv\u00e9es, seule la presse de l\u2019\u00e9poque est &hellip; <a href=\"https:\/\/venusdailleurs.fr\/?page_id=4310\" class=\"more-link\">Continuer la lecture de <span class=\"screen-reader-text\">La presse Incoh\u00e9rente<\/span><\/a><\/p>\n","protected":false},"author":1,"featured_media":0,"parent":0,"menu_order":0,"comment_status":"closed","ping_status":"closed","template":"","meta":[],"_links":{"self":[{"href":"https:\/\/venusdailleurs.fr\/index.php?rest_route=\/wp\/v2\/pages\/4310"}],"collection":[{"href":"https:\/\/venusdailleurs.fr\/index.php?rest_route=\/wp\/v2\/pages"}],"about":[{"href":"https:\/\/venusdailleurs.fr\/index.php?rest_route=\/wp\/v2\/types\/page"}],"author":[{"embeddable":true,"href":"https:\/\/venusdailleurs.fr\/index.php?rest_route=\/wp\/v2\/users\/1"}],"replies":[{"embeddable":true,"href":"https:\/\/venusdailleurs.fr\/index.php?rest_route=%2Fwp%2Fv2%2Fcomments&post=4310"}],"version-history":[{"count":1,"href":"https:\/\/venusdailleurs.fr\/index.php?rest_route=\/wp\/v2\/pages\/4310\/revisions"}],"predecessor-version":[{"id":4312,"href":"https:\/\/venusdailleurs.fr\/index.php?rest_route=\/wp\/v2\/pages\/4310\/revisions\/4312"}],"wp:attachment":[{"href":"https:\/\/venusdailleurs.fr\/index.php?rest_route=%2Fwp%2Fv2%2Fmedia&parent=4310"}],"curies":[{"name":"wp","href":"https:\/\/api.w.org\/{rel}","templated":true}]}}