{"id":4152,"date":"2024-11-29T10:34:39","date_gmt":"2024-11-29T09:34:39","guid":{"rendered":"https:\/\/venusdailleurs.fr\/?page_id=4152"},"modified":"2024-11-29T10:34:39","modified_gmt":"2024-11-29T09:34:39","slug":"laurent-albarracin","status":"publish","type":"page","link":"https:\/\/venusdailleurs.fr\/?page_id=4152","title":{"rendered":"Laurent Albarracin"},"content":{"rendered":"\n<p>Laurent Albarracin est n\u00e9 en 1970 \u00e0 Angers.<br>Il vit en Corr\u00e8ze depuis pr\u00e8s de 30 ans.<br>Il anime les \u00e9ditions Le Cadran lign\u00e9 et, avec Pierre Vinclair et Guillaume Condello, la revue Catastrophes.<\/p>\n\n\n\n<p><strong><mark style=\"background-color:rgba(0, 0, 0, 0)\" class=\"has-inline-color has-medium-pink-color\">Site <\/mark><\/strong>: <a href=\"https:\/\/fr.wikipedia.org\/wiki\/Laurent_Albarracin\">Wiki<\/a><\/p>\n\n\n\n<p><a href=\"https:\/\/revuecatastrophes.wordpress.com\/\">Revue Catastrophes<\/a><\/p>\n\n\n\n<p><a href=\"https:\/\/lecadranligne.wordpress.com\/\">Le cadran lign\u00e9<\/a><\/p>\n\n\n\n<p><strong><mark style=\"background-color:rgba(0, 0, 0, 0)\" class=\"has-inline-color has-medium-pink-color\">Ouvrages <\/mark><\/strong>:<\/p>\n\n\n\n<p><a href=\"https:\/\/venusdailleurs.fr\/?page_id=3865\" data-type=\"page\" data-id=\"3865\">\u00e0 flanc d&rsquo;ab\u00eeme<\/a><\/p>\n\n\n\n<p><a href=\"https:\/\/venusdailleurs.fr\/?page_id=4145\" data-type=\"page\" data-id=\"4145\">La boite \u00e0 proverbes<\/a><\/p>\n","protected":false},"excerpt":{"rendered":"<p>Laurent Albarracin est n\u00e9 en 1970 \u00e0 Angers.Il vit en Corr\u00e8ze depuis pr\u00e8s de 30 ans.Il anime les \u00e9ditions Le Cadran lign\u00e9 et, avec Pierre Vinclair et Guillaume Condello, la revue Catastrophes. Site : Wiki Revue Catastrophes Le cadran lign\u00e9 Ouvrages : \u00e0 flanc d&rsquo;ab\u00eeme La boite \u00e0 proverbes<\/p>\n","protected":false},"author":1,"featured_media":0,"parent":0,"menu_order":0,"comment_status":"closed","ping_status":"closed","template":"","meta":[],"_links":{"self":[{"href":"https:\/\/venusdailleurs.fr\/index.php?rest_route=\/wp\/v2\/pages\/4152"}],"collection":[{"href":"https:\/\/venusdailleurs.fr\/index.php?rest_route=\/wp\/v2\/pages"}],"about":[{"href":"https:\/\/venusdailleurs.fr\/index.php?rest_route=\/wp\/v2\/types\/page"}],"author":[{"embeddable":true,"href":"https:\/\/venusdailleurs.fr\/index.php?rest_route=\/wp\/v2\/users\/1"}],"replies":[{"embeddable":true,"href":"https:\/\/venusdailleurs.fr\/index.php?rest_route=%2Fwp%2Fv2%2Fcomments&post=4152"}],"version-history":[{"count":1,"href":"https:\/\/venusdailleurs.fr\/index.php?rest_route=\/wp\/v2\/pages\/4152\/revisions"}],"predecessor-version":[{"id":4153,"href":"https:\/\/venusdailleurs.fr\/index.php?rest_route=\/wp\/v2\/pages\/4152\/revisions\/4153"}],"wp:attachment":[{"href":"https:\/\/venusdailleurs.fr\/index.php?rest_route=%2Fwp%2Fv2%2Fmedia&parent=4152"}],"curies":[{"name":"wp","href":"https:\/\/api.w.org\/{rel}","templated":true}]}}