{"id":4082,"date":"2024-09-08T13:30:21","date_gmt":"2024-09-08T11:30:21","guid":{"rendered":"https:\/\/venusdailleurs.fr\/?page_id=4082"},"modified":"2024-09-08T13:30:21","modified_gmt":"2024-09-08T11:30:21","slug":"le-voyage-lunaire","status":"publish","type":"page","link":"https:\/\/venusdailleurs.fr\/?page_id=4082","title":{"rendered":"Le voyage Lunaire"},"content":{"rendered":"\n<p>Malcolm de Chazal<\/p>\n\n\n\n<figure class=\"wp-block-image size-full\"><img decoding=\"async\" loading=\"lazy\" width=\"504\" height=\"678\" src=\"https:\/\/venusdailleurs.fr\/wp-content\/uploads\/2024\/09\/chazal3.jpg\" alt=\"\" class=\"wp-image-4083\" srcset=\"https:\/\/venusdailleurs.fr\/wp-content\/uploads\/2024\/09\/chazal3.jpg 504w, https:\/\/venusdailleurs.fr\/wp-content\/uploads\/2024\/09\/chazal3-223x300.jpg 223w\" sizes=\"(max-width: 504px) 100vw, 504px\" \/><\/figure>\n\n\n\n<p><em>Le Voyage Lunaire<\/em>, entretien avec Bernard Violet, 1968<br><em>Les champs po\u00e9tiques<\/em> : Compilation des Archives Sonores<br>de la Litt\u00e9rature Noire et de l\u2019oc\u00e9an Indien.<br>Interviews de Fran\u00e7oise Logier, Yves Loiseau<br>et Wadja Rostoucha (Radio diffusion Maurice)<br><em>L\u2019\u00catre cosmique et le nouveau sacr\u00e9<\/em>, Question de, 1975<\/p>\n\n\n\n<p>58 pages 14\u00d718 cm.<\/p>\n\n\n\n<p>8 \u20ac<\/p>\n\n\n\n<p><a href=\"https:\/\/venus-dailleurs.sumupstore.com\/article\/le-voyage-lunaire\">COMMANDER<\/a><\/p>\n","protected":false},"excerpt":{"rendered":"<p>Malcolm de Chazal Le Voyage Lunaire, entretien avec Bernard Violet, 1968Les champs po\u00e9tiques : Compilation des Archives Sonoresde la Litt\u00e9rature Noire et de l\u2019oc\u00e9an Indien.Interviews de Fran\u00e7oise Logier, Yves Loiseauet Wadja Rostoucha (Radio diffusion Maurice)L\u2019\u00catre cosmique et le nouveau sacr\u00e9, Question de, 1975 58 pages 14\u00d718 cm. 8 \u20ac COMMANDER<\/p>\n","protected":false},"author":1,"featured_media":0,"parent":0,"menu_order":0,"comment_status":"closed","ping_status":"closed","template":"","meta":[],"_links":{"self":[{"href":"https:\/\/venusdailleurs.fr\/index.php?rest_route=\/wp\/v2\/pages\/4082"}],"collection":[{"href":"https:\/\/venusdailleurs.fr\/index.php?rest_route=\/wp\/v2\/pages"}],"about":[{"href":"https:\/\/venusdailleurs.fr\/index.php?rest_route=\/wp\/v2\/types\/page"}],"author":[{"embeddable":true,"href":"https:\/\/venusdailleurs.fr\/index.php?rest_route=\/wp\/v2\/users\/1"}],"replies":[{"embeddable":true,"href":"https:\/\/venusdailleurs.fr\/index.php?rest_route=%2Fwp%2Fv2%2Fcomments&post=4082"}],"version-history":[{"count":1,"href":"https:\/\/venusdailleurs.fr\/index.php?rest_route=\/wp\/v2\/pages\/4082\/revisions"}],"predecessor-version":[{"id":4084,"href":"https:\/\/venusdailleurs.fr\/index.php?rest_route=\/wp\/v2\/pages\/4082\/revisions\/4084"}],"wp:attachment":[{"href":"https:\/\/venusdailleurs.fr\/index.php?rest_route=%2Fwp%2Fv2%2Fmedia&parent=4082"}],"curies":[{"name":"wp","href":"https:\/\/api.w.org\/{rel}","templated":true}]}}