{"id":3932,"date":"2024-03-25T21:17:35","date_gmt":"2024-03-25T20:17:35","guid":{"rendered":"http:\/\/venusdailleurs.fr\/?page_id=3932"},"modified":"2025-09-03T17:33:10","modified_gmt":"2025-09-03T15:33:10","slug":"actes-du-colloque-surrealisme-et-alchimie","status":"publish","type":"page","link":"https:\/\/venusdailleurs.fr\/?page_id=3932","title":{"rendered":"Actes du colloque Surr\u00e9alisme et alchimie"},"content":{"rendered":"\n<p>Ce colloque, r\u00e9alis\u00e9 avec le concours de La Rose Impossible et Venus d&rsquo;Ailleurs, a \u00e9t\u00e9 organis\u00e9 dans le cadre de l&rsquo;exposition \u00e0 flanc d&rsquo;ab\u00eeme, Surr\u00e9alisme et Alchimie \u00e0 St-Cirq-Lapopie au centre international du surr\u00e9alisme et de la citoyennet\u00e9 mondiale (Maison Andr\u00e9 Breton &#8211; Maison \u00e9mile Joseph-Rignault) du 29 septembre au 1er Octobre 2023.<\/p>\n\n\n\n<figure class=\"wp-block-image size-large is-resized\"><img decoding=\"async\" loading=\"lazy\" src=\"http:\/\/venusdailleurs.fr\/wp-content\/uploads\/2024\/03\/COUV-colloque-surrealisme-et-alchimiee-749x1024.jpg\" alt=\"\" class=\"wp-image-3933\" width=\"477\" height=\"652\" srcset=\"https:\/\/venusdailleurs.fr\/wp-content\/uploads\/2024\/03\/COUV-colloque-surrealisme-et-alchimiee-749x1024.jpg 749w, https:\/\/venusdailleurs.fr\/wp-content\/uploads\/2024\/03\/COUV-colloque-surrealisme-et-alchimiee-219x300.jpg 219w, https:\/\/venusdailleurs.fr\/wp-content\/uploads\/2024\/03\/COUV-colloque-surrealisme-et-alchimiee-768x1050.jpg 768w, https:\/\/venusdailleurs.fr\/wp-content\/uploads\/2024\/03\/COUV-colloque-surrealisme-et-alchimiee-1124x1536.jpg 1124w, https:\/\/venusdailleurs.fr\/wp-content\/uploads\/2024\/03\/COUV-colloque-surrealisme-et-alchimiee-1498x2048.jpg 1498w, https:\/\/venusdailleurs.fr\/wp-content\/uploads\/2024\/03\/COUV-colloque-surrealisme-et-alchimiee-scaled.jpg 1873w\" sizes=\"(max-width: 477px) 100vw, 477px\" \/><\/figure>\n\n\n\n<p>Laurent Doucet, Op\u00e9ra &#8211; Andr\u00e9 Breton et l&rsquo;Alchimie<br>Patrick Lepetit, Surr\u00e9alistes et Alchimistes<br>Marie-Dominique Massoni, L\u2019Esprit des Lieux<br>Gilles Bucherie, Entendre ce qui est \u00e9crit<br>Jacques Eicher, Du Grand \u0152uvre dans la perspective du \u00ab Surcro\u00eet exp\u00e9rimental \u00bb selon Ren\u00e9 Alleau<br>Emmanuel Bauchard, Alchimie et \u00e9pist\u00e9mologie dans l\u2019\u0153uvre de Pierre Mabille<br>Marc Kober, Po\u00e9sie et alchimie dans l\u2019oeuvre d\u2019\u00e9lie-Charles Flamand<br>David Nadeau, Le surr\u00e9alisme et la loge Th\u00e9bah<br>Pierre Mollier &amp; Laurent Segalini, Un tableau alchimique au mus\u00e9e de la franc-ma\u00e7onnerie<br>Jo\u00ebl T\u00e9tard, Dictionnaire abr\u00e9g\u00e9 du surr\u00e9alisme alchimique<\/p>\n\n\n\n<p><\/p>\n\n\n\n<p>20 x 28 cm. Dos carr\u00e9 coll\u00e9. 170 pages.<\/p>\n\n\n\n<p>25 \u20ac<\/p>\n\n\n\n<p><a href=\"https:\/\/venus-dailleurs.sumupstore.com\/article\/actes-du-colloque-surrealisme-et-alchimie\">COMMANDER<\/a><\/p>\n","protected":false},"excerpt":{"rendered":"<p>Ce colloque, r\u00e9alis\u00e9 avec le concours de La Rose Impossible et Venus d&rsquo;Ailleurs, a \u00e9t\u00e9 organis\u00e9 dans le cadre de l&rsquo;exposition \u00e0 flanc d&rsquo;ab\u00eeme, Surr\u00e9alisme et Alchimie \u00e0 St-Cirq-Lapopie au centre international du surr\u00e9alisme et de la citoyennet\u00e9 mondiale (Maison Andr\u00e9 Breton &#8211; Maison \u00e9mile Joseph-Rignault) du 29 septembre au 1er Octobre 2023. Laurent Doucet, &hellip; <a href=\"https:\/\/venusdailleurs.fr\/?page_id=3932\" class=\"more-link\">Continuer la lecture de <span class=\"screen-reader-text\">Actes du colloque Surr\u00e9alisme et alchimie<\/span><\/a><\/p>\n","protected":false},"author":1,"featured_media":0,"parent":0,"menu_order":0,"comment_status":"closed","ping_status":"closed","template":"","meta":[],"_links":{"self":[{"href":"https:\/\/venusdailleurs.fr\/index.php?rest_route=\/wp\/v2\/pages\/3932"}],"collection":[{"href":"https:\/\/venusdailleurs.fr\/index.php?rest_route=\/wp\/v2\/pages"}],"about":[{"href":"https:\/\/venusdailleurs.fr\/index.php?rest_route=\/wp\/v2\/types\/page"}],"author":[{"embeddable":true,"href":"https:\/\/venusdailleurs.fr\/index.php?rest_route=\/wp\/v2\/users\/1"}],"replies":[{"embeddable":true,"href":"https:\/\/venusdailleurs.fr\/index.php?rest_route=%2Fwp%2Fv2%2Fcomments&post=3932"}],"version-history":[{"count":3,"href":"https:\/\/venusdailleurs.fr\/index.php?rest_route=\/wp\/v2\/pages\/3932\/revisions"}],"predecessor-version":[{"id":4373,"href":"https:\/\/venusdailleurs.fr\/index.php?rest_route=\/wp\/v2\/pages\/3932\/revisions\/4373"}],"wp:attachment":[{"href":"https:\/\/venusdailleurs.fr\/index.php?rest_route=%2Fwp%2Fv2%2Fmedia&parent=3932"}],"curies":[{"name":"wp","href":"https:\/\/api.w.org\/{rel}","templated":true}]}}