{"id":3256,"date":"2023-06-12T23:26:54","date_gmt":"2023-06-12T21:26:54","guid":{"rendered":"http:\/\/venusdailleurs.fr\/?page_id=3256"},"modified":"2023-08-24T00:03:16","modified_gmt":"2023-08-23T22:03:16","slug":"actualite","status":"publish","type":"page","link":"https:\/\/venusdailleurs.fr\/?page_id=3256","title":{"rendered":"contacts"},"content":{"rendered":"\n<p><\/p>\n\n\n\n<p>Venus d&rsquo;ailleurs<\/p>\n\n\n\n<p><a href=\"mailto:venudailleurs@sfr.fr\">venusdailleurs@sfr.fr<\/a><\/p>\n\n\n\n<p>74 Grand rue 30730 Gajan<\/p>\n\n\n\n<p><strong>Nous ne souhaitons pas recevoir de projet de publication (ni par courriel ni par courrier).<\/strong><\/p>\n\n\n\n<p><strong>En r\u00e8gle g\u00e9n\u00e9rale, nous concevons nous-m\u00eame nos projets.<\/strong><\/p>\n\n\n\n<p><strong>Auteurs de roman, livre de cuisine, jardinage, coatching, management, marketing ou halt\u00e9rophilie&#8230;<\/strong><\/p>\n\n\n\n<p><strong>Oubliez nous, nous n&rsquo;exer\u00e7ons pas dans ces domaines. Merci de votre compr\u00e9hension.<\/strong><\/p>\n\n\n\n<p><strong>\u200b<\/strong><\/p>\n\n\n\n<p class=\"has-text-align-center\" id=\"block-4a979bee-8971-4b7e-b518-197b351bf9dc\"><\/p>\n\n\n\n<p>\ufeff<\/p>\n","protected":false},"excerpt":{"rendered":"<p>Venus d&rsquo;ailleurs venusdailleurs@sfr.fr 74 Grand rue 30730 Gajan Nous ne souhaitons pas recevoir de projet de publication (ni par courriel ni par courrier). En r\u00e8gle g\u00e9n\u00e9rale, nous concevons nous-m\u00eame nos projets. Auteurs de roman, livre de cuisine, jardinage, coatching, management, marketing ou halt\u00e9rophilie&#8230; Oubliez nous, nous n&rsquo;exer\u00e7ons pas dans ces domaines. Merci de votre compr\u00e9hension. &hellip; <a href=\"https:\/\/venusdailleurs.fr\/?page_id=3256\" class=\"more-link\">Continuer la lecture de <span class=\"screen-reader-text\">contacts<\/span><\/a><\/p>\n","protected":false},"author":1,"featured_media":0,"parent":0,"menu_order":0,"comment_status":"closed","ping_status":"closed","template":"","meta":[],"_links":{"self":[{"href":"https:\/\/venusdailleurs.fr\/index.php?rest_route=\/wp\/v2\/pages\/3256"}],"collection":[{"href":"https:\/\/venusdailleurs.fr\/index.php?rest_route=\/wp\/v2\/pages"}],"about":[{"href":"https:\/\/venusdailleurs.fr\/index.php?rest_route=\/wp\/v2\/types\/page"}],"author":[{"embeddable":true,"href":"https:\/\/venusdailleurs.fr\/index.php?rest_route=\/wp\/v2\/users\/1"}],"replies":[{"embeddable":true,"href":"https:\/\/venusdailleurs.fr\/index.php?rest_route=%2Fwp%2Fv2%2Fcomments&post=3256"}],"version-history":[{"count":3,"href":"https:\/\/venusdailleurs.fr\/index.php?rest_route=\/wp\/v2\/pages\/3256\/revisions"}],"predecessor-version":[{"id":3882,"href":"https:\/\/venusdailleurs.fr\/index.php?rest_route=\/wp\/v2\/pages\/3256\/revisions\/3882"}],"wp:attachment":[{"href":"https:\/\/venusdailleurs.fr\/index.php?rest_route=%2Fwp%2Fv2%2Fmedia&parent=3256"}],"curies":[{"name":"wp","href":"https:\/\/api.w.org\/{rel}","templated":true}]}}