{"id":3054,"date":"2023-06-12T20:57:16","date_gmt":"2023-06-12T18:57:16","guid":{"rendered":"http:\/\/venusdailleurs.fr\/?page_id=3054"},"modified":"2025-12-29T10:55:40","modified_gmt":"2025-12-29T09:55:40","slug":"yoan-armand-gil","status":"publish","type":"page","link":"https:\/\/venusdailleurs.fr\/?page_id=3054","title":{"rendered":"Yoan Armand Gil"},"content":{"rendered":"\n<figure class=\"wp-block-image size-full\"><img decoding=\"async\" loading=\"lazy\" width=\"800\" height=\"579\" src=\"http:\/\/venusdailleurs.fr\/wp-content\/uploads\/2023\/06\/69381763.jpg\" alt=\"\" class=\"wp-image-3055\" srcset=\"https:\/\/venusdailleurs.fr\/wp-content\/uploads\/2023\/06\/69381763.jpg 800w, https:\/\/venusdailleurs.fr\/wp-content\/uploads\/2023\/06\/69381763-300x217.jpg 300w, https:\/\/venusdailleurs.fr\/wp-content\/uploads\/2023\/06\/69381763-768x556.jpg 768w\" sizes=\"(max-width: 800px) 100vw, 800px\" \/><\/figure>\n\n\n\n<p><\/p>\n\n\n\n<p>Collisionneur et translateur de lieux et d\u2019\u00e9poques, Yoan Armand Gil invente des assemblages mani\u00e9ristes, des sculptures, des dessins, des compositions musicales, des performances, des livres, tous \u00e9galement dot\u00e9s d\u2019un puissant effet de pr\u00e9sence, d\u2019un grand sens de l\u2019unit\u00e9 malgr\u00e9 une apparente dispersion. La technique s\u2019adapte fluidement \u00e0 toutes les formes plastiques et narratives que produit son esprit. Le r\u00e9sultat se tient dans une originale polyphonie coh\u00e9rente dont les ressorts se cristallisent dans la r\u00e9activit\u00e9, la vivacit\u00e9, un humour tendre lorsqu\u2019il touche les \u00eatres et cruel lorsqu\u2019il atteint la soci\u00e9t\u00e9. Ses combinaisons sur papier organisent en une vision plane un feuillet\u00e9 en profondeur de<br>plans, regroupant des gravures anciennes qui, depuis Max Ernst, fascinent tant les collagistes, mais retrait\u00e9es, sc\u00e9naris\u00e9es, coloris\u00e9es p\u00e9tantes, dans un style vraiment tr\u00e8s sp\u00e9cial.<\/p>\n\n\n\n<p class=\"has-text-align-right\">J\u00f6elle Busca<\/p>\n\n\n\n<figure class=\"wp-block-image size-full\"><img decoding=\"async\" loading=\"lazy\" width=\"720\" height=\"576\" src=\"http:\/\/venusdailleurs.fr\/wp-content\/uploads\/2023\/06\/52738204.jpg\" alt=\"\" class=\"wp-image-3056\" srcset=\"https:\/\/venusdailleurs.fr\/wp-content\/uploads\/2023\/06\/52738204.jpg 720w, https:\/\/venusdailleurs.fr\/wp-content\/uploads\/2023\/06\/52738204-300x240.jpg 300w\" sizes=\"(max-width: 720px) 100vw, 720px\" \/><\/figure>\n\n\n\n<p><\/p>\n\n\n\n<p><strong><mark style=\"background-color:rgba(0, 0, 0, 0)\" class=\"has-inline-color has-medium-pink-color\">Site <\/mark><\/strong>: <a href=\"https:\/\/yagil3.wixsite.com\/book\">Yoan Armand Gil<\/a><\/p>\n\n\n\n<p><strong><mark style=\"background-color:rgba(0, 0, 0, 0)\" class=\"has-inline-color has-medium-pink-color\">Ouvrages <\/mark><\/strong>:<\/p>\n\n\n\n<p><a href=\"http:\/\/venusdailleurs.fr\/?page_id=3057\">Grotesques caprices<\/a><\/p>\n\n\n\n<p><a href=\"http:\/\/venusdailleurs.fr\/?page_id=2574\">La petite balade du grand macabre<\/a><\/p>\n\n\n\n<p><a href=\"http:\/\/venusdailleurs.fr\/?page_id=2564\">Arsenic<\/a><\/p>\n\n\n\n<p><a href=\"http:\/\/venusdailleurs.fr\/?page_id=2562\">Mercure<\/a><\/p>\n\n\n\n<p><a href=\"http:\/\/venusdailleurs.fr\/?page_id=2400\">Codex Androgynus<\/a><\/p>\n\n\n\n<p><a href=\"http:\/\/venusdailleurs.fr\/?page_id=2500\">Vestiges<\/a><\/p>\n\n\n\n<p><a href=\"http:\/\/venusdailleurs.fr\/?page_id=2788\">Carnets de dessins<\/a><\/p>\n\n\n\n<p><a href=\"http:\/\/venusdailleurs.fr\/?page_id=2489\">XVII* \u2013 S\u2019\u00e9veiller pour que rien n\u2019ait eu lieu<\/a><\/p>\n\n\n\n<p><a href=\"http:\/\/venusdailleurs.fr\/?page_id=2528\">Pilipili<\/a><\/p>\n\n\n\n<p><a href=\"http:\/\/venusdailleurs.fr\/?page_id=2231\">Goodnight Houdini<\/a><\/p>\n\n\n\n<p><a href=\"http:\/\/venusdailleurs.fr\/?page_id=2627\">Estampes<\/a><\/p>\n\n\n\n<p><a href=\"http:\/\/venusdailleurs.fr\/?page_id=2648\">Muse Sick<\/a> ( sous le nom d&rsquo;Ars\u00e8ne Tryphon)<\/p>\n\n\n\n<p><a href=\"http:\/\/venusdailleurs.fr\/?page_id=2928\">Plumes de cheval<\/a><\/p>\n\n\n\n<p><a href=\"http:\/\/venusdailleurs.fr\/?page_id=2296\">Bella Maniera<\/a><\/p>\n\n\n\n<p><a href=\"http:\/\/venusdailleurs.fr\/?page_id=2605\">Catalogue Galerie 17<\/a><\/p>\n\n\n\n<p><a href=\"http:\/\/venusdailleurs.fr\/?page_id=2419\">\u00e0 flanc d\u2019ab\u00eeme<\/a><\/p>\n\n\n\n<p><a href=\"http:\/\/venusdailleurs.fr\/?page_id=2414\">Oh! Mage Pierre Andr\u00e9 Benoit \u2013 Taz Case<\/a><\/p>\n\n\n\n<p><a href=\"http:\/\/venusdailleurs.fr\/?page_id=2397\">Once upon a box<\/a><\/p>\n\n\n\n<p><a href=\"http:\/\/venusdailleurs.fr\/?page_id=2395\">Ymagier<\/a><\/p>\n\n\n\n<p><a href=\"http:\/\/venusdailleurs.fr\/?page_id=2391\">Carbone \u2013 R\u00eaverie M\u00e9nard<\/a><\/p>\n\n\n\n<p><a href=\"http:\/\/venusdailleurs.fr\/?page_id=2407\">MICro MACro \u2013 Box<\/a><\/p>\n\n\n\n<p><a href=\"http:\/\/venusdailleurs.fr\/?page_id=2366\">L\u2019\u0153il H\u00e9liotrope \u2013 La revue<\/a> n\u00b05 Mon r\u00eave s\u2019est bris\u00e9 comme un \u00e9clat de rire<\/p>\n\n\n\n<p><a href=\"http:\/\/venusdailleurs.fr\/?page_id=2056\">La Nouvelle Revue Moderne n\u00b040<\/a><\/p>\n\n\n\n<p><a href=\"http:\/\/venusdailleurs.fr\/?page_id=2027\">VENUS D\u2019AILLEURS, la revue<\/a><\/p>\n\n\n\n<p><a href=\"https:\/\/venusdailleurs.fr\/?page_id=4448\" data-type=\"page\" data-id=\"4448\">HALO n\u00b01<\/a>, (sous le nom d&rsquo;Ars\u00e8ne Tryphon) Renaldo and the Loaf, Fous sans tabou.<\/p>\n\n\n\n<p><a href=\"https:\/\/venusdailleurs.fr\/?page_id=4450\" data-type=\"page\" data-id=\"4450\">HALO n\u00b02<\/a>, <em>Debout sur l\u2019Oeuf : Entretien avec Miguel de Carvalho<\/em><\/p>\n\n\n\n<p><strong><mark style=\"background-color:rgba(0, 0, 0, 0)\" class=\"has-inline-color has-medium-pink-color\">Expositions <\/mark><\/strong>:<\/p>\n\n\n\n<p><a href=\"http:\/\/venusdailleurs.fr\/?page_id=1492\">L\u2019\u0153il h\u00e9liotrope \u2013 L\u2019autre c\u00f4t\u00e9<\/a><\/p>\n\n\n\n<p><a href=\"http:\/\/venusdailleurs.fr\/?page_id=1612\">Mon R\u00eave s\u2019est bris\u00e9&nbsp; comme un \u00e9clat de rire<\/a><\/p>\n\n\n\n<p><a href=\"http:\/\/venusdailleurs.fr\/?page_id=1731\">L\u2019\u0153il h\u00e9liotrope \u2013 L\u2019esclarmonde<\/a><\/p>\n\n\n\n<p><a href=\"http:\/\/venusdailleurs.fr\/?page_id=1099\">Galerie 17<\/a><\/p>\n\n\n\n<p><a href=\"http:\/\/venusdailleurs.fr\/?page_id=1065\">Th\u00e9\u00e2tres de la m\u00e9moire<\/a><\/p>\n\n\n\n<p><a href=\"http:\/\/venusdailleurs.fr\/?page_id=1049\">Les vases communicants<\/a><\/p>\n\n\n\n<p><a href=\"http:\/\/venusdailleurs.fr\/?page_id=977\">Ecarts \u2013 Galerie Angle<\/a><\/p>\n\n\n\n<p><a href=\"http:\/\/venusdailleurs.fr\/?page_id=926\">Venus d\u2019ailleurs \u00e0 Bruxelles<\/a><\/p>\n\n\n\n<p><a href=\"http:\/\/venusdailleurs.fr\/?page_id=842\">Galerie mobile \u2013 la Nef<\/a><\/p>\n\n\n\n<p><a href=\"http:\/\/venusdailleurs.fr\/?page_id=763\">MICro MACro<\/a><\/p>\n\n\n\n<p><a href=\"http:\/\/venusdailleurs.fr\/?page_id=696\">V\u00e9nus s\u2019ent\u00eate, le ch\u0153ur s\u2019emballe<\/a><\/p>\n\n\n\n<p><a href=\"http:\/\/venusdailleurs.fr\/?page_id=590\">Oh ! Mage A Pi R hand r\u00e9 b\u0153uf noix<\/a><\/p>\n\n\n\n<p><a href=\"http:\/\/venusdailleurs.fr\/?page_id=549\">Venus d\u2019Ailleurs et philosophes<\/a><\/p>\n\n\n\n<p><a href=\"http:\/\/venusdailleurs.fr\/?page_id=524\">Festival POC 2013 \u2013 Atelier Frank Garam<\/a><\/p>\n\n\n\n<p>L&rsquo;\u00e9cart fantastique<\/p>\n\n\n\n<p>Arcane 17, l&rsquo;\u00e2me du R\u00eave<\/p>\n\n\n\n<p><\/p>\n\n\n\n<p><strong><mark style=\"background-color:rgba(0, 0, 0, 0)\" class=\"has-inline-color has-medium-pink-color\">Disques (sous le nom d&rsquo;Ars\u00e8ne Tryphon) :<\/mark><\/strong><\/p>\n\n\n\n<p>Bruit d&rsquo;Or<\/p>\n\n\n\n<p>Parades automates<\/p>\n\n\n\n<p>Gaa ars den vida da<\/p>\n\n\n\n<p>Ars\u00e8ne Tryphon &amp; the ten teens<\/p>\n\n\n\n<p>Ars\u00e8ne Tryphon &amp; les Coquillards<\/p>\n\n\n\n<p>Hurluberlune<\/p>\n\n\n\n<p>Orph\u00e9e<\/p>\n\n\n\n<p>Dadagong (avec Pier Tardif)<\/p>\n\n\n\n<p>La mort se fait la belle (avec Tristan Felix)<\/p>\n\n\n\n<p>Succulents Succubes  (avec Tristan Felix et Mr. Djub)<\/p>\n\n\n\n<p><\/p>\n","protected":false},"excerpt":{"rendered":"<p>Collisionneur et translateur de lieux et d\u2019\u00e9poques, Yoan Armand Gil invente des assemblages mani\u00e9ristes, des sculptures, des dessins, des compositions musicales, des performances, des livres, tous \u00e9galement dot\u00e9s d\u2019un puissant effet de pr\u00e9sence, d\u2019un grand sens de l\u2019unit\u00e9 malgr\u00e9 une apparente dispersion. La technique s\u2019adapte fluidement \u00e0 toutes les formes plastiques et narratives que produit &hellip; <a href=\"https:\/\/venusdailleurs.fr\/?page_id=3054\" class=\"more-link\">Continuer la lecture de <span class=\"screen-reader-text\">Yoan Armand Gil<\/span><\/a><\/p>\n","protected":false},"author":1,"featured_media":0,"parent":0,"menu_order":0,"comment_status":"closed","ping_status":"closed","template":"","meta":[],"_links":{"self":[{"href":"https:\/\/venusdailleurs.fr\/index.php?rest_route=\/wp\/v2\/pages\/3054"}],"collection":[{"href":"https:\/\/venusdailleurs.fr\/index.php?rest_route=\/wp\/v2\/pages"}],"about":[{"href":"https:\/\/venusdailleurs.fr\/index.php?rest_route=\/wp\/v2\/types\/page"}],"author":[{"embeddable":true,"href":"https:\/\/venusdailleurs.fr\/index.php?rest_route=\/wp\/v2\/users\/1"}],"replies":[{"embeddable":true,"href":"https:\/\/venusdailleurs.fr\/index.php?rest_route=%2Fwp%2Fv2%2Fcomments&post=3054"}],"version-history":[{"count":7,"href":"https:\/\/venusdailleurs.fr\/index.php?rest_route=\/wp\/v2\/pages\/3054\/revisions"}],"predecessor-version":[{"id":4599,"href":"https:\/\/venusdailleurs.fr\/index.php?rest_route=\/wp\/v2\/pages\/3054\/revisions\/4599"}],"wp:attachment":[{"href":"https:\/\/venusdailleurs.fr\/index.php?rest_route=%2Fwp%2Fv2%2Fmedia&parent=3054"}],"curies":[{"name":"wp","href":"https:\/\/api.w.org\/{rel}","templated":true}]}}