{"id":2284,"date":"2023-06-11T12:03:39","date_gmt":"2023-06-11T10:03:39","guid":{"rendered":"http:\/\/venusdailleurs.fr\/?page_id=2284"},"modified":"2023-06-11T12:03:39","modified_gmt":"2023-06-11T10:03:39","slug":"le-faux-principe-de-notre-education","status":"publish","type":"page","link":"https:\/\/venusdailleurs.fr\/?page_id=2284","title":{"rendered":"le faux principe de notre \u00e9ducation"},"content":{"rendered":"\n<p><strong>Max Stirner<\/strong><\/p>\n\n\n\n<figure class=\"wp-block-image size-full\"><img decoding=\"async\" loading=\"lazy\" width=\"511\" height=\"666\" src=\"http:\/\/venusdailleurs.fr\/wp-content\/uploads\/2023\/06\/idea-anar.jpg\" alt=\"\" class=\"wp-image-2102\" srcset=\"https:\/\/venusdailleurs.fr\/wp-content\/uploads\/2023\/06\/idea-anar.jpg 511w, https:\/\/venusdailleurs.fr\/wp-content\/uploads\/2023\/06\/idea-anar-230x300.jpg 230w\" sizes=\"(max-width: 511px) 100vw, 511px\" \/><\/figure>\n\n\n\n<p>Jamais insult\u00e9, maudit, jamais compris, tu es la terreur macabre de notre \u00e9poque. <\/p>\n\n\n\n<p>\u00ab \u00c9pave de tout ordre \u00bb, crie la multitude, \u00ab Tu es toi, et la rage sans fin de la guerre et du meurtre \u00bb.<\/p>\n\n\n\n<p class=\"has-text-align-right\"><br>John Henry Mackay<\/p>\n\n\n\n<p><br>Il n\u2019y a pas de devenir, pas de r\u00e9volution, pas de lutte, pas de chemin tout trac\u00e9 : d\u00e9j\u00e0 tu es monarque et r\u00e8gnes sur ta propre peau &#8211; ton inviolable libert\u00e9 n\u2019attend pour \u00eatre compl\u00e8te que l\u2019amour d\u2019autres monarques : une politique du r\u00eave, aussi urgente que le bleu du ciel.<\/p>\n\n\n\n<p class=\"has-text-align-right\"><br>Hakim Bey, L\u2019art du Chaos<\/p>\n\n\n\n<p><br>Un homme n\u2019est \u00ab appel\u00e9 \u00bb \u00e0 rien ; il n\u2019a pas plus de \u00abdevoir\u00bb et de \u00abvocation\u00bb que n\u2019en ont une plante ou un animal.<br>Ce n\u2019est pas le savoir qu\u2019il s\u2019agit d\u2019inculquer, c\u2019est la personne qui doit arriver \u00e0 son propre \u00e9panouissement. Le point de d\u00e9part de la p\u00e9dagogie ne doit pas \u00eatre de civiliser, mais de former des personnes libres, des caract\u00e8res souverains.<\/p>\n\n\n\n<p class=\"has-text-align-right\"><br>Max Stirner<br>L\u2019unique et sa propri\u00e9t\u00e9<\/p>\n\n\n\n<p><\/p>\n\n\n\n<p>38 pages 14&#215;18 cm.<\/p>\n\n\n\n<p>8 \u20ac<\/p>\n\n\n\n<p><a href=\"https:\/\/venus-dailleurs.sumupstore.com\/article\/le-faux-principe-de-notre-education\" target=\"_blank\" rel=\"noreferrer noopener\">COMMANDER<\/a><\/p>\n\n\n\n<p>\u200b<\/p>\n\n\n\n<p>\u200b<\/p>\n","protected":false},"excerpt":{"rendered":"<p>Max Stirner Jamais insult\u00e9, maudit, jamais compris, tu es la terreur macabre de notre \u00e9poque. \u00ab \u00c9pave de tout ordre \u00bb, crie la multitude, \u00ab Tu es toi, et la rage sans fin de la guerre et du meurtre \u00bb. John Henry Mackay Il n\u2019y a pas de devenir, pas de r\u00e9volution, pas de lutte, &hellip; <a href=\"https:\/\/venusdailleurs.fr\/?page_id=2284\" class=\"more-link\">Continuer la lecture de <span class=\"screen-reader-text\">le faux principe de notre \u00e9ducation<\/span><\/a><\/p>\n","protected":false},"author":1,"featured_media":0,"parent":0,"menu_order":0,"comment_status":"closed","ping_status":"closed","template":"","meta":[],"_links":{"self":[{"href":"https:\/\/venusdailleurs.fr\/index.php?rest_route=\/wp\/v2\/pages\/2284"}],"collection":[{"href":"https:\/\/venusdailleurs.fr\/index.php?rest_route=\/wp\/v2\/pages"}],"about":[{"href":"https:\/\/venusdailleurs.fr\/index.php?rest_route=\/wp\/v2\/types\/page"}],"author":[{"embeddable":true,"href":"https:\/\/venusdailleurs.fr\/index.php?rest_route=\/wp\/v2\/users\/1"}],"replies":[{"embeddable":true,"href":"https:\/\/venusdailleurs.fr\/index.php?rest_route=%2Fwp%2Fv2%2Fcomments&post=2284"}],"version-history":[{"count":1,"href":"https:\/\/venusdailleurs.fr\/index.php?rest_route=\/wp\/v2\/pages\/2284\/revisions"}],"predecessor-version":[{"id":2285,"href":"https:\/\/venusdailleurs.fr\/index.php?rest_route=\/wp\/v2\/pages\/2284\/revisions\/2285"}],"wp:attachment":[{"href":"https:\/\/venusdailleurs.fr\/index.php?rest_route=%2Fwp%2Fv2%2Fmedia&parent=2284"}],"curies":[{"name":"wp","href":"https:\/\/api.w.org\/{rel}","templated":true}]}}