{"id":2282,"date":"2023-06-11T12:01:37","date_gmt":"2023-06-11T10:01:37","guid":{"rendered":"http:\/\/venusdailleurs.fr\/?page_id=2282"},"modified":"2023-06-11T12:01:37","modified_gmt":"2023-06-11T10:01:37","slug":"sur-letude-de-la-nature-par-lattraction-passionnee","status":"publish","type":"page","link":"https:\/\/venusdailleurs.fr\/?page_id=2282","title":{"rendered":"Sur l\u2019\u00e9tude de la nature par l\u2019attraction passionn\u00e9e"},"content":{"rendered":"\n<p><strong>Charles Fourier<\/strong><\/p>\n\n\n\n<figure class=\"wp-block-image size-full\"><img decoding=\"async\" loading=\"lazy\" width=\"518\" height=\"656\" src=\"http:\/\/venusdailleurs.fr\/wp-content\/uploads\/2023\/06\/idea-cocotte-passion.jpg\" alt=\"\" class=\"wp-image-2103\" srcset=\"https:\/\/venusdailleurs.fr\/wp-content\/uploads\/2023\/06\/idea-cocotte-passion.jpg 518w, https:\/\/venusdailleurs.fr\/wp-content\/uploads\/2023\/06\/idea-cocotte-passion-237x300.jpg 237w\" sizes=\"(max-width: 518px) 100vw, 518px\" \/><\/figure>\n\n\n\n<p>Si l\u2019on compare l\u2019immensit\u00e9 de nos d\u00e9sirs avec le peu de moyens que nous avons de les satisfaire, il semble que Dieu ait agi inconsid\u00e9r\u00e9ment en nous donnant des passions si avides de jouissances, des passions qui semblent cr\u00e9\u00e9es pour nous harceler en excitant mille \u00ab convoitises \u00bb dont nous ne pouvons pas satisfaire la dixi\u00e8me partie pendant la dur\u00e9e de l\u2019Ordre civilis\u00e9.<br><br>\u00a0 C\u2019est d\u2019apr\u00e8s ces consid\u00e9rations que les moralistes pr\u00e9tendent corriger l\u2019\u0153uvre de Dieu, mod\u00e9rer, r\u00e9primer les passions qu\u2019ils ne savent pas contenter et qu\u2019ils ne connaissent m\u00eame pas ; car sur douze passions qui composent les ressorts principaux de l\u2019\u00e2me, ils n\u2019en connaissent que neuf ; encore ont-ils des notions tr\u00e8s imparfaites sur les quatre principales.<\/p>\n\n\n\n<p><\/p>\n\n\n\n<p>36 pages 14&#215;18 cm.<\/p>\n\n\n\n<p>8 \u20ac<\/p>\n\n\n\n<p>\u200b<\/p>\n\n\n\n<p><a href=\"https:\/\/venus-dailleurs.sumupstore.com\/article\/sur-l-etude-de-la-nature-par-l-attraction-passionnee\" target=\"_blank\" rel=\"noreferrer noopener\">COMMANDER<\/a><\/p>\n","protected":false},"excerpt":{"rendered":"<p>Charles Fourier Si l\u2019on compare l\u2019immensit\u00e9 de nos d\u00e9sirs avec le peu de moyens que nous avons de les satisfaire, il semble que Dieu ait agi inconsid\u00e9r\u00e9ment en nous donnant des passions si avides de jouissances, des passions qui semblent cr\u00e9\u00e9es pour nous harceler en excitant mille \u00ab convoitises \u00bb dont nous ne pouvons pas &hellip; <a href=\"https:\/\/venusdailleurs.fr\/?page_id=2282\" class=\"more-link\">Continuer la lecture de <span class=\"screen-reader-text\">Sur l\u2019\u00e9tude de la nature par l\u2019attraction passionn\u00e9e<\/span><\/a><\/p>\n","protected":false},"author":1,"featured_media":0,"parent":0,"menu_order":0,"comment_status":"closed","ping_status":"closed","template":"","meta":[],"_links":{"self":[{"href":"https:\/\/venusdailleurs.fr\/index.php?rest_route=\/wp\/v2\/pages\/2282"}],"collection":[{"href":"https:\/\/venusdailleurs.fr\/index.php?rest_route=\/wp\/v2\/pages"}],"about":[{"href":"https:\/\/venusdailleurs.fr\/index.php?rest_route=\/wp\/v2\/types\/page"}],"author":[{"embeddable":true,"href":"https:\/\/venusdailleurs.fr\/index.php?rest_route=\/wp\/v2\/users\/1"}],"replies":[{"embeddable":true,"href":"https:\/\/venusdailleurs.fr\/index.php?rest_route=%2Fwp%2Fv2%2Fcomments&post=2282"}],"version-history":[{"count":1,"href":"https:\/\/venusdailleurs.fr\/index.php?rest_route=\/wp\/v2\/pages\/2282\/revisions"}],"predecessor-version":[{"id":2283,"href":"https:\/\/venusdailleurs.fr\/index.php?rest_route=\/wp\/v2\/pages\/2282\/revisions\/2283"}],"wp:attachment":[{"href":"https:\/\/venusdailleurs.fr\/index.php?rest_route=%2Fwp%2Fv2%2Fmedia&parent=2282"}],"curies":[{"name":"wp","href":"https:\/\/api.w.org\/{rel}","templated":true}]}}