{"id":590,"date":"2023-04-15T23:13:44","date_gmt":"2023-04-15T21:13:44","guid":{"rendered":"http:\/\/venusdailleurs.fr\/?page_id=590"},"modified":"2024-07-06T22:05:59","modified_gmt":"2024-07-06T20:05:59","slug":"oh-mage-a-pi-r-hand-re-boeuf-noix","status":"publish","type":"page","link":"http:\/\/venusdailleurs.fr\/?page_id=590","title":{"rendered":"Oh ! Mage A Pi R hand r\u00e9 b\u0153uf noix"},"content":{"rendered":"\n<p>Exposition le 28 &amp; 29 Avril 2012<\/p>\n\n\n\n<p class=\"has-small-font-size\">Benoit Pingeot &#8211; Nina Reumaux &#8211; Claude Ballar\u00e9 &#8211; Michou Strauch &#8211; Estelle Brun &#8211; Jan Svankmajer &#8211; Alain Snyers &#8211; Roland Topor &#8211; Frank Garam &#8211; Jean Dupuy &#8211; Yves Reynier &#8211; Raoul Haussmann &#8211; Susan Mende &#8211; Augustin Pineau &#8211; Christian Gabriel\/le Guez Ricord &#8211; G\u00e9rard Lattier &#8211; Jean Fabro &#8211; Yoan Armand Gil &#8211; Bruno Garrigues- Jacques Vill\u00e9gl\u00e9 &#8211; Za\u00efda Gonzalez Rios &#8211; Louis Pons &#8211; Lucien Coutaud &#8211; Ladislav Nov\u00e1k &#8211; Fran\u00e7oise Deverre &#8211; Charles Dreyfus &#8211; Fernando Arrabal &#8211; Claude Pelieu &#8211; Anne Ethuin &#8211; Patrice M\u00e9riot &#8211; G\u00e9rard Depralon &#8211; Lou Dubois &#8211; Philippe Pissier &#8211; Salvatore Puglia &#8211; Sebatien Pelenc &#8211; Thomas Barri\u00e8re &#8211; Bernar Mialet &#8211; R\u00e9my Leboissetier &#8211; Pierre Tardif&#8230;<\/p>\n\n\n\n<div> \n<!-- Start container 1 --><div id=\"wppa-modal-container-1\" class=\"wppa-modal-container\" style=\"position:relative;z-index:100000;\" data-wppa=\"yes\"><\/div><div id=\"wppa-container-wrapper-1\" class=\"alignnone wppa-container-wrapper \" style=\"width:100%;clear:both;padding:0;position:relative;\"><div id=\"wppa-container-1\" style=\"width:100%;\" class=\"wppa-container wppa-container-1 wppa-rev-9012001 wppa-prevrev-9011007 wppa-theme-9.0.12.001 wppa-api-9.0.12.001\"><svg id=\"wppa-ajax-spin-1\" class=\"wppa-ajax-spin uil-default\" width=\"120px\" height=\"120px\" viewBox=\"0 0 100 100\" preserveAspectRatio=\"xMidYMid\" stroke=\"\" style=\"width:120px; height:120px; position:fixed; top:50%; margin-top:-60px; left:50%; margin-left:-60px; opacity:1; display:none; fill:#666666; background-color:transparent; border-radius:24px;\"><rect x=\"0\" y=\"0\" width=\"100\" height=\"100\" fill=\"none\" class=\"bk\"><\/rect><rect class=\"wppa-ajaxspin\" x=\"47\" y=\"40\" width=\"6\" height=\"20\" rx=\"3\" ry=\"3\" transform=\"rotate(0 50 50) translate(0 -32)\"><animate attributeName=\"opacity\" from=\"1\" to=\"0\" dur=\"1.5s\" begin=\"0s\" repeatCount=\"indefinite\" ><\/rect><rect class=\"wppa-ajaxspin\" x=\"47\" y=\"40\" width=\"6\" height=\"20\" rx=\"3\" ry=\"3\" transform=\"rotate(22.5 50 50) translate(0 -32)\"><animate attributeName=\"opacity\" from=\"1\" to=\"0\" dur=\"1.5s\" begin=\"0.09375s\" repeatCount=\"indefinite\" ><\/rect><rect class=\"wppa-ajaxspin\" x=\"47\" y=\"40\" width=\"6\" height=\"20\" rx=\"3\" ry=\"3\" transform=\"rotate(45 50 50) translate(0 -32)\"><animate attributeName=\"opacity\" from=\"1\" to=\"0\" dur=\"1.5s\" begin=\"0.1875s\" repeatCount=\"indefinite\" ><\/rect><rect class=\"wppa-ajaxspin\" x=\"47\" y=\"40\" width=\"6\" height=\"20\" rx=\"3\" ry=\"3\" transform=\"rotate(67.5 50 50) translate(0 -32)\"><animate attributeName=\"opacity\" from=\"1\" to=\"0\" dur=\"1.5s\" begin=\"0.28125s\" repeatCount=\"indefinite\" ><\/rect><rect class=\"wppa-ajaxspin\" x=\"47\" y=\"40\" width=\"6\" height=\"20\" rx=\"3\" ry=\"3\" transform=\"rotate(90 50 50) translate(0 -32)\"><animate attributeName=\"opacity\" from=\"1\" to=\"0\" dur=\"1.5s\" begin=\"0.375s\" repeatCount=\"indefinite\" ><\/rect><rect class=\"wppa-ajaxspin\" x=\"47\" y=\"40\" width=\"6\" height=\"20\" rx=\"3\" ry=\"3\" transform=\"rotate(112.5 50 50) translate(0 -32)\"><animate attributeName=\"opacity\" from=\"1\" to=\"0\" dur=\"1.5s\" begin=\"0.46875s\" repeatCount=\"indefinite\" ><\/rect><rect class=\"wppa-ajaxspin\" x=\"47\" y=\"40\" width=\"6\" height=\"20\" rx=\"3\" ry=\"3\" transform=\"rotate(135 50 50) translate(0 -32)\"><animate attributeName=\"opacity\" from=\"1\" to=\"0\" dur=\"1.5s\" begin=\"0.5625s\" repeatCount=\"indefinite\" ><\/rect><rect class=\"wppa-ajaxspin\" x=\"47\" y=\"40\" width=\"6\" height=\"20\" rx=\"3\" ry=\"3\" transform=\"rotate(157.5 50 50) translate(0 -32)\"><animate attributeName=\"opacity\" from=\"1\" to=\"0\" dur=\"1.5s\" begin=\"0.65625s\" repeatCount=\"indefinite\" ><\/rect><rect class=\"wppa-ajaxspin\" x=\"47\" y=\"40\" width=\"6\" height=\"20\" rx=\"3\" ry=\"3\" transform=\"rotate(180 50 50) translate(0 -32)\"><animate attributeName=\"opacity\" from=\"1\" to=\"0\" dur=\"1.5s\" begin=\"0.75s\" repeatCount=\"indefinite\" ><\/rect><rect class=\"wppa-ajaxspin\" x=\"47\" y=\"40\" width=\"6\" height=\"20\" rx=\"3\" ry=\"3\" transform=\"rotate(202.5 50 50) translate(0 -32)\"><animate attributeName=\"opacity\" from=\"1\" to=\"0\" dur=\"1.5s\" begin=\"0.84375s\" repeatCount=\"indefinite\" ><\/rect><rect class=\"wppa-ajaxspin\" x=\"47\" y=\"40\" width=\"6\" height=\"20\" rx=\"3\" ry=\"3\" transform=\"rotate(225 50 50) translate(0 -32)\"><animate attributeName=\"opacity\" from=\"1\" to=\"0\" dur=\"1.5s\" begin=\"0.9375s\" repeatCount=\"indefinite\" ><\/rect><rect class=\"wppa-ajaxspin\" x=\"47\" y=\"40\" width=\"6\" height=\"20\" rx=\"3\" ry=\"3\" transform=\"rotate(247.5 50 50) translate(0 -32)\"><animate attributeName=\"opacity\" from=\"1\" to=\"0\" dur=\"1.5s\" begin=\"1.03125s\" repeatCount=\"indefinite\" ><\/rect><rect class=\"wppa-ajaxspin\" x=\"47\" y=\"40\" width=\"6\" height=\"20\" rx=\"3\" ry=\"3\" transform=\"rotate(270 50 50) translate(0 -32)\"><animate attributeName=\"opacity\" from=\"1\" to=\"0\" dur=\"1.5s\" begin=\"1.125s\" repeatCount=\"indefinite\" ><\/rect><rect class=\"wppa-ajaxspin\" x=\"47\" y=\"40\" width=\"6\" height=\"20\" rx=\"3\" ry=\"3\" transform=\"rotate(292.5 50 50) translate(0 -32)\"><animate attributeName=\"opacity\" from=\"1\" to=\"0\" dur=\"1.5s\" begin=\"1.21875s\" repeatCount=\"indefinite\" ><\/rect><rect class=\"wppa-ajaxspin\" x=\"47\" y=\"40\" width=\"6\" height=\"20\" rx=\"3\" ry=\"3\" transform=\"rotate(315 50 50) translate(0 -32)\"><animate attributeName=\"opacity\" from=\"1\" to=\"0\" dur=\"1.5s\" begin=\"1.3125s\" repeatCount=\"indefinite\" ><\/rect><rect class=\"wppa-ajaxspin\" x=\"47\" y=\"40\" width=\"6\" height=\"20\" rx=\"3\" ry=\"3\" transform=\"rotate(337.5 50 50) translate(0 -32)\"><animate attributeName=\"opacity\" from=\"1\" to=\"0\" dur=\"1.5s\" begin=\"1.40625s\" repeatCount=\"indefinite\" ><\/rect><\/svg><input type=\"hidden\" id=\"wppa-nonce-0-1\" name=\"wppa-nonce\" value=\"a89c3f3648\" ><div id=\"wppa-slidelist-1\" style=\"overflow:auto;\" class=\"slidelist\"><noscript style=\"text-align:center\"><span style=\"color:red\">Vous devez activer Javascript pour voir les images pleine grandeur. <\/span><\/noscript><div id=\"slide_frame-1\" class=\"slide-frame\" style=\"overflow:hidden;height:480px;margin-bottom:8px;margin-right:auto;margin-left:auto;\"><div id=\"theslide0-1\" class=\"theslide theslide-1\" style=\"width:100%; margin:auto;\"><\/div><div id=\"theslide1-1\" class=\"theslide theslide-1\" style=\"width:100%; margin:auto;\"><\/div><svg id=\"wppa-slide-spin-1\" class=\"wppa-spinner uil-default\" width=\"120px\" height=\"120px\" viewBox=\"0 0 100 100\" preserveAspectRatio=\"xMidYMid\" stroke=\"\" style=\"width:120px; height:120px; position:absolute; top:50%; margin-top:-60px; left:50%; margin-left:-60px; opacity:1; display:inline; fill:#666666; background-color:transparent; border-radius:24px;z-index:99;\"><rect x=\"0\" y=\"0\" width=\"100\" height=\"100\" fill=\"none\" class=\"bk\"><\/rect><rect class=\"wppa-ajaxspin\" x=\"47\" y=\"40\" width=\"6\" height=\"20\" rx=\"3\" ry=\"3\" transform=\"rotate(0 50 50) translate(0 -32)\"><animate attributeName=\"opacity\" from=\"1\" to=\"0\" dur=\"1.5s\" begin=\"0s\" repeatCount=\"indefinite\" ><\/rect><rect class=\"wppa-ajaxspin\" x=\"47\" y=\"40\" width=\"6\" height=\"20\" rx=\"3\" ry=\"3\" transform=\"rotate(22.5 50 50) translate(0 -32)\"><animate attributeName=\"opacity\" from=\"1\" to=\"0\" dur=\"1.5s\" begin=\"0.09375s\" repeatCount=\"indefinite\" ><\/rect><rect class=\"wppa-ajaxspin\" x=\"47\" y=\"40\" width=\"6\" height=\"20\" rx=\"3\" ry=\"3\" transform=\"rotate(45 50 50) translate(0 -32)\"><animate attributeName=\"opacity\" from=\"1\" to=\"0\" dur=\"1.5s\" begin=\"0.1875s\" repeatCount=\"indefinite\" ><\/rect><rect class=\"wppa-ajaxspin\" x=\"47\" y=\"40\" width=\"6\" height=\"20\" rx=\"3\" ry=\"3\" transform=\"rotate(67.5 50 50) translate(0 -32)\"><animate attributeName=\"opacity\" from=\"1\" to=\"0\" dur=\"1.5s\" begin=\"0.28125s\" repeatCount=\"indefinite\" ><\/rect><rect class=\"wppa-ajaxspin\" x=\"47\" y=\"40\" width=\"6\" height=\"20\" rx=\"3\" ry=\"3\" transform=\"rotate(90 50 50) translate(0 -32)\"><animate attributeName=\"opacity\" from=\"1\" to=\"0\" dur=\"1.5s\" begin=\"0.375s\" repeatCount=\"indefinite\" ><\/rect><rect class=\"wppa-ajaxspin\" x=\"47\" y=\"40\" width=\"6\" height=\"20\" rx=\"3\" ry=\"3\" transform=\"rotate(112.5 50 50) translate(0 -32)\"><animate attributeName=\"opacity\" from=\"1\" to=\"0\" dur=\"1.5s\" begin=\"0.46875s\" repeatCount=\"indefinite\" ><\/rect><rect class=\"wppa-ajaxspin\" x=\"47\" y=\"40\" width=\"6\" height=\"20\" rx=\"3\" ry=\"3\" transform=\"rotate(135 50 50) translate(0 -32)\"><animate attributeName=\"opacity\" from=\"1\" to=\"0\" dur=\"1.5s\" begin=\"0.5625s\" repeatCount=\"indefinite\" ><\/rect><rect class=\"wppa-ajaxspin\" x=\"47\" y=\"40\" width=\"6\" height=\"20\" rx=\"3\" ry=\"3\" transform=\"rotate(157.5 50 50) translate(0 -32)\"><animate attributeName=\"opacity\" from=\"1\" to=\"0\" dur=\"1.5s\" begin=\"0.65625s\" repeatCount=\"indefinite\" ><\/rect><rect class=\"wppa-ajaxspin\" x=\"47\" y=\"40\" width=\"6\" height=\"20\" rx=\"3\" ry=\"3\" transform=\"rotate(180 50 50) translate(0 -32)\"><animate attributeName=\"opacity\" from=\"1\" to=\"0\" dur=\"1.5s\" begin=\"0.75s\" repeatCount=\"indefinite\" ><\/rect><rect class=\"wppa-ajaxspin\" x=\"47\" y=\"40\" width=\"6\" height=\"20\" rx=\"3\" ry=\"3\" transform=\"rotate(202.5 50 50) translate(0 -32)\"><animate attributeName=\"opacity\" from=\"1\" to=\"0\" dur=\"1.5s\" begin=\"0.84375s\" repeatCount=\"indefinite\" ><\/rect><rect class=\"wppa-ajaxspin\" x=\"47\" y=\"40\" width=\"6\" height=\"20\" rx=\"3\" ry=\"3\" transform=\"rotate(225 50 50) translate(0 -32)\"><animate attributeName=\"opacity\" from=\"1\" to=\"0\" dur=\"1.5s\" begin=\"0.9375s\" repeatCount=\"indefinite\" ><\/rect><rect class=\"wppa-ajaxspin\" x=\"47\" y=\"40\" width=\"6\" height=\"20\" rx=\"3\" ry=\"3\" transform=\"rotate(247.5 50 50) translate(0 -32)\"><animate attributeName=\"opacity\" from=\"1\" to=\"0\" dur=\"1.5s\" begin=\"1.03125s\" repeatCount=\"indefinite\" ><\/rect><rect class=\"wppa-ajaxspin\" x=\"47\" y=\"40\" width=\"6\" height=\"20\" rx=\"3\" ry=\"3\" transform=\"rotate(270 50 50) translate(0 -32)\"><animate attributeName=\"opacity\" from=\"1\" to=\"0\" dur=\"1.5s\" begin=\"1.125s\" repeatCount=\"indefinite\" ><\/rect><rect class=\"wppa-ajaxspin\" x=\"47\" y=\"40\" width=\"6\" height=\"20\" rx=\"3\" ry=\"3\" transform=\"rotate(292.5 50 50) translate(0 -32)\"><animate attributeName=\"opacity\" from=\"1\" to=\"0\" dur=\"1.5s\" begin=\"1.21875s\" repeatCount=\"indefinite\" ><\/rect><rect class=\"wppa-ajaxspin\" x=\"47\" y=\"40\" width=\"6\" height=\"20\" rx=\"3\" ry=\"3\" transform=\"rotate(315 50 50) translate(0 -32)\"><animate attributeName=\"opacity\" from=\"1\" to=\"0\" dur=\"1.5s\" begin=\"1.3125s\" repeatCount=\"indefinite\" ><\/rect><rect class=\"wppa-ajaxspin\" x=\"47\" y=\"40\" width=\"6\" height=\"20\" rx=\"3\" ry=\"3\" transform=\"rotate(337.5 50 50) translate(0 -32)\"><animate attributeName=\"opacity\" from=\"1\" to=\"0\" dur=\"1.5s\" begin=\"1.40625s\" repeatCount=\"indefinite\" ><\/rect><\/svg><\/div><\/div><div style=\"clear:both;\"><\/div><div id=\"wppa-container-1-end\"><\/div><\/div><\/div>\n<!-- End [wppa type=\"slideonly\" album=\"21\" cache=\"inf\" timeout=\"2\"] \/index.php?rest_route=%2Fwp%2Fv2%2Fpages%2F590 oc 1 54 queries in 50.2 ms. at 16h09. Max mem: 50.50 Mb. --><\/div>\n","protected":false},"excerpt":{"rendered":"<p>Exposition le 28 &amp; 29 Avril 2012 Benoit Pingeot &#8211; Nina Reumaux &#8211; Claude Ballar\u00e9 &#8211; Michou Strauch &#8211; Estelle Brun &#8211; Jan Svankmajer &#8211; Alain Snyers &#8211; Roland Topor &#8211; Frank Garam &#8211; Jean Dupuy &#8211; Yves Reynier &#8211; Raoul Haussmann &#8211; Susan Mende &#8211; Augustin Pineau &#8211; Christian Gabriel\/le Guez Ricord &#8211; G\u00e9rard &hellip; <a href=\"http:\/\/venusdailleurs.fr\/?page_id=590\" class=\"more-link\">Continuer la lecture de <span class=\"screen-reader-text\">Oh ! Mage A Pi R hand r\u00e9 b\u0153uf noix<\/span><\/a><\/p>\n","protected":false},"author":1,"featured_media":0,"parent":0,"menu_order":0,"comment_status":"closed","ping_status":"closed","template":"","meta":[],"_links":{"self":[{"href":"http:\/\/venusdailleurs.fr\/index.php?rest_route=\/wp\/v2\/pages\/590"}],"collection":[{"href":"http:\/\/venusdailleurs.fr\/index.php?rest_route=\/wp\/v2\/pages"}],"about":[{"href":"http:\/\/venusdailleurs.fr\/index.php?rest_route=\/wp\/v2\/types\/page"}],"author":[{"embeddable":true,"href":"http:\/\/venusdailleurs.fr\/index.php?rest_route=\/wp\/v2\/users\/1"}],"replies":[{"embeddable":true,"href":"http:\/\/venusdailleurs.fr\/index.php?rest_route=%2Fwp%2Fv2%2Fcomments&post=590"}],"version-history":[{"count":7,"href":"http:\/\/venusdailleurs.fr\/index.php?rest_route=\/wp\/v2\/pages\/590\/revisions"}],"predecessor-version":[{"id":4076,"href":"http:\/\/venusdailleurs.fr\/index.php?rest_route=\/wp\/v2\/pages\/590\/revisions\/4076"}],"wp:attachment":[{"href":"http:\/\/venusdailleurs.fr\/index.php?rest_route=%2Fwp%2Fv2%2Fmedia&parent=590"}],"curies":[{"name":"wp","href":"https:\/\/api.w.org\/{rel}","templated":true}]}}