{"id":4574,"date":"2025-12-02T23:02:27","date_gmt":"2025-12-02T22:02:27","guid":{"rendered":"https:\/\/venusdailleurs.fr\/?page_id=4574"},"modified":"2025-12-02T23:02:27","modified_gmt":"2025-12-02T22:02:27","slug":"mais-qui-est-venus-dailleurs","status":"publish","type":"page","link":"http:\/\/venusdailleurs.fr\/?page_id=4574","title":{"rendered":"Mais qui est Venus, d\u2019ailleurs ?"},"content":{"rendered":"\n<p><em>Cr\u00e9\u00e9e en 2006 \u00e0 l\u2019initiative des artistes Aur\u00e9lie Aura et Yoan Armand Gil en qu\u00eate de surr\u00e9alit\u00e9, Venus d\u2019Ailleurs a pour but de r\u00e9unir des cr\u00e9ateurs partageant une m\u00eame forme de sensibilit\u00e9.<\/em><\/p>\n\n\n\n<p><em>Partant au d\u00e9part d\u2019une revue d\u2019artiste \u00e9ponyme, Venus d\u2019Ailleurs a d\u00e9velopp\u00e9 en 19 ans, une quinzaine de collections insolites regroupant plus d\u2019une centaine de publications, de l\u2019ouvrage litt\u00e9raire (Collection Pallas H\u00f4tel, Poiesis et Id\u00e9a) au livre d\u2019artiste (Collection la boite \u00e0 gant, Isis, carnet, Orteluque). Les autres m\u00e9diums ne sont pas sans reste puisque des collections sont consacr\u00e9es aux projets musicaux (Collection Muse Sick) aux films exp\u00e9rimentaux (Collection Anima) et au th\u00e9\u00e2tre de papier.<\/em><\/p>\n\n\n\n<p>Ce qui interpelle et attire l\u2019\u0153il du lecteur au premier abord dans les cr\u00e9ations des Venus d\u2019ailleurs, c\u2019est cette profusion de formes, cette multitude de possibles et d\u2019exp\u00e9rimentations plastiques, po\u00e9tiques, d\u00e9brid\u00e9es et audacieuses. Se jouant des fronti\u00e8res des genres, le nom Venus d\u2019Ailleurs devient le symbole d\u2019un collectif extensible et hybride, sans domicile \u00e9tabli, o\u00f9 cohabitent artistes et \u00e9crivains, mais \u00e9galement, \u2018patascientifiques, \u00e9sot\u00e9ristes, cin\u00e9astes, musiciens\u2026 Les contributeurs \u00e9voluent dans Venus d\u2019Ailleurs sur un mode subtilement anarchique et proposent d\u2019ouvrir un dialogue sans restriction\u2026<br>Avec le temps, le collectif se forge une identit\u00e9 polymorphe, intrigante, qui se d\u00e9ploie sur les tables de leurs lieux d\u2019expositions, rappelant les cabinets de curiosit\u00e9s du XVI\u00e8me si\u00e8cle.<\/p>\n\n\n\n<p>Extrait de <em>Venus, etc\u2026<\/em>, Karine Marchand<\/p>\n\n\n\n<p>Ce qui unit toutes ces personnalit\u00e9s dans Venus d\u2019Ailleurs r\u00e9side dans un esprit et une esth\u00e9tique. Une conception du livre comme merveille, mus\u00e9e portatif, utopie libertaire \u00e0 s\u2019approprier, entreprise sans fin et espace collaboratif d\u2019exp\u00e9rimentation graphique et litt\u00e9raire. (\u2026)<br>Ces Alice-l\u00e0 n\u2019ont jamais dout\u00e9 de la qualit\u00e9 du lait de l\u2019autre c\u00f4t\u00e9 du miroir et, s\u2019ils d\u00e9fient la rationalit\u00e9, ils mettent en \u0153uvre des dispositifs rigoureux tout en op\u00e9rant des d\u00e9placements renversants, g\u00e9n\u00e9rant une lecture du monde \u00e0 l\u2019endroit et \u00e0 l\u2019envers. Ils partagent l\u2019attrait pour des pratiques artistiques dans l\u2019ordre de la combinatoire, du collage et du montage. Ils fr\u00e9quentent les alentours du surr\u00e9alisme, du dada\u00efsme, de Fluxus, et les formes li\u00e9es \u00e0 l\u2019art de l\u2019illusion, du r\u00eave, du brut et du kitsch. Ils abusent du dissonant, de la circulation entre les arts et de l\u2019exploration sans GPS.<\/p>\n\n\n\n<p>Extrait de <em>\u00c9toile filante<\/em>, Jo\u00eblle Busca<\/p>\n\n\n\n<p>A travers les cr\u00e9ations des artistes r\u00e9unis ici, nous sentons qu\u2019une attention toute particuli\u00e8re est port\u00e9e aux repr\u00e9sentations constitu\u00e9es par la m\u00e9moire confront\u00e9e au monde actuel\u2026. Ils utilisent tous librement les images, mais dans le sens de l\u2019idea mani\u00e9riste o\u00f9 l\u2019image est per\u00e7ue par l\u2019esprit. Ils cr\u00e9ent une \u0153uvre charg\u00e9e de po\u00e9sie, un univers personnel, parfois parall\u00e8le \u00e0 celui qui nous est habituel. Ils construisent chacun un monde singulier. Ensemble, ils partagent une m\u00eame forme de sensibilit\u00e9 qui permet la connivence affective et intellectuelle. Une m\u00eame vision du monde, nourrie par les souvenirs de l\u2019enfance, le sens du merveilleux et de l\u2019alt\u00e9ration, enrichie par le \u00ab mus\u00e9e imaginaire \u00bb. Ces versions formelles, visuelles, spatiales et plastiques, incorporent des \u00e9l\u00e9ments hybrides du nouveau monde imaginaire de l\u2019homme moderne (bande dessin\u00e9e, cin\u00e9ma, publicit\u00e9, pop-up, etc.\u2026). Des r\u00e9seaux de significations apparaissent dans \u00ab leurs assemblages pluriels d\u2019images en constellations. \u00bb Ils ne confondent pas l\u2019image avec le mot en les associant sinon litt\u00e9ralement, comme pris au mot, au pied de la lettre, comme pied de nez ou coq \u00e0 l\u2019\u00e2ne, comme mot-valise ou mot-objet\u2026<\/p>\n\n\n\n<p>Extrait de <em>Th\u00e9\u00e2tres de la m\u00e9moire<\/em>, Bertrand Meyer Himhoff<\/p>\n\n\n\n<figure class=\"wp-block-image\"><img decoding=\"async\" loading=\"lazy\" width=\"2560\" height=\"900\" src=\"http:\/\/venusdailleurs.fr\/wp-content\/uploads\/2023\/06\/Photo-004-1-scaled.jpg\" alt=\"\" class=\"wp-image-2410\" srcset=\"http:\/\/venusdailleurs.fr\/wp-content\/uploads\/2023\/06\/Photo-004-1-scaled.jpg 2560w, http:\/\/venusdailleurs.fr\/wp-content\/uploads\/2023\/06\/Photo-004-1-300x105.jpg 300w, http:\/\/venusdailleurs.fr\/wp-content\/uploads\/2023\/06\/Photo-004-1-1024x360.jpg 1024w, http:\/\/venusdailleurs.fr\/wp-content\/uploads\/2023\/06\/Photo-004-1-768x270.jpg 768w, http:\/\/venusdailleurs.fr\/wp-content\/uploads\/2023\/06\/Photo-004-1-1536x540.jpg 1536w, http:\/\/venusdailleurs.fr\/wp-content\/uploads\/2023\/06\/Photo-004-1-2048x720.jpg 2048w\" sizes=\"(max-width: 2560px) 100vw, 2560px\" \/><\/figure>\n","protected":false},"excerpt":{"rendered":"<p>Cr\u00e9\u00e9e en 2006 \u00e0 l\u2019initiative des artistes Aur\u00e9lie Aura et Yoan Armand Gil en qu\u00eate de surr\u00e9alit\u00e9, Venus d\u2019Ailleurs a pour but de r\u00e9unir des cr\u00e9ateurs partageant une m\u00eame forme de sensibilit\u00e9. Partant au d\u00e9part d\u2019une revue d\u2019artiste \u00e9ponyme, Venus d\u2019Ailleurs a d\u00e9velopp\u00e9 en 19 ans, une quinzaine de collections insolites regroupant plus d\u2019une centaine &hellip; <a href=\"http:\/\/venusdailleurs.fr\/?page_id=4574\" class=\"more-link\">Continuer la lecture de <span class=\"screen-reader-text\">Mais qui est Venus, d\u2019ailleurs ?<\/span><\/a><\/p>\n","protected":false},"author":1,"featured_media":0,"parent":0,"menu_order":0,"comment_status":"closed","ping_status":"closed","template":"","meta":[],"_links":{"self":[{"href":"http:\/\/venusdailleurs.fr\/index.php?rest_route=\/wp\/v2\/pages\/4574"}],"collection":[{"href":"http:\/\/venusdailleurs.fr\/index.php?rest_route=\/wp\/v2\/pages"}],"about":[{"href":"http:\/\/venusdailleurs.fr\/index.php?rest_route=\/wp\/v2\/types\/page"}],"author":[{"embeddable":true,"href":"http:\/\/venusdailleurs.fr\/index.php?rest_route=\/wp\/v2\/users\/1"}],"replies":[{"embeddable":true,"href":"http:\/\/venusdailleurs.fr\/index.php?rest_route=%2Fwp%2Fv2%2Fcomments&post=4574"}],"version-history":[{"count":1,"href":"http:\/\/venusdailleurs.fr\/index.php?rest_route=\/wp\/v2\/pages\/4574\/revisions"}],"predecessor-version":[{"id":4575,"href":"http:\/\/venusdailleurs.fr\/index.php?rest_route=\/wp\/v2\/pages\/4574\/revisions\/4575"}],"wp:attachment":[{"href":"http:\/\/venusdailleurs.fr\/index.php?rest_route=%2Fwp%2Fv2%2Fmedia&parent=4574"}],"curies":[{"name":"wp","href":"https:\/\/api.w.org\/{rel}","templated":true}]}}