{"id":3981,"date":"2024-03-27T22:11:53","date_gmt":"2024-03-27T21:11:53","guid":{"rendered":"http:\/\/venusdailleurs.fr\/?page_id=3981"},"modified":"2024-03-27T22:11:53","modified_gmt":"2024-03-27T21:11:53","slug":"ivo-purs","status":"publish","type":"page","link":"http:\/\/venusdailleurs.fr\/?page_id=3981","title":{"rendered":"Ivo Pur\u0161"},"content":{"rendered":"\n<p>Ivo Pur\u0161 est un historien de l\u2019art tch\u00e8que sp\u00e9cialis\u00e9 dans le mani\u00e9risme et la relation que celui-ci entretient avec les sciences herm\u00e9tiques, notamment \u00e0 la cour de l\u2019empereur Rodolphe II. Traducteur, membre de l\u2019Acad\u00e9mie des sciences de la R\u00e9publique tch\u00e8que, il est depuis 2012 pr\u00e9sident de la Fondation du Fonds litt\u00e9raire tch\u00e8que.<br>Il est li\u00e9 un temps au groupe surr\u00e9aliste de Prague avec Martin Stejskal, Jan \u0160vankmajer, Eva \u0160vankmajerova et au groupe de Paris dont il publie des textes dans la revue <em>S.U.RR<\/em>.<br>Ami de Ren\u00e9 Alleau, il assure la traduction de plusieurs de ses principaux livres en tch\u00e8que et traduit \u00e9galement <em>\u00e0 la d\u00e9couverte de l\u2019alchimie<\/em> de Bernard Roger.<\/p>\n\n\n\n<p><strong><mark style=\"background-color:rgba(0, 0, 0, 0)\" class=\"has-inline-color has-medium-pink-color\">Ouvrage <\/mark><\/strong>: <a href=\"http:\/\/venusdailleurs.fr\/?page_id=3935\" data-type=\"page\" data-id=\"3935\">Le ch\u00e2teau \u00e9toil\u00e9 et la parole perdue<\/a><\/p>\n","protected":false},"excerpt":{"rendered":"<p>Ivo Pur\u0161 est un historien de l\u2019art tch\u00e8que sp\u00e9cialis\u00e9 dans le mani\u00e9risme et la relation que celui-ci entretient avec les sciences herm\u00e9tiques, notamment \u00e0 la cour de l\u2019empereur Rodolphe II. Traducteur, membre de l\u2019Acad\u00e9mie des sciences de la R\u00e9publique tch\u00e8que, il est depuis 2012 pr\u00e9sident de la Fondation du Fonds litt\u00e9raire tch\u00e8que.Il est li\u00e9 un &hellip; <a href=\"http:\/\/venusdailleurs.fr\/?page_id=3981\" class=\"more-link\">Continuer la lecture de <span class=\"screen-reader-text\">Ivo Pur\u0161<\/span><\/a><\/p>\n","protected":false},"author":1,"featured_media":0,"parent":0,"menu_order":0,"comment_status":"closed","ping_status":"closed","template":"","meta":[],"_links":{"self":[{"href":"http:\/\/venusdailleurs.fr\/index.php?rest_route=\/wp\/v2\/pages\/3981"}],"collection":[{"href":"http:\/\/venusdailleurs.fr\/index.php?rest_route=\/wp\/v2\/pages"}],"about":[{"href":"http:\/\/venusdailleurs.fr\/index.php?rest_route=\/wp\/v2\/types\/page"}],"author":[{"embeddable":true,"href":"http:\/\/venusdailleurs.fr\/index.php?rest_route=\/wp\/v2\/users\/1"}],"replies":[{"embeddable":true,"href":"http:\/\/venusdailleurs.fr\/index.php?rest_route=%2Fwp%2Fv2%2Fcomments&post=3981"}],"version-history":[{"count":1,"href":"http:\/\/venusdailleurs.fr\/index.php?rest_route=\/wp\/v2\/pages\/3981\/revisions"}],"predecessor-version":[{"id":3982,"href":"http:\/\/venusdailleurs.fr\/index.php?rest_route=\/wp\/v2\/pages\/3981\/revisions\/3982"}],"wp:attachment":[{"href":"http:\/\/venusdailleurs.fr\/index.php?rest_route=%2Fwp%2Fv2%2Fmedia&parent=3981"}],"curies":[{"name":"wp","href":"https:\/\/api.w.org\/{rel}","templated":true}]}}