{"id":3368,"date":"2023-06-14T00:17:41","date_gmt":"2023-06-13T22:17:41","guid":{"rendered":"http:\/\/venusdailleurs.fr\/?page_id=3368"},"modified":"2023-06-14T16:23:40","modified_gmt":"2023-06-14T14:23:40","slug":"obeline-flamand","status":"publish","type":"page","link":"http:\/\/venusdailleurs.fr\/?page_id=3368","title":{"rendered":"Ob\u00e9line Flamand"},"content":{"rendered":"<div class=\"wp-block-image\">\n<figure class=\"aligncenter size-large is-resized\"><img decoding=\"async\" loading=\"lazy\" src=\"http:\/\/venusdailleurs.fr\/wp-content\/uploads\/2023\/06\/Recueillir-le-fluide-781x1024.jpg\" alt=\"\" class=\"wp-image-3369\" width=\"381\" height=\"499\" srcset=\"http:\/\/venusdailleurs.fr\/wp-content\/uploads\/2023\/06\/Recueillir-le-fluide-781x1024.jpg 781w, http:\/\/venusdailleurs.fr\/wp-content\/uploads\/2023\/06\/Recueillir-le-fluide-229x300.jpg 229w, http:\/\/venusdailleurs.fr\/wp-content\/uploads\/2023\/06\/Recueillir-le-fluide-768x1007.jpg 768w, http:\/\/venusdailleurs.fr\/wp-content\/uploads\/2023\/06\/Recueillir-le-fluide-1172x1536.jpg 1172w, http:\/\/venusdailleurs.fr\/wp-content\/uploads\/2023\/06\/Recueillir-le-fluide-1562x2048.jpg 1562w, http:\/\/venusdailleurs.fr\/wp-content\/uploads\/2023\/06\/Recueillir-le-fluide-scaled.jpg 1953w\" sizes=\"(max-width: 381px) 100vw, 381px\" \/><\/figure><\/div>\n\n\n<p class=\"has-text-align-center\"><sup><em>Recueillir le fluide<\/em><\/sup><\/p>\n\n\n\n<p>Sa peinture s\u2019inscrit dans la cat\u00e9gorie \u00ab Abstrait-lyrique et symbolique\u00bb. Elle peint depuis environ 45 ans et a particip\u00e9 \u00e0 de nombreuses expositions, notamment \u00e0 la Galerie 1900-2000 \u00e0 Paris. Elle a aussi expos\u00e9 \u00e0 la Biennale de Venise en 1986 (\u00ab Art et Alchimie \u00bb, direction Arturo Schwarz). De nombreuses pr\u00e9faces et maints articles ont \u00e9t\u00e9 publi\u00e9s concernant son \u0153uvre par des critiques et \u00e9crivains : Jean-Clarence Lambert, Edmond Humeau, Simonomis, Jacques Arnold, Robert Amadou, Jean-Pierre Bayard, etc. On trouve sur son site (www.obelineflamand.fr) une importante monographie \u00e9crite par l\u2019\u00e9minent po\u00e8te et historien d\u2019art Elie-Charles Flamand, ainsi que ses textes th\u00e9oriques. Par ailleurs, elle a illustr\u00e9 de nombreux recueils de po\u00e8mes et des revues.<br>Voici comment elle d\u00e9finit sa d\u00e9marche picturale : je suis guid\u00e9e par le rayonnement du signe, point de d\u00e9part de l\u2019\u0153uvre. J\u2019utilise un r\u00e9pertoire d\u2019id\u00e9ogrammes \u00e9motionnels qui atteignent directement la sensibilit\u00e9 du spectateur et servent, par leur pouvoir d\u2019\u00e9vocation, de support pour son imagination. M\u00eame si le contemplateur n\u2019en conna\u00eet pas la \u00absignification\u00bb au premier degr\u00e9, le signe-arch\u00e9type universel, par sa coh\u00e9rence, son intensit\u00e9, sa subtilit\u00e9, s\u2019adresse \u00e0 la conscience instinctive.<\/p>\n\n\n\n<p><strong><mark style=\"background-color:rgba(0, 0, 0, 0)\" class=\"has-inline-color has-medium-pink-color\">Site <\/mark><\/strong>: <a href=\"http:\/\/www.obelineflamand.fr\">www.obelineflamand.fr<\/a><\/p>\n\n\n\n<p><strong><mark style=\"background-color:rgba(0, 0, 0, 0)\" class=\"has-inline-color has-medium-pink-color\">Ouvrage <\/mark><\/strong>: <a href=\"http:\/\/venusdailleurs.fr\/?page_id=2419\" data-type=\"page\" data-id=\"2419\">\u00e0 flanc d&rsquo;ab\u00eeme<\/a><\/p>\n\n\n\n<p><strong><mark style=\"background-color:rgba(0, 0, 0, 0)\" class=\"has-inline-color has-medium-pink-color\">Exposition <\/mark><\/strong>: \u00e0 flanc d&rsquo;ab\u00eeme<\/p>\n","protected":false},"excerpt":{"rendered":"<p>Recueillir le fluide Sa peinture s\u2019inscrit dans la cat\u00e9gorie \u00ab Abstrait-lyrique et symbolique\u00bb. Elle peint depuis environ 45 ans et a particip\u00e9 \u00e0 de nombreuses expositions, notamment \u00e0 la Galerie 1900-2000 \u00e0 Paris. Elle a aussi expos\u00e9 \u00e0 la Biennale de Venise en 1986 (\u00ab Art et Alchimie \u00bb, direction Arturo Schwarz). De nombreuses pr\u00e9faces &hellip; <a href=\"http:\/\/venusdailleurs.fr\/?page_id=3368\" class=\"more-link\">Continuer la lecture de <span class=\"screen-reader-text\">Ob\u00e9line Flamand<\/span><\/a><\/p>\n","protected":false},"author":1,"featured_media":0,"parent":0,"menu_order":0,"comment_status":"closed","ping_status":"closed","template":"","meta":[],"_links":{"self":[{"href":"http:\/\/venusdailleurs.fr\/index.php?rest_route=\/wp\/v2\/pages\/3368"}],"collection":[{"href":"http:\/\/venusdailleurs.fr\/index.php?rest_route=\/wp\/v2\/pages"}],"about":[{"href":"http:\/\/venusdailleurs.fr\/index.php?rest_route=\/wp\/v2\/types\/page"}],"author":[{"embeddable":true,"href":"http:\/\/venusdailleurs.fr\/index.php?rest_route=\/wp\/v2\/users\/1"}],"replies":[{"embeddable":true,"href":"http:\/\/venusdailleurs.fr\/index.php?rest_route=%2Fwp%2Fv2%2Fcomments&post=3368"}],"version-history":[{"count":2,"href":"http:\/\/venusdailleurs.fr\/index.php?rest_route=\/wp\/v2\/pages\/3368\/revisions"}],"predecessor-version":[{"id":3530,"href":"http:\/\/venusdailleurs.fr\/index.php?rest_route=\/wp\/v2\/pages\/3368\/revisions\/3530"}],"wp:attachment":[{"href":"http:\/\/venusdailleurs.fr\/index.php?rest_route=%2Fwp%2Fv2%2Fmedia&parent=3368"}],"curies":[{"name":"wp","href":"https:\/\/api.w.org\/{rel}","templated":true}]}}