{"id":3307,"date":"2023-06-13T22:39:20","date_gmt":"2023-06-13T20:39:20","guid":{"rendered":"http:\/\/venusdailleurs.fr\/?page_id=3307"},"modified":"2024-07-06T22:07:40","modified_gmt":"2024-07-06T20:07:40","slug":"jan-svankmajer","status":"publish","type":"page","link":"http:\/\/venusdailleurs.fr\/?page_id=3307","title":{"rendered":"Jan \u0160vankmajer"},"content":{"rendered":"\n<p><\/p>\n\n\n\n<figure class=\"wp-block-image size-large\"><img decoding=\"async\" loading=\"lazy\" width=\"1024\" height=\"910\" src=\"http:\/\/venusdailleurs.fr\/wp-content\/uploads\/2023\/06\/Noces-alchimiques-du-cycles-Alchimie-1994-66-x68x-36-cm-1024x910.jpg\" alt=\"\" class=\"wp-image-3308\" srcset=\"http:\/\/venusdailleurs.fr\/wp-content\/uploads\/2023\/06\/Noces-alchimiques-du-cycles-Alchimie-1994-66-x68x-36-cm-1024x910.jpg 1024w, http:\/\/venusdailleurs.fr\/wp-content\/uploads\/2023\/06\/Noces-alchimiques-du-cycles-Alchimie-1994-66-x68x-36-cm-300x267.jpg 300w, http:\/\/venusdailleurs.fr\/wp-content\/uploads\/2023\/06\/Noces-alchimiques-du-cycles-Alchimie-1994-66-x68x-36-cm-768x683.jpg 768w, http:\/\/venusdailleurs.fr\/wp-content\/uploads\/2023\/06\/Noces-alchimiques-du-cycles-Alchimie-1994-66-x68x-36-cm-1536x1365.jpg 1536w, http:\/\/venusdailleurs.fr\/wp-content\/uploads\/2023\/06\/Noces-alchimiques-du-cycles-Alchimie-1994-66-x68x-36-cm.jpg 2035w\" sizes=\"(max-width: 1024px) 100vw, 1024px\" \/><\/figure>\n\n\n\n<p>Artiste, cin\u00e9aste, marionnettiste et c\u00e9ramiste, Jan \u0160vankmajer int\u00e8gre le groupe surr\u00e9aliste tch\u00e8que en 1970. Selon Svankmajer, \u00ab le surr\u00e9alisme est un voyage dans les profondeurs de l\u2019\u00e2me, comme l\u2019alchimie et la psychanalyse. Mais contrairement \u00e0 ces deux derni\u00e8res, il ne s\u2019agit pas d\u2019un voyage individuel mais d\u2019une aventure collective \u00bb.<br>Son \u0153uvre est caract\u00e9ris\u00e9e par une forme d\u2019ironie politique. Il propose un contre-projet \u00e0 la vision mat\u00e9rialiste et consum\u00e9riste du monde capitaliste en int\u00e9grant, d\u00e9tournant et en valorisant les objets du quotidien dans son travail. Ses nombreux films d\u2019animation d\u00e9ploient un imaginaire fantastique suscitant une forte impression d\u2019inqui\u00e9tante \u00e9tranget\u00e9. Ils s\u2019inspirent de l\u2019imagerie mani\u00e9riste praguoise, d\u2019Arcimboldo aux laboratoires alchimiques et aux cabinets de curiosit\u00e9s de Rodolphe II, mais aussi des r\u00e9cits merveilleux, comme le film Alice (1988) adaptation inattendue du roman de Lewis Carroll. En 1992, \u0160vankmajer et Jarom\u00edr Kallista cr\u00e9ent la soci\u00e9t\u00e9 de production Athanor, nom tir\u00e9 du fourneau utilis\u00e9 par les alchimistes.<\/p>\n\n\n\n<p><strong><mark style=\"background-color:rgba(0, 0, 0, 0)\" class=\"has-inline-color has-medium-pink-color\">Site <\/mark><\/strong>: <a href=\"https:\/\/fr.wikipedia.org\/wiki\/Jan_%C5%A0vankmajer\">Wiki<\/a><\/p>\n\n\n\n<p><strong><mark style=\"background-color:rgba(0, 0, 0, 0)\" class=\"has-inline-color has-medium-pink-color\">Ouvrages <\/mark><\/strong>:<\/p>\n\n\n\n<p><a href=\"http:\/\/venusdailleurs.fr\/?page_id=2366\">L\u2019\u0153il H\u00e9liotrope \u2013 La revue<\/a> Le grand inconnu<\/p>\n\n\n\n<p><a href=\"http:\/\/venusdailleurs.fr\/?page_id=2419\" data-type=\"page\" data-id=\"2419\">\u00e0 flanc d&rsquo;ab\u00eeme<\/a><\/p>\n\n\n\n<p><a href=\"http:\/\/venusdailleurs.fr\/?page_id=3935\">Le ch\u00e2teau \u00e9toil\u00e9 et la parole perdue<\/a><\/p>\n\n\n\n<p><strong><mark style=\"background-color:rgba(0, 0, 0, 0)\" class=\"has-inline-color has-medium-pink-color\">Expositions <\/mark><\/strong>:<\/p>\n\n\n\n<p><a href=\"http:\/\/venusdailleurs.fr\/?page_id=590\">Oh ! Mage A Pi R hand r\u00e9 b\u0153uf noix<\/a><\/p>\n\n\n\n<p><a href=\"http:\/\/venusdailleurs.fr\/?page_id=1663\">Le grand inconnu<\/a><\/p>\n\n\n\n<p><a href=\"http:\/\/venusdailleurs.fr\/?page_id=3865\">\u00e0 flanc d&rsquo;ab\u00eeme, surr\u00e9alisme et alchimie<\/a><\/p>\n\n\n\n<p>Le ch\u00e2teau \u00e9toil\u00e9 et la parole perdue<\/p>\n\n\n<div class=\"wp-block-image\">\n<figure class=\"aligncenter size-large is-resized\"><img decoding=\"async\" loading=\"lazy\" src=\"http:\/\/venusdailleurs.fr\/wp-content\/uploads\/2023\/06\/720Jan20Svankmajer_edited_edited-790x1024.jpg\" alt=\"\" class=\"wp-image-3734\" width=\"474\" height=\"614\" srcset=\"http:\/\/venusdailleurs.fr\/wp-content\/uploads\/2023\/06\/720Jan20Svankmajer_edited_edited-790x1024.jpg 790w, http:\/\/venusdailleurs.fr\/wp-content\/uploads\/2023\/06\/720Jan20Svankmajer_edited_edited-232x300.jpg 232w, http:\/\/venusdailleurs.fr\/wp-content\/uploads\/2023\/06\/720Jan20Svankmajer_edited_edited-768x995.jpg 768w, http:\/\/venusdailleurs.fr\/wp-content\/uploads\/2023\/06\/720Jan20Svankmajer_edited_edited.jpg 1038w\" sizes=\"(max-width: 474px) 100vw, 474px\" \/><\/figure><\/div>","protected":false},"excerpt":{"rendered":"<p>Artiste, cin\u00e9aste, marionnettiste et c\u00e9ramiste, Jan \u0160vankmajer int\u00e8gre le groupe surr\u00e9aliste tch\u00e8que en 1970. Selon Svankmajer, \u00ab le surr\u00e9alisme est un voyage dans les profondeurs de l\u2019\u00e2me, comme l\u2019alchimie et la psychanalyse. Mais contrairement \u00e0 ces deux derni\u00e8res, il ne s\u2019agit pas d\u2019un voyage individuel mais d\u2019une aventure collective \u00bb.Son \u0153uvre est caract\u00e9ris\u00e9e par une &hellip; <a href=\"http:\/\/venusdailleurs.fr\/?page_id=3307\" class=\"more-link\">Continuer la lecture de <span class=\"screen-reader-text\">Jan \u0160vankmajer<\/span><\/a><\/p>\n","protected":false},"author":1,"featured_media":0,"parent":0,"menu_order":0,"comment_status":"closed","ping_status":"closed","template":"","meta":[],"_links":{"self":[{"href":"http:\/\/venusdailleurs.fr\/index.php?rest_route=\/wp\/v2\/pages\/3307"}],"collection":[{"href":"http:\/\/venusdailleurs.fr\/index.php?rest_route=\/wp\/v2\/pages"}],"about":[{"href":"http:\/\/venusdailleurs.fr\/index.php?rest_route=\/wp\/v2\/types\/page"}],"author":[{"embeddable":true,"href":"http:\/\/venusdailleurs.fr\/index.php?rest_route=\/wp\/v2\/users\/1"}],"replies":[{"embeddable":true,"href":"http:\/\/venusdailleurs.fr\/index.php?rest_route=%2Fwp%2Fv2%2Fcomments&post=3307"}],"version-history":[{"count":7,"href":"http:\/\/venusdailleurs.fr\/index.php?rest_route=\/wp\/v2\/pages\/3307\/revisions"}],"predecessor-version":[{"id":4078,"href":"http:\/\/venusdailleurs.fr\/index.php?rest_route=\/wp\/v2\/pages\/3307\/revisions\/4078"}],"wp:attachment":[{"href":"http:\/\/venusdailleurs.fr\/index.php?rest_route=%2Fwp%2Fv2%2Fmedia&parent=3307"}],"curies":[{"name":"wp","href":"https:\/\/api.w.org\/{rel}","templated":true}]}}