{"id":3204,"date":"2023-06-12T22:16:56","date_gmt":"2023-06-12T20:16:56","guid":{"rendered":"http:\/\/venusdailleurs.fr\/?page_id=3204"},"modified":"2023-06-14T20:05:02","modified_gmt":"2023-06-14T18:05:02","slug":"pier-tardif","status":"publish","type":"page","link":"http:\/\/venusdailleurs.fr\/?page_id=3204","title":{"rendered":"Pier Tardif"},"content":{"rendered":"<div class=\"wp-block-image\">\n<figure class=\"aligncenter size-full is-resized\"><img decoding=\"async\" loading=\"lazy\" src=\"http:\/\/venusdailleurs.fr\/wp-content\/uploads\/2023\/06\/5c757e_788f6773bdf14125b7f98afb6289f01e.webp\" alt=\"\" class=\"wp-image-3698\" width=\"292\" height=\"436\" srcset=\"http:\/\/venusdailleurs.fr\/wp-content\/uploads\/2023\/06\/5c757e_788f6773bdf14125b7f98afb6289f01e.webp 522w, http:\/\/venusdailleurs.fr\/wp-content\/uploads\/2023\/06\/5c757e_788f6773bdf14125b7f98afb6289f01e-201x300.webp 201w\" sizes=\"(max-width: 292px) 100vw, 292px\" \/><\/figure><\/div>\n\n\n<p>Monsieur Loyal V\u00e9nusien regrett\u00e9<\/p>\n\n\n\n<p>Com\u00e9dien surr\u00e9el<\/p>\n\n\n\n<p>Musicien touche \u00e0 tout<\/p>\n\n\n\n<p>Yogi des Salins<\/p>\n\n\n\n<p><\/p>\n\n\n\n<p><strong><mark style=\"background-color:rgba(0, 0, 0, 0)\" class=\"has-inline-color has-medium-pink-color\">Discographie<\/mark><\/strong> :<\/p>\n\n\n\n<p><a href=\"http:\/\/venusdailleurs.fr\/?page_id=2648\">Muse Sick<\/a> : Dada Gong, Parades automates, Bruit d&rsquo;Or, Guez Ricord Duo<\/p>\n\n\n\n<p><\/p>\n\n\n\n<p><mark style=\"background-color:rgba(0, 0, 0, 0)\" class=\"has-inline-color has-medium-pink-color\"><strong>Ouvrages<\/strong> <\/mark>:<\/p>\n\n\n\n<p><a href=\"http:\/\/venusdailleurs.fr\/?page_id=2609\">Th\u00e9\u00e2tres de la m\u00e9moire<\/a><\/p>\n\n\n\n<p><a href=\"http:\/\/venusdailleurs.fr\/?page_id=2027\">VENUS D\u2019AILLEURS, la revue<\/a> n\u00b05, 12<\/p>\n\n\n\n<p><a href=\"http:\/\/venusdailleurs.fr\/?page_id=2393\">La Kallista &amp; Venus d\u2019ailleurs : coffret Guez Ricord<\/a><\/p>\n\n\n\n<p><\/p>\n\n\n\n<p><strong><mark style=\"background-color:rgba(0, 0, 0, 0)\" class=\"has-inline-color has-medium-pink-color\">\u00e9v\u00e8nements <\/mark><\/strong>:<\/p>\n\n\n\n<p><a href=\"http:\/\/venusdailleurs.fr\/?page_id=590\">Oh ! Mage A Pi R hand r\u00e9 b\u0153uf noix<\/a><\/p>\n\n\n\n<p><a href=\"http:\/\/venusdailleurs.fr\/?page_id=1065\">Th\u00e9\u00e2tres de la m\u00e9moire<\/a><\/p>\n\n\n\n<p><a href=\"http:\/\/venusdailleurs.fr\/?page_id=842\" data-type=\"page\" data-id=\"842\">Fol&rsquo;\u00e9t\u00e9 &#8211; Galerie La Nef<\/a><\/p>\n\n\n\n<p><\/p>\n\n\n\n<figure class=\"wp-block-gallery has-nested-images columns-default is-cropped wp-block-gallery-1 is-layout-flex\">\n<figure class=\"wp-block-image size-large\"><img decoding=\"async\" loading=\"lazy\" width=\"402\" height=\"600\" data-id=\"3702\"  src=\"http:\/\/venusdailleurs.fr\/wp-content\/uploads\/2023\/06\/5c757e_a3c94266f1e349888fc9bb915cc546fb.webp\" alt=\"\" class=\"wp-image-3702\" srcset=\"http:\/\/venusdailleurs.fr\/wp-content\/uploads\/2023\/06\/5c757e_a3c94266f1e349888fc9bb915cc546fb.webp 402w, http:\/\/venusdailleurs.fr\/wp-content\/uploads\/2023\/06\/5c757e_a3c94266f1e349888fc9bb915cc546fb-201x300.webp 201w\" sizes=\"(max-width: 402px) 100vw, 402px\" \/><\/figure>\n\n\n\n<figure class=\"wp-block-image size-large\"><img decoding=\"async\" loading=\"lazy\" width=\"360\" height=\"480\" data-id=\"3700\"  src=\"http:\/\/venusdailleurs.fr\/wp-content\/uploads\/2023\/06\/5c757e_f6e22bb4557644b88232b95fb4a26000.webp\" alt=\"\" class=\"wp-image-3700\" srcset=\"http:\/\/venusdailleurs.fr\/wp-content\/uploads\/2023\/06\/5c757e_f6e22bb4557644b88232b95fb4a26000.webp 360w, http:\/\/venusdailleurs.fr\/wp-content\/uploads\/2023\/06\/5c757e_f6e22bb4557644b88232b95fb4a26000-225x300.webp 225w\" sizes=\"(max-width: 360px) 100vw, 360px\" \/><\/figure>\n\n\n\n<figure class=\"wp-block-image size-large\"><img decoding=\"async\" loading=\"lazy\" width=\"360\" height=\"480\" data-id=\"3701\"  src=\"http:\/\/venusdailleurs.fr\/wp-content\/uploads\/2023\/06\/5c757e_f0c68ce6b1a2450da0fb155f32616cb5.webp\" alt=\"\" class=\"wp-image-3701\" srcset=\"http:\/\/venusdailleurs.fr\/wp-content\/uploads\/2023\/06\/5c757e_f0c68ce6b1a2450da0fb155f32616cb5.webp 360w, http:\/\/venusdailleurs.fr\/wp-content\/uploads\/2023\/06\/5c757e_f0c68ce6b1a2450da0fb155f32616cb5-225x300.webp 225w\" sizes=\"(max-width: 360px) 100vw, 360px\" \/><\/figure>\n\n\n\n<figure class=\"wp-block-image size-large\"><img decoding=\"async\" loading=\"lazy\" width=\"360\" height=\"480\" data-id=\"3699\"  src=\"http:\/\/venusdailleurs.fr\/wp-content\/uploads\/2023\/06\/5c757e_2015f8ab396f4aa2b7fc867396c9ab7a.webp\" alt=\"\" class=\"wp-image-3699\" srcset=\"http:\/\/venusdailleurs.fr\/wp-content\/uploads\/2023\/06\/5c757e_2015f8ab396f4aa2b7fc867396c9ab7a.webp 360w, http:\/\/venusdailleurs.fr\/wp-content\/uploads\/2023\/06\/5c757e_2015f8ab396f4aa2b7fc867396c9ab7a-225x300.webp 225w\" sizes=\"(max-width: 360px) 100vw, 360px\" \/><\/figure>\n<\/figure>\n","protected":false},"excerpt":{"rendered":"<p>Monsieur Loyal V\u00e9nusien regrett\u00e9 Com\u00e9dien surr\u00e9el Musicien touche \u00e0 tout Yogi des Salins Discographie : Muse Sick : Dada Gong, Parades automates, Bruit d&rsquo;Or, Guez Ricord Duo Ouvrages : Th\u00e9\u00e2tres de la m\u00e9moire VENUS D\u2019AILLEURS, la revue n\u00b05, 12 La Kallista &amp; Venus d\u2019ailleurs : coffret Guez Ricord \u00e9v\u00e8nements : Oh ! Mage A Pi &hellip; <a href=\"http:\/\/venusdailleurs.fr\/?page_id=3204\" class=\"more-link\">Continuer la lecture de <span class=\"screen-reader-text\">Pier Tardif<\/span><\/a><\/p>\n","protected":false},"author":1,"featured_media":0,"parent":0,"menu_order":0,"comment_status":"closed","ping_status":"closed","template":"","meta":[],"_links":{"self":[{"href":"http:\/\/venusdailleurs.fr\/index.php?rest_route=\/wp\/v2\/pages\/3204"}],"collection":[{"href":"http:\/\/venusdailleurs.fr\/index.php?rest_route=\/wp\/v2\/pages"}],"about":[{"href":"http:\/\/venusdailleurs.fr\/index.php?rest_route=\/wp\/v2\/types\/page"}],"author":[{"embeddable":true,"href":"http:\/\/venusdailleurs.fr\/index.php?rest_route=\/wp\/v2\/users\/1"}],"replies":[{"embeddable":true,"href":"http:\/\/venusdailleurs.fr\/index.php?rest_route=%2Fwp%2Fv2%2Fcomments&post=3204"}],"version-history":[{"count":3,"href":"http:\/\/venusdailleurs.fr\/index.php?rest_route=\/wp\/v2\/pages\/3204\/revisions"}],"predecessor-version":[{"id":3703,"href":"http:\/\/venusdailleurs.fr\/index.php?rest_route=\/wp\/v2\/pages\/3204\/revisions\/3703"}],"wp:attachment":[{"href":"http:\/\/venusdailleurs.fr\/index.php?rest_route=%2Fwp%2Fv2%2Fmedia&parent=3204"}],"curies":[{"name":"wp","href":"https:\/\/api.w.org\/{rel}","templated":true}]}}