{"id":3188,"date":"2023-06-12T22:12:33","date_gmt":"2023-06-12T20:12:33","guid":{"rendered":"http:\/\/venusdailleurs.fr\/?page_id=3188"},"modified":"2023-06-14T15:53:25","modified_gmt":"2023-06-14T13:53:25","slug":"bernard-roger","status":"publish","type":"page","link":"http:\/\/venusdailleurs.fr\/?page_id=3188","title":{"rendered":"Bernard Roger"},"content":{"rendered":"<div class=\"wp-block-image\">\n<figure class=\"aligncenter size-full is-resized\"><img decoding=\"async\" loading=\"lazy\" src=\"http:\/\/venusdailleurs.fr\/wp-content\/uploads\/2023\/06\/AVT_Bernard-Roger_8533.webp\" alt=\"\" class=\"wp-image-3325\" width=\"237\" height=\"225\" srcset=\"http:\/\/venusdailleurs.fr\/wp-content\/uploads\/2023\/06\/AVT_Bernard-Roger_8533.webp 515w, http:\/\/venusdailleurs.fr\/wp-content\/uploads\/2023\/06\/AVT_Bernard-Roger_8533-300x284.webp 300w\" sizes=\"(max-width: 237px) 100vw, 237px\" \/><\/figure><\/div>\n\n\n<p>Bernard Roger poursuit \u00e0 Paris une carri\u00e8re d\u2019architecte parall\u00e8lement \u00e0 celle d\u2019\u00e9crivain. En 1951, sa signature se retrouve au bas de certains des billets surr\u00e9alistes publi\u00e9s dans le journal anarchiste Le Libertaire. Il a collabor\u00e9 \u00e0 L\u2019\u00c2ge du cin\u00e9ma, en 1951, \u00e0 M\u00e9dium, en 1952 et 1953, \u00e0 L\u2019Archibras, de 1967 \u00e0 1969, et au Bulletin de Liaison Surr\u00e9aliste, en 1971.<br>Membre du groupe surr\u00e9aliste parisien, il s\u2019en \u00e9loigne pour mieux se consacrer \u00e0 la Franc-Ma\u00e7onnerie et \u00e0 l\u2019alchimie, mais il reste li\u00e9 au mouvement en entretenant des rapports privil\u00e9gi\u00e9s avec Jorge Camacho et Marie-Dominique Massoni.<br>Dans le prolongement des travaux de Fulcanelli et du Cercle Herm\u00e8s dont il fit partie aux c\u00f4t\u00e9s de Ren\u00e9 Alleau, \u00e9lie-Charles Flamand, Guy-Ren\u00e9 Doumayrou (pour ne citer qu\u2019eux\u2026), Roger \u00e9tudie la pr\u00e9sence d\u2019embl\u00e8mes alchimiques dans l\u2019architecture.<br>Son dernier ouvrage, Les demeures de l\u2019invisible, livre d\u2019une grande \u00e9rudition, se consacre aux rapports entre cet art architectural et celui d\u2019Herm\u00e8s, du \u00ab commencement des temps \u00bb jusqu\u2019au surr\u00e9alisme.<\/p>\n\n\n\n<p><strong><mark style=\"background-color:rgba(0, 0, 0, 0)\" class=\"has-inline-color has-medium-pink-color\">Site <\/mark><\/strong>: <a href=\"https:\/\/www.babelio.com\/auteur\/Bernard-Roger\/90891\">Babelio<\/a><\/p>\n\n\n\n<p><strong><mark style=\"background-color:rgba(0, 0, 0, 0)\" class=\"has-inline-color has-medium-pink-color\">Ouvrages <\/mark><\/strong>:<\/p>\n\n\n\n<p><a href=\"http:\/\/venusdailleurs.fr\/?page_id=2353\" data-type=\"page\" data-id=\"2353\">Les demeures de l&rsquo;invisible<\/a><\/p>\n\n\n\n<p><a href=\"http:\/\/venusdailleurs.fr\/?page_id=2419\" data-type=\"page\" data-id=\"2419\">\u00e0 flanc d&rsquo;ab\u00eeme<\/a><\/p>\n\n\n\n<p><strong><mark style=\"background-color:rgba(0, 0, 0, 0)\" class=\"has-inline-color has-medium-pink-color\">Exposition <\/mark><\/strong>:<\/p>\n\n\n\n<p>\u00e0 flanc d&rsquo;ab\u00eeme<\/p>\n","protected":false},"excerpt":{"rendered":"<p>Bernard Roger poursuit \u00e0 Paris une carri\u00e8re d\u2019architecte parall\u00e8lement \u00e0 celle d\u2019\u00e9crivain. En 1951, sa signature se retrouve au bas de certains des billets surr\u00e9alistes publi\u00e9s dans le journal anarchiste Le Libertaire. Il a collabor\u00e9 \u00e0 L\u2019\u00c2ge du cin\u00e9ma, en 1951, \u00e0 M\u00e9dium, en 1952 et 1953, \u00e0 L\u2019Archibras, de 1967 \u00e0 1969, et au &hellip; <a href=\"http:\/\/venusdailleurs.fr\/?page_id=3188\" class=\"more-link\">Continuer la lecture de <span class=\"screen-reader-text\">Bernard Roger<\/span><\/a><\/p>\n","protected":false},"author":1,"featured_media":0,"parent":0,"menu_order":0,"comment_status":"closed","ping_status":"closed","template":"","meta":[],"_links":{"self":[{"href":"http:\/\/venusdailleurs.fr\/index.php?rest_route=\/wp\/v2\/pages\/3188"}],"collection":[{"href":"http:\/\/venusdailleurs.fr\/index.php?rest_route=\/wp\/v2\/pages"}],"about":[{"href":"http:\/\/venusdailleurs.fr\/index.php?rest_route=\/wp\/v2\/types\/page"}],"author":[{"embeddable":true,"href":"http:\/\/venusdailleurs.fr\/index.php?rest_route=\/wp\/v2\/users\/1"}],"replies":[{"embeddable":true,"href":"http:\/\/venusdailleurs.fr\/index.php?rest_route=%2Fwp%2Fv2%2Fcomments&post=3188"}],"version-history":[{"count":3,"href":"http:\/\/venusdailleurs.fr\/index.php?rest_route=\/wp\/v2\/pages\/3188\/revisions"}],"predecessor-version":[{"id":3472,"href":"http:\/\/venusdailleurs.fr\/index.php?rest_route=\/wp\/v2\/pages\/3188\/revisions\/3472"}],"wp:attachment":[{"href":"http:\/\/venusdailleurs.fr\/index.php?rest_route=%2Fwp%2Fv2%2Fmedia&parent=3188"}],"curies":[{"name":"wp","href":"https:\/\/api.w.org\/{rel}","templated":true}]}}