{"id":3166,"date":"2023-06-12T21:54:56","date_gmt":"2023-06-12T19:54:56","guid":{"rendered":"http:\/\/venusdailleurs.fr\/?page_id=3166"},"modified":"2023-06-14T18:22:09","modified_gmt":"2023-06-14T16:22:09","slug":"philippe-pissier","status":"publish","type":"page","link":"http:\/\/venusdailleurs.fr\/?page_id=3166","title":{"rendered":"Philippe Pissier"},"content":{"rendered":"<div class=\"wp-block-image\">\n<figure class=\"aligncenter size-full\"><img decoding=\"async\" loading=\"lazy\" width=\"363\" height=\"499\" src=\"http:\/\/venusdailleurs.fr\/wp-content\/uploads\/2023\/06\/tarot02.jpg\" alt=\"\" class=\"wp-image-3608\" srcset=\"http:\/\/venusdailleurs.fr\/wp-content\/uploads\/2023\/06\/tarot02.jpg 363w, http:\/\/venusdailleurs.fr\/wp-content\/uploads\/2023\/06\/tarot02-218x300.jpg 218w\" sizes=\"(max-width: 363px) 100vw, 363px\" \/><\/figure><\/div>\n\n\n<p>En 2009&#8230; L&rsquo;artiste lotois Philippe Pissier risque 3 ans d&#8217;emprisonnement et 75.000 euros d&rsquo;amende pour avoir pr\u00e9tend\u00fbment viol\u00e9 l&rsquo;article 227-24 du Nouveau Code P\u00e9nal, lequel stipule : \u00abLe fait soit de fabriquer, de transporter, de diffuser par quelque moyen que ce soit et quel qu&rsquo;en soit le support un message \u00e0 caract\u00e8re violent ou pornographique ou de nature \u00e0 porter gravement atteinte \u00e0 la dignit\u00e9 humaine, soit de faire commerce d&rsquo;un tel message, est puni de trois ans d&#8217;emprisonnement et de 75000 euros d&rsquo;amende lorsque ce message est susceptible d&rsquo;\u00eatre vu ou per\u00e7u par un mineur.\u00bb. Pr\u00e9cisons qu&rsquo;il s&rsquo;agit de l&rsquo;un des cinq articles que d\u00e9sire voir abrog\u00e9s la Ligue des Droits de l&rsquo;Homme&#8230; l&rsquo;expression \u00ab susceptible de \u00bb ne pouvant qu&rsquo;avoir des cons\u00e9quences liberticides.En fait de pornographie, il est incrimin\u00e9 pour 4 cartes postales (des collages \u00e9rotiques repr\u00e9sentant une paire de seins orn\u00e9s de pinces \u00e0 linge) exp\u00e9di\u00e9es pour les besoins d&rsquo;une exposition d&rsquo;Art Postal (Mail-Art) organis\u00e9e en Allemagne par Mr Mark Falkant. A la suite de quoi, le 3 juillet 2008, il est auditionn\u00e9 en son village de Castelnau-Montratier par la Brigade de Recherches de la Gendarmerie de Cahors, laquelle m\u00e8ne une proc\u00e9dure totalement abusive qui d\u00e9bouche sur une perquisition et la saisie de son ordinateur (qui est aussi son outil de travail)&#8230;<\/p>\n\n\n\n<p><strong><mark style=\"background-color:rgba(0, 0, 0, 0)\" class=\"has-inline-color has-medium-pink-color\">Ouvrages <\/mark><\/strong>:<\/p>\n\n\n\n<p><a href=\"http:\/\/venusdailleurs.fr\/?page_id=2027\">VENUS D\u2019AILLEURS, la revue<\/a> n\u00b08<\/p>\n\n\n\n<p><a href=\"http:\/\/venusdailleurs.fr\/?page_id=2414\">Oh! Mage Pierre Andr\u00e9 Benoit \u2013 Taz Case<\/a><\/p>\n\n\n\n<p><strong><mark style=\"background-color:rgba(0, 0, 0, 0)\" class=\"has-inline-color has-medium-pink-color\">Exposition <\/mark><\/strong>:<\/p>\n\n\n\n<p><a href=\"http:\/\/venusdailleurs.fr\/?page_id=590\">Oh ! Mage A Pi R hand r\u00e9 b\u0153uf noix<\/a><\/p>\n","protected":false},"excerpt":{"rendered":"<p>En 2009&#8230; L&rsquo;artiste lotois Philippe Pissier risque 3 ans d&#8217;emprisonnement et 75.000 euros d&rsquo;amende pour avoir pr\u00e9tend\u00fbment viol\u00e9 l&rsquo;article 227-24 du Nouveau Code P\u00e9nal, lequel stipule : \u00abLe fait soit de fabriquer, de transporter, de diffuser par quelque moyen que ce soit et quel qu&rsquo;en soit le support un message \u00e0 caract\u00e8re violent ou pornographique &hellip; <a href=\"http:\/\/venusdailleurs.fr\/?page_id=3166\" class=\"more-link\">Continuer la lecture de <span class=\"screen-reader-text\">Philippe Pissier<\/span><\/a><\/p>\n","protected":false},"author":1,"featured_media":0,"parent":0,"menu_order":0,"comment_status":"closed","ping_status":"closed","template":"","meta":[],"_links":{"self":[{"href":"http:\/\/venusdailleurs.fr\/index.php?rest_route=\/wp\/v2\/pages\/3166"}],"collection":[{"href":"http:\/\/venusdailleurs.fr\/index.php?rest_route=\/wp\/v2\/pages"}],"about":[{"href":"http:\/\/venusdailleurs.fr\/index.php?rest_route=\/wp\/v2\/types\/page"}],"author":[{"embeddable":true,"href":"http:\/\/venusdailleurs.fr\/index.php?rest_route=\/wp\/v2\/users\/1"}],"replies":[{"embeddable":true,"href":"http:\/\/venusdailleurs.fr\/index.php?rest_route=%2Fwp%2Fv2%2Fcomments&post=3166"}],"version-history":[{"count":3,"href":"http:\/\/venusdailleurs.fr\/index.php?rest_route=\/wp\/v2\/pages\/3166\/revisions"}],"predecessor-version":[{"id":3610,"href":"http:\/\/venusdailleurs.fr\/index.php?rest_route=\/wp\/v2\/pages\/3166\/revisions\/3610"}],"wp:attachment":[{"href":"http:\/\/venusdailleurs.fr\/index.php?rest_route=%2Fwp%2Fv2%2Fmedia&parent=3166"}],"curies":[{"name":"wp","href":"https:\/\/api.w.org\/{rel}","templated":true}]}}