{"id":3146,"date":"2023-06-12T21:47:51","date_gmt":"2023-06-12T19:47:51","guid":{"rendered":"http:\/\/venusdailleurs.fr\/?page_id=3146"},"modified":"2023-06-13T23:39:47","modified_gmt":"2023-06-13T21:39:47","slug":"bernar-mialet","status":"publish","type":"page","link":"http:\/\/venusdailleurs.fr\/?page_id=3146","title":{"rendered":"Bernar Mialet"},"content":{"rendered":"<div class=\"wp-block-image\">\n<figure class=\"aligncenter size-full is-resized\"><img decoding=\"async\" loading=\"lazy\" src=\"http:\/\/venusdailleurs.fr\/wp-content\/uploads\/2023\/06\/5c757e_eea0ca019dcf4a72bdb6129c072061a3.webp\" alt=\"\" class=\"wp-image-3341\" width=\"370\" height=\"493\" srcset=\"http:\/\/venusdailleurs.fr\/wp-content\/uploads\/2023\/06\/5c757e_eea0ca019dcf4a72bdb6129c072061a3.webp 585w, http:\/\/venusdailleurs.fr\/wp-content\/uploads\/2023\/06\/5c757e_eea0ca019dcf4a72bdb6129c072061a3-225x300.webp 225w\" sizes=\"(max-width: 370px) 100vw, 370px\" \/><\/figure><\/div>\n\n\n<p>De 1984 \u00e0 1988 Bernar Mialet anime avec le po\u00e8te Christian Gabriel\/le Guez Ricord, la revue Fonts nuit qu\u2019il a cr\u00e9\u00e9e \u00e0 Marseille en 1976 et collabore avec lui aux Cahiers de la Vierge noire (Atelier des Grames, Gigondas, Vaucluse), puis cr\u00e9e en 1994 chez ce m\u00eame \u00e9diteur la revue St\u00e9laire.<br>Il dirige \u00e0 partir de 1996 les diverses collections de La Kallista, laboratoire d\u2019\u00e9dition nomade, o\u00f9 il publie des textes brefs, pages anciennes oubli\u00e9es ou m\u00e9connues, ou r\u00e9centes, ces derni\u00e8res en provenance de po\u00e8tes, conteurs, romanciers ou essayistes.<br>Ex\u00e9cuteur testamentaire de C. G. Guez Ricord, Bernar Mialet a collabor\u00e9 \u00e0 l\u2019\u00e9dition ou la r\u00e9\u00e9dition de plusieurs de ses livres, organis\u00e9 plusieurs expositions \u00e0 son sujet, et \u00e9crit de nombreuses pr\u00e9faces.<br>Il a publi\u00e9 des recueils de po\u00e9sie, r\u00e9alis\u00e9 des livres-objets \u00e0 l\u2019Atelier des Grames et plusieurs livres chez Venus d\u2019ailleurs avec Yves Reynier et Susan Mende.<\/p>\n\n\n\n<p><strong><mark style=\"background-color:rgba(0, 0, 0, 0)\" class=\"has-inline-color has-medium-pink-color\">Ouvrages <\/mark><\/strong>:<\/p>\n\n\n\n<p><a href=\"http:\/\/venusdailleurs.fr\/?page_id=2185\">Les fils de l\u2019\u00e9quinoxe<\/a><\/p>\n\n\n\n<p><a href=\"http:\/\/venusdailleurs.fr\/?page_id=3087\">Le lieu c\u2019est l\u2019horizon sans la mort<\/a><\/p>\n\n\n\n<p><a href=\"http:\/\/venusdailleurs.fr\/?page_id=2393\">La Kallista &amp; Venus d\u2019ailleurs : coffret Guez Ricord<\/a><\/p>\n\n\n\n<p><a href=\"http:\/\/venusdailleurs.fr\/?page_id=2513\">Sources, quelle<\/a><\/p>\n\n\n\n<p><a href=\"http:\/\/venusdailleurs.fr\/?page_id=3222\">bleu de personne<\/a><\/p>\n\n\n\n<p><a href=\"http:\/\/venusdailleurs.fr\/?page_id=2489\">XVII* \u2013 S\u2019\u00e9veiller pour que rien n\u2019ait eu lieu<\/a><\/p>\n\n\n\n<p><a href=\"http:\/\/venusdailleurs.fr\/?page_id=2239\">5 lettres \u00e0 Yves Reynier (plus une sixi\u00e8me)<\/a><\/p>\n\n\n\n<p><a href=\"http:\/\/venusdailleurs.fr\/?page_id=2190\">Lacrima verra\u00e9<\/a><\/p>\n\n\n\n<p><a href=\"http:\/\/venusdailleurs.fr\/?page_id=2414\">Oh! Mage Pierre Andr\u00e9 Benoit \u2013 Taz Case<\/a><\/p>\n\n\n\n<p><a href=\"http:\/\/venusdailleurs.fr\/?page_id=2366\">L\u2019\u0153il H\u00e9liotrope \u2013 La revue<\/a> &#8211; Alcheringa<\/p>\n\n\n\n<p><a href=\"http:\/\/venusdailleurs.fr\/?page_id=2027\">VENUS D\u2019AILLEURS, la revue<\/a> 5, 7 &amp; 8<\/p>\n\n\n\n<p><\/p>\n\n\n\n<p><\/p>\n","protected":false},"excerpt":{"rendered":"<p>De 1984 \u00e0 1988 Bernar Mialet anime avec le po\u00e8te Christian Gabriel\/le Guez Ricord, la revue Fonts nuit qu\u2019il a cr\u00e9\u00e9e \u00e0 Marseille en 1976 et collabore avec lui aux Cahiers de la Vierge noire (Atelier des Grames, Gigondas, Vaucluse), puis cr\u00e9e en 1994 chez ce m\u00eame \u00e9diteur la revue St\u00e9laire.Il dirige \u00e0 partir de &hellip; <a href=\"http:\/\/venusdailleurs.fr\/?page_id=3146\" class=\"more-link\">Continuer la lecture de <span class=\"screen-reader-text\">Bernar Mialet<\/span><\/a><\/p>\n","protected":false},"author":1,"featured_media":0,"parent":0,"menu_order":0,"comment_status":"closed","ping_status":"closed","template":"","meta":[],"_links":{"self":[{"href":"http:\/\/venusdailleurs.fr\/index.php?rest_route=\/wp\/v2\/pages\/3146"}],"collection":[{"href":"http:\/\/venusdailleurs.fr\/index.php?rest_route=\/wp\/v2\/pages"}],"about":[{"href":"http:\/\/venusdailleurs.fr\/index.php?rest_route=\/wp\/v2\/types\/page"}],"author":[{"embeddable":true,"href":"http:\/\/venusdailleurs.fr\/index.php?rest_route=\/wp\/v2\/users\/1"}],"replies":[{"embeddable":true,"href":"http:\/\/venusdailleurs.fr\/index.php?rest_route=%2Fwp%2Fv2%2Fcomments&post=3146"}],"version-history":[{"count":2,"href":"http:\/\/venusdailleurs.fr\/index.php?rest_route=\/wp\/v2\/pages\/3146\/revisions"}],"predecessor-version":[{"id":3342,"href":"http:\/\/venusdailleurs.fr\/index.php?rest_route=\/wp\/v2\/pages\/3146\/revisions\/3342"}],"wp:attachment":[{"href":"http:\/\/venusdailleurs.fr\/index.php?rest_route=%2Fwp%2Fv2%2Fmedia&parent=3146"}],"curies":[{"name":"wp","href":"https:\/\/api.w.org\/{rel}","templated":true}]}}