{"id":3142,"date":"2023-06-12T21:47:07","date_gmt":"2023-06-12T19:47:07","guid":{"rendered":"http:\/\/venusdailleurs.fr\/?page_id=3142"},"modified":"2023-06-14T20:46:34","modified_gmt":"2023-06-14T18:46:34","slug":"benjamin-monti","status":"publish","type":"page","link":"http:\/\/venusdailleurs.fr\/?page_id=3142","title":{"rendered":"Benjamin Monti"},"content":{"rendered":"<div class=\"wp-block-image\">\n<figure class=\"aligncenter size-full\"><img decoding=\"async\" loading=\"lazy\" width=\"720\" height=\"526\" src=\"http:\/\/venusdailleurs.fr\/wp-content\/uploads\/2023\/06\/Monti.jpg\" alt=\"\" class=\"wp-image-3434\" srcset=\"http:\/\/venusdailleurs.fr\/wp-content\/uploads\/2023\/06\/Monti.jpg 720w, http:\/\/venusdailleurs.fr\/wp-content\/uploads\/2023\/06\/Monti-300x219.jpg 300w\" sizes=\"(max-width: 720px) 100vw, 720px\" \/><\/figure><\/div>\n\n\n<p>Benjamin Monti, est un \u00e9tonnant collecteur d\u2019images, collectionneur de curiosit\u00e9s imprim\u00e9es, recycleur d\u2019un corpus iconographique qu\u2019il hybride, recompose, revivifie entre copies et originaux, une plong\u00e9e abyssale dans une lecture de la repr\u00e9sentation sans cesse r\u00e9\u00e9valu\u00e9e. Monti campe au carrefour du texte, des arts graphiques et plastiques ;<br>c\u2019est l\u00e0 un itin\u00e9raire singulier.<\/p>\n\n\n\n<p class=\"has-text-align-right\"><br>Jean-Michel Botquin dans Art Press 2, ABC Art belge contemporain<\/p>\n\n\n\n<p><\/p>\n\n\n\n<p><strong><mark style=\"background-color:rgba(0, 0, 0, 0)\" class=\"has-inline-color has-medium-pink-color\">Site <\/mark><\/strong>: <a href=\"http:\/\/benjaminmonti.blogspot.com\/\">Blog<\/a><\/p>\n\n\n\n<p><strong><mark style=\"background-color:rgba(0, 0, 0, 0)\" class=\"has-inline-color has-medium-pink-color\">Ouvrages <\/mark><\/strong>:<\/p>\n\n\n\n<p><a href=\"http:\/\/venusdailleurs.fr\/?page_id=2235\">Phon\u00e9tique-fictions<\/a><\/p>\n\n\n\n<p><a href=\"http:\/\/venusdailleurs.fr\/?page_id=2058\">La Nouvelle Revue Moderne n\u00b039<\/a><\/p>\n\n\n\n<p><a href=\"http:\/\/venusdailleurs.fr\/?page_id=2407\">MICro MACro \u2013 Box<\/a><\/p>\n\n\n\n<p><\/p>\n\n\n\n<p><mark style=\"background-color:rgba(0, 0, 0, 0)\" class=\"has-inline-color has-medium-pink-color\"><strong>Expositions <\/strong>:<\/mark><\/p>\n\n\n\n<p><a href=\"http:\/\/venusdailleurs.fr\/?page_id=763\">MICro MACro<\/a><\/p>\n\n\n\n<p><a href=\"http:\/\/venusdailleurs.fr\/?page_id=643\">Umour monstre compl\u00e9tement timbr\u00e9<\/a><\/p>\n\n\n\n<p>Arcane 17, l&rsquo;\u00e2me du r\u00eave<\/p>\n\n\n\n<p><\/p>\n\n\n<div class=\"wp-block-image\">\n<figure class=\"aligncenter size-large is-resized\"><img decoding=\"async\" loading=\"lazy\" src=\"http:\/\/venusdailleurs.fr\/wp-content\/uploads\/2023\/06\/serigraphiebenjaminmonti001-655x1024.jpg\" alt=\"\" class=\"wp-image-3721\" width=\"572\" height=\"894\" srcset=\"http:\/\/venusdailleurs.fr\/wp-content\/uploads\/2023\/06\/serigraphiebenjaminmonti001-655x1024.jpg 655w, http:\/\/venusdailleurs.fr\/wp-content\/uploads\/2023\/06\/serigraphiebenjaminmonti001-192x300.jpg 192w, http:\/\/venusdailleurs.fr\/wp-content\/uploads\/2023\/06\/serigraphiebenjaminmonti001-768x1200.jpg 768w, http:\/\/venusdailleurs.fr\/wp-content\/uploads\/2023\/06\/serigraphiebenjaminmonti001.jpg 866w\" sizes=\"(max-width: 572px) 100vw, 572px\" \/><\/figure><\/div>","protected":false},"excerpt":{"rendered":"<p>Benjamin Monti, est un \u00e9tonnant collecteur d\u2019images, collectionneur de curiosit\u00e9s imprim\u00e9es, recycleur d\u2019un corpus iconographique qu\u2019il hybride, recompose, revivifie entre copies et originaux, une plong\u00e9e abyssale dans une lecture de la repr\u00e9sentation sans cesse r\u00e9\u00e9valu\u00e9e. Monti campe au carrefour du texte, des arts graphiques et plastiques ;c\u2019est l\u00e0 un itin\u00e9raire singulier. Jean-Michel Botquin dans Art &hellip; <a href=\"http:\/\/venusdailleurs.fr\/?page_id=3142\" class=\"more-link\">Continuer la lecture de <span class=\"screen-reader-text\">Benjamin Monti<\/span><\/a><\/p>\n","protected":false},"author":1,"featured_media":0,"parent":0,"menu_order":0,"comment_status":"closed","ping_status":"closed","template":"","meta":[],"_links":{"self":[{"href":"http:\/\/venusdailleurs.fr\/index.php?rest_route=\/wp\/v2\/pages\/3142"}],"collection":[{"href":"http:\/\/venusdailleurs.fr\/index.php?rest_route=\/wp\/v2\/pages"}],"about":[{"href":"http:\/\/venusdailleurs.fr\/index.php?rest_route=\/wp\/v2\/types\/page"}],"author":[{"embeddable":true,"href":"http:\/\/venusdailleurs.fr\/index.php?rest_route=\/wp\/v2\/users\/1"}],"replies":[{"embeddable":true,"href":"http:\/\/venusdailleurs.fr\/index.php?rest_route=%2Fwp%2Fv2%2Fcomments&post=3142"}],"version-history":[{"count":5,"href":"http:\/\/venusdailleurs.fr\/index.php?rest_route=\/wp\/v2\/pages\/3142\/revisions"}],"predecessor-version":[{"id":3722,"href":"http:\/\/venusdailleurs.fr\/index.php?rest_route=\/wp\/v2\/pages\/3142\/revisions\/3722"}],"wp:attachment":[{"href":"http:\/\/venusdailleurs.fr\/index.php?rest_route=%2Fwp%2Fv2%2Fmedia&parent=3142"}],"curies":[{"name":"wp","href":"https:\/\/api.w.org\/{rel}","templated":true}]}}