{"id":3136,"date":"2023-06-12T21:46:03","date_gmt":"2023-06-12T19:46:03","guid":{"rendered":"http:\/\/venusdailleurs.fr\/?page_id=3136"},"modified":"2023-06-14T17:13:05","modified_gmt":"2023-06-14T15:13:05","slug":"iris-miranda","status":"publish","type":"page","link":"http:\/\/venusdailleurs.fr\/?page_id=3136","title":{"rendered":"Iris Miranda"},"content":{"rendered":"<div class=\"wp-block-image\">\n<figure class=\"aligncenter size-full\"><img decoding=\"async\" loading=\"lazy\" width=\"530\" height=\"640\" src=\"http:\/\/venusdailleurs.fr\/wp-content\/uploads\/2023\/06\/figures.jpg\" alt=\"\" class=\"wp-image-3575\" srcset=\"http:\/\/venusdailleurs.fr\/wp-content\/uploads\/2023\/06\/figures.jpg 530w, http:\/\/venusdailleurs.fr\/wp-content\/uploads\/2023\/06\/figures-248x300.jpg 248w\" sizes=\"(max-width: 530px) 100vw, 530px\" \/><\/figure><\/div>\n\n\n<p>Mes estampes sont des traces de l\u2019effet persistant de petites choses aper\u00e7ues ou imagin\u00e9es : grav\u00e9es, captur\u00e9es en une reconstruction m\u00e9ticuleuse, dans la planche de m\u00e9tal, puis imprim\u00e9es \u00e0 l&rsquo;encre grasse sur papier.<br>J&rsquo;ai toujours eu un attrait pour l&rsquo;univers des planches d&rsquo;Histoire Naturelle, qui m&rsquo;a engag\u00e9e \u00e0 explorer l&rsquo;eau-forte notamment, \u00e9prouvant avec bonheur les diff\u00e9rentes contraintes offertes par le mat\u00e9riau grav\u00e9.<br>Le m\u00e9tal, par morsures et incisions, r\u00e9pond \u00e0 ce d\u00e9sir de repr\u00e9senter avec des d\u00e9tails pr\u00e9cis, des textures minutieuses.<br>Dans mes images reste cette attention au r\u00e9el, \u00e0 ses d\u00e9tails, textures et mati\u00e8res, mais il n&rsquo;est pas seulement question de description minutieuse du monde tel qu&rsquo;il est : il y a toujours un pas de c\u00f4t\u00e9, parfois un trouble, une inqui\u00e9tude de la raison, une ouverture aux possibles de l&rsquo;imaginaire et \u00e0 d&rsquo;\u00e9nigmatiques relations entre \u00eatres vivants.<\/p>\n\n\n\n<p class=\"has-text-align-right\">Iris Miranda<\/p>\n\n\n\n<p><strong><mark style=\"background-color:rgba(0, 0, 0, 0)\" class=\"has-inline-color has-medium-pink-color\">Site <\/mark><\/strong>: <a href=\"http:\/\/mirandairis.blogspot.com\/\">Blog<\/a><\/p>\n\n\n\n<p><strong><mark style=\"background-color:rgba(0, 0, 0, 0)\" class=\"has-inline-color has-medium-pink-color\">Expositions <\/mark><\/strong>:<\/p>\n\n\n\n<p><a href=\"http:\/\/venusdailleurs.fr\/?page_id=643\">Umour monstre compl\u00e9tement timbr\u00e9<\/a><\/p>\n\n\n\n<p><\/p>\n\n\n<div class=\"wp-block-image\">\n<figure class=\"aligncenter size-full\"><img decoding=\"async\" loading=\"lazy\" width=\"518\" height=\"640\" src=\"http:\/\/venusdailleurs.fr\/wp-content\/uploads\/2023\/06\/Fable.jpg\" alt=\"\" class=\"wp-image-3577\" srcset=\"http:\/\/venusdailleurs.fr\/wp-content\/uploads\/2023\/06\/Fable.jpg 518w, http:\/\/venusdailleurs.fr\/wp-content\/uploads\/2023\/06\/Fable-243x300.jpg 243w\" sizes=\"(max-width: 518px) 100vw, 518px\" \/><\/figure><\/div>","protected":false},"excerpt":{"rendered":"<p>Mes estampes sont des traces de l\u2019effet persistant de petites choses aper\u00e7ues ou imagin\u00e9es : grav\u00e9es, captur\u00e9es en une reconstruction m\u00e9ticuleuse, dans la planche de m\u00e9tal, puis imprim\u00e9es \u00e0 l&rsquo;encre grasse sur papier.J&rsquo;ai toujours eu un attrait pour l&rsquo;univers des planches d&rsquo;Histoire Naturelle, qui m&rsquo;a engag\u00e9e \u00e0 explorer l&rsquo;eau-forte notamment, \u00e9prouvant avec bonheur les diff\u00e9rentes &hellip; <a href=\"http:\/\/venusdailleurs.fr\/?page_id=3136\" class=\"more-link\">Continuer la lecture de <span class=\"screen-reader-text\">Iris Miranda<\/span><\/a><\/p>\n","protected":false},"author":1,"featured_media":0,"parent":0,"menu_order":0,"comment_status":"closed","ping_status":"closed","template":"","meta":[],"_links":{"self":[{"href":"http:\/\/venusdailleurs.fr\/index.php?rest_route=\/wp\/v2\/pages\/3136"}],"collection":[{"href":"http:\/\/venusdailleurs.fr\/index.php?rest_route=\/wp\/v2\/pages"}],"about":[{"href":"http:\/\/venusdailleurs.fr\/index.php?rest_route=\/wp\/v2\/types\/page"}],"author":[{"embeddable":true,"href":"http:\/\/venusdailleurs.fr\/index.php?rest_route=\/wp\/v2\/users\/1"}],"replies":[{"embeddable":true,"href":"http:\/\/venusdailleurs.fr\/index.php?rest_route=%2Fwp%2Fv2%2Fcomments&post=3136"}],"version-history":[{"count":3,"href":"http:\/\/venusdailleurs.fr\/index.php?rest_route=\/wp\/v2\/pages\/3136\/revisions"}],"predecessor-version":[{"id":3578,"href":"http:\/\/venusdailleurs.fr\/index.php?rest_route=\/wp\/v2\/pages\/3136\/revisions\/3578"}],"wp:attachment":[{"href":"http:\/\/venusdailleurs.fr\/index.php?rest_route=%2Fwp%2Fv2%2Fmedia&parent=3136"}],"curies":[{"name":"wp","href":"https:\/\/api.w.org\/{rel}","templated":true}]}}