{"id":3130,"date":"2023-06-12T21:44:53","date_gmt":"2023-06-12T19:44:53","guid":{"rendered":"http:\/\/venusdailleurs.fr\/?page_id=3130"},"modified":"2023-06-14T15:56:43","modified_gmt":"2023-06-14T13:56:43","slug":"charlotte-massip","status":"publish","type":"page","link":"http:\/\/venusdailleurs.fr\/?page_id=3130","title":{"rendered":"Charlotte Massip"},"content":{"rendered":"\n<figure class=\"wp-block-gallery has-nested-images columns-default is-cropped wp-block-gallery-1 is-layout-flex\">\n<figure class=\"wp-block-image size-large\"><img decoding=\"async\" loading=\"lazy\" width=\"447\" height=\"999\" data-id=\"3438\"  src=\"http:\/\/venusdailleurs.fr\/wp-content\/uploads\/2023\/06\/symGalleryImagepage130-1.jpg\" alt=\"\" class=\"wp-image-3438\" srcset=\"http:\/\/venusdailleurs.fr\/wp-content\/uploads\/2023\/06\/symGalleryImagepage130-1.jpg 447w, http:\/\/venusdailleurs.fr\/wp-content\/uploads\/2023\/06\/symGalleryImagepage130-1-134x300.jpg 134w\" sizes=\"(max-width: 447px) 100vw, 447px\" \/><\/figure>\n\n\n\n<figure class=\"wp-block-image size-large\"><img decoding=\"async\" loading=\"lazy\" width=\"429\" height=\"1000\" data-id=\"3439\"  src=\"http:\/\/venusdailleurs.fr\/wp-content\/uploads\/2023\/06\/symGalleryImagepage131.jpg\" alt=\"\" class=\"wp-image-3439\" srcset=\"http:\/\/venusdailleurs.fr\/wp-content\/uploads\/2023\/06\/symGalleryImagepage131.jpg 429w, http:\/\/venusdailleurs.fr\/wp-content\/uploads\/2023\/06\/symGalleryImagepage131-129x300.jpg 129w\" sizes=\"(max-width: 429px) 100vw, 429px\" \/><\/figure>\n<\/figure>\n\n\n\n<p>Mes dr\u00f4les de diss\u00e9qu\u00e9s<\/p>\n\n\n\n<p>Je crois avoir \u00e9t\u00e9 amen\u00e9e au dessin et a la gravure par ma fascination pour le d\u00e9tail. Pas n\u2019importe quel d\u00e9tail mais celui qui ouvre la voie \u00e0 une v\u00e9rit\u00e9 plus enfouie. C\u2019est ainsi que tout ce qui \u00e9tait texture, peau, nervures, fibrilles, poils, me faisait l\u2019effet d\u2019une fronti\u00e8re<br>pelliculaire, la derni\u00e8re avant la descente aux profondeurs.<br>J\u2019\u00e9tais attir\u00e9e par des \u0153uvres vibratoires, tout en finesse, telles celles de Hans Bellmer, Dmenico Gnoli, Ritch Miller, Georges Braque, Fred Deux.<br>Par la suite mon regard prit tout naturellement le chemin du corps. La squelette devint \u00e0 mes yeux l\u2019architecture exemplaire du vivant. C\u2019est lui qu\u2019il me semblait urgent et n\u00e9cessaire d\u2019habiller de mes \u00e9tats d\u2019\u00e2me.<br>Je veux parler de mon aventure avec les diss\u00e9qu\u00e9s.<br>Pas les diss\u00e9qu\u00e9s auxquels l\u2019anatomiste pense, mais ceux dont les organes par d\u2019\u00e9tranges transgressions des lois biologiques se d\u00e9placent, changent de r\u00f4le, s\u2019exposent \u00e0 des greffes impr\u00e9vues. Tout \u00e7a peut sembler baroque mais r\u00e9pond plut\u00f4t \u00e0 un geste que j\u2019ose qualifier de chirurgical.<br>L\u2019art de la gravure peut se comparer \u00e0 de d\u00e9licates incisions au scalpel dont les cons\u00e9quence portent une part myst\u00e8re. A ce sujet, mon rapport au cuivre fut r\u00e9v\u00e9lant. La morsure de m\u00e9tal, c\u2019\u00e9tait pour moi comme une op\u00e9ration qui commen\u00e7ait \u00e0 la peau pour se poursuivre dans les obscurit\u00e9s d\u2019encre et de sang de la mati\u00e8re.<\/p>\n\n\n\n<p class=\"has-text-align-right\">&nbsp;Charlotte Massip<\/p>\n\n\n\n<p><strong><mark style=\"background-color:rgba(0, 0, 0, 0)\" class=\"has-inline-color has-medium-pink-color\">Site <\/mark><\/strong>: <a href=\"https:\/\/charlottemassip.com\/\">charlottemassip.com<\/a><\/p>\n\n\n\n<p><strong><mark style=\"background-color:rgba(0, 0, 0, 0)\" class=\"has-inline-color has-medium-pink-color\">Ouvrages <\/mark><\/strong>: <\/p>\n\n\n\n<p><a href=\"http:\/\/venusdailleurs.fr\/?page_id=643\">Umour monstre compl\u00e9tement timbr\u00e9<\/a><\/p>\n\n\n\n<p><a href=\"http:\/\/venusdailleurs.fr\/?page_id=2060\">La Nouvelle Revue Moderne n\u00b038<\/a><\/p>\n\n\n\n<p><a href=\"http:\/\/venusdailleurs.fr\/?page_id=2058\">La Nouvelle Revue Moderne n\u00b039<\/a><\/p>\n\n\n\n<p><\/p>\n\n\n\n<p><strong><mark style=\"background-color:rgba(0, 0, 0, 0)\" class=\"has-inline-color has-medium-pink-color\">Expositions <\/mark><\/strong>: <\/p>\n\n\n\n<p><a href=\"http:\/\/venusdailleurs.fr\/?page_id=763\">MICro MACro<\/a><\/p>\n\n\n\n<p><a href=\"http:\/\/venusdailleurs.fr\/?page_id=696\">V\u00e9nus s\u2019ent\u00eate, le ch\u0153ur s\u2019emballe<\/a><\/p>\n\n\n\n<p><a href=\"http:\/\/venusdailleurs.fr\/?page_id=643\">Umour monstre compl\u00e9tement timbr\u00e9<\/a><\/p>\n\n\n\n<p><\/p>\n","protected":false},"excerpt":{"rendered":"<p>Mes dr\u00f4les de diss\u00e9qu\u00e9s Je crois avoir \u00e9t\u00e9 amen\u00e9e au dessin et a la gravure par ma fascination pour le d\u00e9tail. Pas n\u2019importe quel d\u00e9tail mais celui qui ouvre la voie \u00e0 une v\u00e9rit\u00e9 plus enfouie. C\u2019est ainsi que tout ce qui \u00e9tait texture, peau, nervures, fibrilles, poils, me faisait l\u2019effet d\u2019une fronti\u00e8repelliculaire, la derni\u00e8re &hellip; <a href=\"http:\/\/venusdailleurs.fr\/?page_id=3130\" class=\"more-link\">Continuer la lecture de <span class=\"screen-reader-text\">Charlotte Massip<\/span><\/a><\/p>\n","protected":false},"author":1,"featured_media":0,"parent":0,"menu_order":0,"comment_status":"closed","ping_status":"closed","template":"","meta":[],"_links":{"self":[{"href":"http:\/\/venusdailleurs.fr\/index.php?rest_route=\/wp\/v2\/pages\/3130"}],"collection":[{"href":"http:\/\/venusdailleurs.fr\/index.php?rest_route=\/wp\/v2\/pages"}],"about":[{"href":"http:\/\/venusdailleurs.fr\/index.php?rest_route=\/wp\/v2\/types\/page"}],"author":[{"embeddable":true,"href":"http:\/\/venusdailleurs.fr\/index.php?rest_route=\/wp\/v2\/users\/1"}],"replies":[{"embeddable":true,"href":"http:\/\/venusdailleurs.fr\/index.php?rest_route=%2Fwp%2Fv2%2Fcomments&post=3130"}],"version-history":[{"count":3,"href":"http:\/\/venusdailleurs.fr\/index.php?rest_route=\/wp\/v2\/pages\/3130\/revisions"}],"predecessor-version":[{"id":3476,"href":"http:\/\/venusdailleurs.fr\/index.php?rest_route=\/wp\/v2\/pages\/3130\/revisions\/3476"}],"wp:attachment":[{"href":"http:\/\/venusdailleurs.fr\/index.php?rest_route=%2Fwp%2Fv2%2Fmedia&parent=3130"}],"curies":[{"name":"wp","href":"https:\/\/api.w.org\/{rel}","templated":true}]}}