{"id":3111,"date":"2023-06-12T21:41:01","date_gmt":"2023-06-12T19:41:01","guid":{"rendered":"http:\/\/venusdailleurs.fr\/?page_id=3111"},"modified":"2023-06-14T18:35:56","modified_gmt":"2023-06-14T16:35:56","slug":"gregoire-lacroix","status":"publish","type":"page","link":"http:\/\/venusdailleurs.fr\/?page_id=3111","title":{"rendered":"Gr\u00e9goire Lacroix"},"content":{"rendered":"<div class=\"wp-block-image\">\n<figure class=\"aligncenter size-full\"><img decoding=\"async\" loading=\"lazy\" width=\"352\" height=\"480\" src=\"http:\/\/venusdailleurs.fr\/wp-content\/uploads\/2023\/06\/decolon.jpg\" alt=\"\" class=\"wp-image-3406\" srcset=\"http:\/\/venusdailleurs.fr\/wp-content\/uploads\/2023\/06\/decolon.jpg 352w, http:\/\/venusdailleurs.fr\/wp-content\/uploads\/2023\/06\/decolon-220x300.jpg 220w\" sizes=\"(max-width: 352px) 100vw, 352px\" \/><\/figure><\/div>\n\n\n<p>Enlever la gravit\u00e9 c\u2019est enlever la perspective, Gr\u00e9goire Lacroix garde les deux. Po\u00e8te, \u00e9crivain, membre de l\u2019Acad\u00e9mie Alphonse Allais, siestologue et philosophe \u00e9v\u00e9tiste, il aborde la mort, l\u2019ivresse et la pauvret\u00e9 en patate parlante. Ses douze <em>Moi<\/em> ont durabilis\u00e9 leur d\u00e9veloppement gr\u00e2ce \u00e0 la coexistence. Ses Adidas sont vraiment trop <em>pompes-fun\u00e8bres<\/em>. Sa pianiste-baigneuse a r\u00e9solu ses probl\u00e8mes d\u2019espace gr\u00e2ce au <em>piano-aqueux<\/em>. La <em>D\u00e9colonisation<\/em> est confi\u00e9e \u00e0 un Monsieur Muscle arracheur de colonnes. Quant \u00e0 la <em>Guerre du Golfe<\/em>, m\u00eame si notre joueur est ext\u00e9nu\u00e9, pulls, pushes, hooks et slices en sont venus \u00e0 bout, le green est encore un peu encombr\u00e9 mais nos petits drapeaux sont solidement plant\u00e9s. Deux petits euphorismes bien m\u00e9rit\u00e9s&nbsp;: <em>Une croix vue de profil perd beaucoup de son int\u00e9r\u00eat<\/em> &#8211; <em>L\u2019humour c\u2019est ce qui \u00e9vite \u00e0 la lucidit\u00e9 de sombrer dans l\u2019amertume<\/em>.<\/p>\n\n\n\n<p class=\"has-text-align-right\">Jo\u00eblle Busca<\/p>\n\n\n\n<p><strong><mark style=\"background-color:rgba(0, 0, 0, 0)\" class=\"has-inline-color has-medium-pink-color\">Site <\/mark><\/strong>: <a href=\"https:\/\/fr.wikipedia.org\/wiki\/Gr%C3%A9goire_Lacroix\">Wiki<\/a><\/p>\n\n\n\n<p><strong><mark style=\"background-color:rgba(0, 0, 0, 0)\" class=\"has-inline-color has-medium-pink-color\">Ouvrages : <\/mark><\/strong><\/p>\n\n\n\n<p><a href=\"http:\/\/venusdailleurs.fr\/?page_id=2027\">VENUS D\u2019AILLEURS, la revue<\/a> n\u00b07 et 10<\/p>\n\n\n\n<p><a href=\"http:\/\/venusdailleurs.fr\/?page_id=2605\">Catalogue Galerie 17<\/a><\/p>\n\n\n\n<p><a href=\"http:\/\/venusdailleurs.fr\/?page_id=2407\">MICro MACro \u2013 Box<\/a><\/p>\n\n\n\n<p><strong><mark style=\"background-color:rgba(0, 0, 0, 0)\" class=\"has-inline-color has-medium-pink-color\">Expositions <\/mark><\/strong>:<\/p>\n\n\n\n<p><a href=\"http:\/\/venusdailleurs.fr\/?page_id=763\">MICro MACro<\/a><\/p>\n\n\n\n<p><a href=\"http:\/\/venusdailleurs.fr\/?page_id=1099\" data-type=\"page\" data-id=\"1099\">Galerie 17<\/a><\/p>\n\n\n\n<figure class=\"wp-block-gallery has-nested-images columns-default is-cropped wp-block-gallery-1 is-layout-flex\">\n<figure class=\"wp-block-image size-large\"><img decoding=\"async\" loading=\"lazy\" width=\"344\" height=\"500\" data-id=\"3622\"  src=\"http:\/\/venusdailleurs.fr\/wp-content\/uploads\/2023\/06\/ivres-1.png\" alt=\"\" class=\"wp-image-3622\" srcset=\"http:\/\/venusdailleurs.fr\/wp-content\/uploads\/2023\/06\/ivres-1.png 344w, http:\/\/venusdailleurs.fr\/wp-content\/uploads\/2023\/06\/ivres-1-206x300.png 206w\" sizes=\"(max-width: 344px) 100vw, 344px\" \/><\/figure>\n\n\n\n<figure class=\"wp-block-image size-large\"><img decoding=\"async\" loading=\"lazy\" width=\"443\" height=\"480\" data-id=\"3621\"  src=\"http:\/\/venusdailleurs.fr\/wp-content\/uploads\/2023\/06\/guerre-golf-copie.jpg\" alt=\"\" class=\"wp-image-3621\" srcset=\"http:\/\/venusdailleurs.fr\/wp-content\/uploads\/2023\/06\/guerre-golf-copie.jpg 443w, http:\/\/venusdailleurs.fr\/wp-content\/uploads\/2023\/06\/guerre-golf-copie-277x300.jpg 277w\" sizes=\"(max-width: 443px) 100vw, 443px\" \/><\/figure>\n<\/figure>\n\n\n\n<p><\/p>\n\n\n<div class=\"wp-block-image\">\n<figure class=\"aligncenter size-full\"><img decoding=\"async\" loading=\"lazy\" width=\"360\" height=\"480\" src=\"http:\/\/venusdailleurs.fr\/wp-content\/uploads\/2023\/06\/pompesfun-copie.jpg\" alt=\"\" class=\"wp-image-3627\" srcset=\"http:\/\/venusdailleurs.fr\/wp-content\/uploads\/2023\/06\/pompesfun-copie.jpg 360w, http:\/\/venusdailleurs.fr\/wp-content\/uploads\/2023\/06\/pompesfun-copie-225x300.jpg 225w\" sizes=\"(max-width: 360px) 100vw, 360px\" \/><\/figure><\/div>","protected":false},"excerpt":{"rendered":"<p>Enlever la gravit\u00e9 c\u2019est enlever la perspective, Gr\u00e9goire Lacroix garde les deux. Po\u00e8te, \u00e9crivain, membre de l\u2019Acad\u00e9mie Alphonse Allais, siestologue et philosophe \u00e9v\u00e9tiste, il aborde la mort, l\u2019ivresse et la pauvret\u00e9 en patate parlante. Ses douze Moi ont durabilis\u00e9 leur d\u00e9veloppement gr\u00e2ce \u00e0 la coexistence. Ses Adidas sont vraiment trop pompes-fun\u00e8bres. Sa pianiste-baigneuse a r\u00e9solu &hellip; <a href=\"http:\/\/venusdailleurs.fr\/?page_id=3111\" class=\"more-link\">Continuer la lecture de <span class=\"screen-reader-text\">Gr\u00e9goire Lacroix<\/span><\/a><\/p>\n","protected":false},"author":1,"featured_media":0,"parent":0,"menu_order":0,"comment_status":"closed","ping_status":"closed","template":"","meta":[],"_links":{"self":[{"href":"http:\/\/venusdailleurs.fr\/index.php?rest_route=\/wp\/v2\/pages\/3111"}],"collection":[{"href":"http:\/\/venusdailleurs.fr\/index.php?rest_route=\/wp\/v2\/pages"}],"about":[{"href":"http:\/\/venusdailleurs.fr\/index.php?rest_route=\/wp\/v2\/types\/page"}],"author":[{"embeddable":true,"href":"http:\/\/venusdailleurs.fr\/index.php?rest_route=\/wp\/v2\/users\/1"}],"replies":[{"embeddable":true,"href":"http:\/\/venusdailleurs.fr\/index.php?rest_route=%2Fwp%2Fv2%2Fcomments&post=3111"}],"version-history":[{"count":6,"href":"http:\/\/venusdailleurs.fr\/index.php?rest_route=\/wp\/v2\/pages\/3111\/revisions"}],"predecessor-version":[{"id":3628,"href":"http:\/\/venusdailleurs.fr\/index.php?rest_route=\/wp\/v2\/pages\/3111\/revisions\/3628"}],"wp:attachment":[{"href":"http:\/\/venusdailleurs.fr\/index.php?rest_route=%2Fwp%2Fv2%2Fmedia&parent=3111"}],"curies":[{"name":"wp","href":"https:\/\/api.w.org\/{rel}","templated":true}]}}