{"id":3047,"date":"2023-06-12T20:36:06","date_gmt":"2023-06-12T18:36:06","guid":{"rendered":"http:\/\/venusdailleurs.fr\/?page_id=3047"},"modified":"2025-02-04T02:03:21","modified_gmt":"2025-02-04T01:03:21","slug":"joel-gayraud","status":"publish","type":"page","link":"http:\/\/venusdailleurs.fr\/?page_id=3047","title":{"rendered":"Jo\u00ebl Gayraud"},"content":{"rendered":"<div class=\"wp-block-image\">\n<figure class=\"aligncenter size-full\"><img decoding=\"async\" loading=\"lazy\" width=\"371\" height=\"492\" src=\"http:\/\/venusdailleurs.fr\/wp-content\/uploads\/2023\/06\/20210827_125043.jpg\" alt=\"\" class=\"wp-image-3048\" srcset=\"http:\/\/venusdailleurs.fr\/wp-content\/uploads\/2023\/06\/20210827_125043.jpg 371w, http:\/\/venusdailleurs.fr\/wp-content\/uploads\/2023\/06\/20210827_125043-226x300.jpg 226w\" sizes=\"(max-width: 371px) 100vw, 371px\" \/><\/figure><\/div>\n\n\n<p>Po\u00e8te, essayiste et traducteur<br>n\u00e9 en 1953 \u00e0 Paris. &nbsp;<br>Membre du groupe surr\u00e9aliste de Paris<\/p>\n\n\n\n<p>et du comit\u00e9 de r\u00e9daction de la revue Alcheringa<\/p>\n\n\n\n<p><br>Aphorismes et fragments critiques : &nbsp;<br><em>La Peau de l\u2019ombre<\/em>, Jos\u00e9 Corti, 2003<br><em>La Paupi\u00e8re auriculaire,<\/em> Jos\u00e9 Corti, 2017<br><br>Prose inspir\u00e9e par la po\u00e9sie des lieux :<br><em>Passage public,<\/em> L\u2019Oie de Cravan, 2012<br><br>Po\u00e9sies :<br><em>Clairi\u00e8re du r\u00eave<\/em>, L\u2019Umbo, 2010<br><em>Ocelles<\/em>, L\u2019Umbo, 2014<br><em>Les Tentations de la mati\u00e8re<\/em>, Pierre Mainard, 2021<br><br>Philosophie politique :<br><em>L\u2019Homme sans horizon. Mat\u00e9riaux sur l\u2019utopie<\/em>, Libertalia, 2019<\/p>\n\n\n\n<p><\/p>\n\n\n\n<p><strong><mark style=\"background-color:rgba(0, 0, 0, 0)\" class=\"has-inline-color has-medium-pink-color\">Ouvrages <\/mark><\/strong>:<\/p>\n\n\n\n<p><a href=\"http:\/\/venusdailleurs.fr\/?page_id=2226\">Les al\u00e9as du calendrier<\/a><\/p>\n\n\n\n<p><a href=\"http:\/\/venusdailleurs.fr\/?page_id=2228\">Corps glorieux<\/a><\/p>\n","protected":false},"excerpt":{"rendered":"<p>Po\u00e8te, essayiste et traducteurn\u00e9 en 1953 \u00e0 Paris. &nbsp;Membre du groupe surr\u00e9aliste de Paris et du comit\u00e9 de r\u00e9daction de la revue Alcheringa Aphorismes et fragments critiques : &nbsp;La Peau de l\u2019ombre, Jos\u00e9 Corti, 2003La Paupi\u00e8re auriculaire, Jos\u00e9 Corti, 2017 Prose inspir\u00e9e par la po\u00e9sie des lieux :Passage public, L\u2019Oie de Cravan, 2012 Po\u00e9sies :Clairi\u00e8re &hellip; <a href=\"http:\/\/venusdailleurs.fr\/?page_id=3047\" class=\"more-link\">Continuer la lecture de <span class=\"screen-reader-text\">Jo\u00ebl Gayraud<\/span><\/a><\/p>\n","protected":false},"author":1,"featured_media":0,"parent":0,"menu_order":0,"comment_status":"closed","ping_status":"closed","template":"","meta":[],"_links":{"self":[{"href":"http:\/\/venusdailleurs.fr\/index.php?rest_route=\/wp\/v2\/pages\/3047"}],"collection":[{"href":"http:\/\/venusdailleurs.fr\/index.php?rest_route=\/wp\/v2\/pages"}],"about":[{"href":"http:\/\/venusdailleurs.fr\/index.php?rest_route=\/wp\/v2\/types\/page"}],"author":[{"embeddable":true,"href":"http:\/\/venusdailleurs.fr\/index.php?rest_route=\/wp\/v2\/users\/1"}],"replies":[{"embeddable":true,"href":"http:\/\/venusdailleurs.fr\/index.php?rest_route=%2Fwp%2Fv2%2Fcomments&post=3047"}],"version-history":[{"count":2,"href":"http:\/\/venusdailleurs.fr\/index.php?rest_route=\/wp\/v2\/pages\/3047\/revisions"}],"predecessor-version":[{"id":4258,"href":"http:\/\/venusdailleurs.fr\/index.php?rest_route=\/wp\/v2\/pages\/3047\/revisions\/4258"}],"wp:attachment":[{"href":"http:\/\/venusdailleurs.fr\/index.php?rest_route=%2Fwp%2Fv2%2Fmedia&parent=3047"}],"curies":[{"name":"wp","href":"https:\/\/api.w.org\/{rel}","templated":true}]}}