{"id":3041,"date":"2023-06-12T20:32:52","date_gmt":"2023-06-12T18:32:52","guid":{"rendered":"http:\/\/venusdailleurs.fr\/?page_id=3041"},"modified":"2023-06-14T20:51:52","modified_gmt":"2023-06-14T18:51:52","slug":"bruno-garrigues","status":"publish","type":"page","link":"http:\/\/venusdailleurs.fr\/?page_id=3041","title":{"rendered":"Bruno Garrigues"},"content":{"rendered":"\n<figure class=\"wp-block-image size-full is-resized\"><img decoding=\"async\" loading=\"lazy\" src=\"http:\/\/venusdailleurs.fr\/wp-content\/uploads\/2023\/06\/cinema.jpg\" alt=\"\" class=\"wp-image-3042\" width=\"690\" height=\"539\" srcset=\"http:\/\/venusdailleurs.fr\/wp-content\/uploads\/2023\/06\/cinema.jpg 992w, http:\/\/venusdailleurs.fr\/wp-content\/uploads\/2023\/06\/cinema-300x235.jpg 300w, http:\/\/venusdailleurs.fr\/wp-content\/uploads\/2023\/06\/cinema-768x601.jpg 768w\" sizes=\"(max-width: 690px) 100vw, 690px\" \/><\/figure>\n\n\n\n<p class=\"has-text-align-center\"><sup>Poussin c&rsquo;est le cin\u00e9ma que je pr\u00e9f\u00e8re<\/sup><\/p>\n\n\n\n<p>Bruno Garrigues, h\u00f4te de la galerie 17, po\u00e8te, pr\u00eatre orthodoxe, kabbaliste, emplit des carnets de dessins hors du temps, esquisse \u00e0 traits h\u00e2tifs et ondulant un paysage habit\u00e9 et expressif, des ruines, des personnages, les ciels et les rivages d\u2019un orientalisme en noir &amp; blanc, install\u00e9s dans un espace magnifi\u00e9 par de larges respirations de plages blanches. Habitu\u00e9 du jardin des Tuileries, il en dessine les statues et les promeneuses. Pans\u00e9miote et cryptographe, il s\u2019attache \u00e0 rechercher les analogies entre le portrait de <em>la Joconde<\/em>, la <em>Fontaine<\/em> de Marcel Duchamp, <em>L\u2019indiff\u00e9rent<\/em> et le <em>Pierrot<\/em> de Watteau, la Croix d\u2019Isis et la double h\u00e9lice de l\u2019ADN. D\u00e9capant et jouissif.<\/p>\n\n\n\n<p class=\"has-text-align-right\">Jo\u00eblle Busca<\/p>\n\n\n\n<figure class=\"wp-block-image size-large\"><img decoding=\"async\" loading=\"lazy\" width=\"737\" height=\"1024\" src=\"http:\/\/venusdailleurs.fr\/wp-content\/uploads\/2023\/06\/DD3_Pierre_Bruno_Bruno-Garrigues_oeuvres_liondorion-737x1024.jpg\" alt=\"\" class=\"wp-image-3044\" srcset=\"http:\/\/venusdailleurs.fr\/wp-content\/uploads\/2023\/06\/DD3_Pierre_Bruno_Bruno-Garrigues_oeuvres_liondorion-737x1024.jpg 737w, http:\/\/venusdailleurs.fr\/wp-content\/uploads\/2023\/06\/DD3_Pierre_Bruno_Bruno-Garrigues_oeuvres_liondorion-216x300.jpg 216w, http:\/\/venusdailleurs.fr\/wp-content\/uploads\/2023\/06\/DD3_Pierre_Bruno_Bruno-Garrigues_oeuvres_liondorion-768x1067.jpg 768w, http:\/\/venusdailleurs.fr\/wp-content\/uploads\/2023\/06\/DD3_Pierre_Bruno_Bruno-Garrigues_oeuvres_liondorion-1105x1536.jpg 1105w, http:\/\/venusdailleurs.fr\/wp-content\/uploads\/2023\/06\/DD3_Pierre_Bruno_Bruno-Garrigues_oeuvres_liondorion.jpg 1417w\" sizes=\"(max-width: 737px) 100vw, 737px\" \/><\/figure>\n\n\n\n<p><\/p>\n\n\n\n<p><strong><mark style=\"background-color:rgba(0, 0, 0, 0)\" class=\"has-inline-color has-medium-pink-color\">Ouvrages <\/mark><\/strong>:<\/p>\n\n\n\n<p><a href=\"http:\/\/venusdailleurs.fr\/?page_id=2774\">Bruno Garrigues \u2013 ISIS<\/a><\/p>\n\n\n\n<p><a href=\"http:\/\/venusdailleurs.fr\/?page_id=2609\">Th\u00e9\u00e2tres de la m\u00e9moire<\/a><\/p>\n\n\n\n<p><a href=\"http:\/\/venusdailleurs.fr\/?page_id=2607\">\u00c9CARTS<\/a><\/p>\n\n\n\n<p><a href=\"http:\/\/venusdailleurs.fr\/?page_id=2605\">Catalogue Galerie 17<\/a><\/p>\n\n\n\n<p><a href=\"http:\/\/venusdailleurs.fr\/?page_id=2414\">Oh! Mage Pierre Andr\u00e9 Benoit \u2013 Taz Case<\/a><\/p>\n\n\n\n<p><a href=\"http:\/\/venusdailleurs.fr\/?page_id=2397\">Once upon a box<\/a><\/p>\n\n\n\n<p><a href=\"http:\/\/venusdailleurs.fr\/?page_id=2027\">VENUS D\u2019AILLEURS, la revue<\/a> n\u00b0 6 &amp; 9<\/p>\n\n\n\n<p><strong><mark style=\"background-color:rgba(0, 0, 0, 0)\" class=\"has-inline-color has-medium-pink-color\">Expositions <\/mark><\/strong>:<\/p>\n\n\n\n<p><a href=\"http:\/\/venusdailleurs.fr\/?page_id=1065\">Th\u00e9\u00e2tres de la m\u00e9moire<\/a><\/p>\n\n\n\n<p><a href=\"http:\/\/venusdailleurs.fr\/?page_id=977\">Ecarts \u2013 Galerie Angle<\/a><\/p>\n\n\n\n<p><a href=\"http:\/\/venusdailleurs.fr\/?page_id=1099\">Galerie 17<\/a><\/p>\n\n\n\n<p><a href=\"http:\/\/venusdailleurs.fr\/?page_id=590\">Oh ! Mage A Pi R hand r\u00e9 b\u0153uf noix<\/a><\/p>\n\n\n\n<p><a href=\"http:\/\/venusdailleurs.fr\/?page_id=549\">Venus d\u2019Ailleurs et philosophes<\/a><\/p>\n\n\n<div class=\"wp-block-image\">\n<figure class=\"aligncenter size-full\"><img decoding=\"async\" loading=\"lazy\" width=\"269\" height=\"467\" src=\"http:\/\/venusdailleurs.fr\/wp-content\/uploads\/2023\/06\/roussel.jpg\" alt=\"\" class=\"wp-image-3045\" srcset=\"http:\/\/venusdailleurs.fr\/wp-content\/uploads\/2023\/06\/roussel.jpg 269w, http:\/\/venusdailleurs.fr\/wp-content\/uploads\/2023\/06\/roussel-173x300.jpg 173w\" sizes=\"(max-width: 269px) 100vw, 269px\" \/><\/figure><\/div>\n\n\n<p class=\"has-text-align-center\"><sup>portrait de Raymond Roussel enfant<\/sup><\/p>\n\n\n\n<figure class=\"wp-block-gallery has-nested-images columns-default is-cropped wp-block-gallery-1 is-layout-flex\">\n<figure class=\"wp-block-image size-large\"><img decoding=\"async\" loading=\"lazy\" width=\"1024\" height=\"714\" data-id=\"3732\"  src=\"http:\/\/venusdailleurs.fr\/wp-content\/uploads\/2023\/06\/Image0002_1-1024x714.jpg\" alt=\"\" class=\"wp-image-3732\" srcset=\"http:\/\/venusdailleurs.fr\/wp-content\/uploads\/2023\/06\/Image0002_1-1024x714.jpg 1024w, http:\/\/venusdailleurs.fr\/wp-content\/uploads\/2023\/06\/Image0002_1-300x209.jpg 300w, http:\/\/venusdailleurs.fr\/wp-content\/uploads\/2023\/06\/Image0002_1-768x535.jpg 768w, http:\/\/venusdailleurs.fr\/wp-content\/uploads\/2023\/06\/Image0002_1-1536x1071.jpg 1536w, http:\/\/venusdailleurs.fr\/wp-content\/uploads\/2023\/06\/Image0002_1.jpg 1757w\" sizes=\"(max-width: 1024px) 100vw, 1024px\" \/><\/figure>\n\n\n\n<figure class=\"wp-block-image size-large\"><img decoding=\"async\" loading=\"lazy\" width=\"1024\" height=\"685\" data-id=\"3731\"  src=\"http:\/\/venusdailleurs.fr\/wp-content\/uploads\/2023\/06\/Image0006-1024x685.jpg\" alt=\"\" class=\"wp-image-3731\" srcset=\"http:\/\/venusdailleurs.fr\/wp-content\/uploads\/2023\/06\/Image0006-1024x685.jpg 1024w, http:\/\/venusdailleurs.fr\/wp-content\/uploads\/2023\/06\/Image0006-300x201.jpg 300w, http:\/\/venusdailleurs.fr\/wp-content\/uploads\/2023\/06\/Image0006-768x513.jpg 768w, http:\/\/venusdailleurs.fr\/wp-content\/uploads\/2023\/06\/Image0006.jpg 1050w\" sizes=\"(max-width: 1024px) 100vw, 1024px\" \/><\/figure>\n<\/figure>\n\n\n\n<p><\/p>\n","protected":false},"excerpt":{"rendered":"<p>Poussin c&rsquo;est le cin\u00e9ma que je pr\u00e9f\u00e8re Bruno Garrigues, h\u00f4te de la galerie 17, po\u00e8te, pr\u00eatre orthodoxe, kabbaliste, emplit des carnets de dessins hors du temps, esquisse \u00e0 traits h\u00e2tifs et ondulant un paysage habit\u00e9 et expressif, des ruines, des personnages, les ciels et les rivages d\u2019un orientalisme en noir &amp; blanc, install\u00e9s dans un &hellip; <a href=\"http:\/\/venusdailleurs.fr\/?page_id=3041\" class=\"more-link\">Continuer la lecture de <span class=\"screen-reader-text\">Bruno Garrigues<\/span><\/a><\/p>\n","protected":false},"author":1,"featured_media":0,"parent":0,"menu_order":0,"comment_status":"closed","ping_status":"closed","template":"","meta":[],"_links":{"self":[{"href":"http:\/\/venusdailleurs.fr\/index.php?rest_route=\/wp\/v2\/pages\/3041"}],"collection":[{"href":"http:\/\/venusdailleurs.fr\/index.php?rest_route=\/wp\/v2\/pages"}],"about":[{"href":"http:\/\/venusdailleurs.fr\/index.php?rest_route=\/wp\/v2\/types\/page"}],"author":[{"embeddable":true,"href":"http:\/\/venusdailleurs.fr\/index.php?rest_route=\/wp\/v2\/users\/1"}],"replies":[{"embeddable":true,"href":"http:\/\/venusdailleurs.fr\/index.php?rest_route=%2Fwp%2Fv2%2Fcomments&post=3041"}],"version-history":[{"count":2,"href":"http:\/\/venusdailleurs.fr\/index.php?rest_route=\/wp\/v2\/pages\/3041\/revisions"}],"predecessor-version":[{"id":3733,"href":"http:\/\/venusdailleurs.fr\/index.php?rest_route=\/wp\/v2\/pages\/3041\/revisions\/3733"}],"wp:attachment":[{"href":"http:\/\/venusdailleurs.fr\/index.php?rest_route=%2Fwp%2Fv2%2Fmedia&parent=3041"}],"curies":[{"name":"wp","href":"https:\/\/api.w.org\/{rel}","templated":true}]}}