{"id":3014,"date":"2023-06-12T19:40:46","date_gmt":"2023-06-12T17:40:46","guid":{"rendered":"http:\/\/venusdailleurs.fr\/?page_id=3014"},"modified":"2023-06-12T19:40:46","modified_gmt":"2023-06-12T17:40:46","slug":"maxime-dupuis","status":"publish","type":"page","link":"http:\/\/venusdailleurs.fr\/?page_id=3014","title":{"rendered":"Maxime Dupuis"},"content":{"rendered":"\n<h6 class=\"wp-block-heading\">\u00a0<\/h6>\n\n\n<div class=\"wp-block-image\">\n<figure class=\"aligncenter size-full is-resized\"><img decoding=\"async\" loading=\"lazy\" src=\"http:\/\/venusdailleurs.fr\/wp-content\/uploads\/2023\/06\/Max.jpg\" alt=\"\" class=\"wp-image-3015\" width=\"341\" height=\"316\" srcset=\"http:\/\/venusdailleurs.fr\/wp-content\/uploads\/2023\/06\/Max.jpg 992w, http:\/\/venusdailleurs.fr\/wp-content\/uploads\/2023\/06\/Max-300x278.jpg 300w, http:\/\/venusdailleurs.fr\/wp-content\/uploads\/2023\/06\/Max-768x711.jpg 768w\" sizes=\"(max-width: 341px) 100vw, 341px\" \/><\/figure><\/div>\n\n\n<p>Maxime Dupuis a commenc\u00e9 le violoncelle \u00e0 l\u2019\u00e2ge de 5 ans et a \u00e9tudi\u00e9 en parall\u00e8le le clavecin pendant 7 ans.<\/p>\n\n\n\n<p>Dipl\u00f4m\u00e9 du Conservatoire de N\u00eemes, et d\u2019une licence en musicologie, il se forme aux musiques orientales ethniques. Il participe depuis 2004 \u00e0 la mise en musique d\u2019\u0153uvres d\u2019artistes, comme Aur\u00e9lie Nemours ou Hans Bellmer au Centre Georges Pompidou, au sein duquel il monte un atelier pour enfants autour de la mise en relation musique et peinture sur l\u2019\u0153uvre de Mondrian.<\/p>\n\n\n\n<p>Il participe \u00e0 une lecture de po\u00e8mes de Michel Butor, \u00e0 une pi\u00e8ce de la compagnie maritime , \u00abLes Trachinniennes\u00bb, et une mise en sc\u00e8ne de Pierre Castagn\u00e9, \u00abContes Obscurs, Contes Lumineux\u00bb. En 2006, il d\u00e9veloppe le projet \u00abFreecab\u00bb, groupe de musique fusionnant \u00e0 la fois musique contemporaine acoustique, musique \u00e9lectronique, vid\u00e9o et r\u00e9cemment chant indien. Il cr\u00e9e avec Damien Fadat, \u00abFreecab\u00bb et C\u00e9line Wadier le projet \u00abInnagarden\u00bb.&nbsp;Depuis 2007 il joue au Palais de Tokyo dans le cadre d\u2019exposition, il accompagne des po\u00e8tes comme musicien performeur, et intervient avec Gr\u00e9gor Rollet et Damien Fadat \u00e0 \u00abl\u2019IME Fondation Cognac Jay\u00bb, centre pour enfants autistes de Vitry-sur-Seine.<\/p>\n\n\n\n<p><strong><mark style=\"background-color:rgba(0, 0, 0, 0)\" class=\"has-inline-color has-medium-pink-color\">Discographie<\/mark><\/strong> : <\/p>\n\n\n\n<p><a href=\"http:\/\/venusdailleurs.fr\/?page_id=2690\" data-type=\"page\" data-id=\"2690\">Le fant\u00f4me de l&rsquo;op\u00e9ra<\/a><\/p>\n","protected":false},"excerpt":{"rendered":"<p>\u00a0 Maxime Dupuis a commenc\u00e9 le violoncelle \u00e0 l\u2019\u00e2ge de 5 ans et a \u00e9tudi\u00e9 en parall\u00e8le le clavecin pendant 7 ans. Dipl\u00f4m\u00e9 du Conservatoire de N\u00eemes, et d\u2019une licence en musicologie, il se forme aux musiques orientales ethniques. Il participe depuis 2004 \u00e0 la mise en musique d\u2019\u0153uvres d\u2019artistes, comme Aur\u00e9lie Nemours ou Hans &hellip; <a href=\"http:\/\/venusdailleurs.fr\/?page_id=3014\" class=\"more-link\">Continuer la lecture de <span class=\"screen-reader-text\">Maxime Dupuis<\/span><\/a><\/p>\n","protected":false},"author":1,"featured_media":0,"parent":0,"menu_order":0,"comment_status":"closed","ping_status":"closed","template":"","meta":[],"_links":{"self":[{"href":"http:\/\/venusdailleurs.fr\/index.php?rest_route=\/wp\/v2\/pages\/3014"}],"collection":[{"href":"http:\/\/venusdailleurs.fr\/index.php?rest_route=\/wp\/v2\/pages"}],"about":[{"href":"http:\/\/venusdailleurs.fr\/index.php?rest_route=\/wp\/v2\/types\/page"}],"author":[{"embeddable":true,"href":"http:\/\/venusdailleurs.fr\/index.php?rest_route=\/wp\/v2\/users\/1"}],"replies":[{"embeddable":true,"href":"http:\/\/venusdailleurs.fr\/index.php?rest_route=%2Fwp%2Fv2%2Fcomments&post=3014"}],"version-history":[{"count":1,"href":"http:\/\/venusdailleurs.fr\/index.php?rest_route=\/wp\/v2\/pages\/3014\/revisions"}],"predecessor-version":[{"id":3016,"href":"http:\/\/venusdailleurs.fr\/index.php?rest_route=\/wp\/v2\/pages\/3014\/revisions\/3016"}],"wp:attachment":[{"href":"http:\/\/venusdailleurs.fr\/index.php?rest_route=%2Fwp%2Fv2%2Fmedia&parent=3014"}],"curies":[{"name":"wp","href":"https:\/\/api.w.org\/{rel}","templated":true}]}}