{"id":2999,"date":"2023-06-12T19:06:21","date_gmt":"2023-06-12T17:06:21","guid":{"rendered":"http:\/\/venusdailleurs.fr\/?page_id=2999"},"modified":"2023-06-12T19:06:21","modified_gmt":"2023-06-12T17:06:21","slug":"agnes-dubart","status":"publish","type":"page","link":"http:\/\/venusdailleurs.fr\/?page_id=2999","title":{"rendered":"Agnes Dubart"},"content":{"rendered":"<div class=\"wp-block-image\">\n<figure class=\"aligncenter size-full\"><img decoding=\"async\" loading=\"lazy\" width=\"492\" height=\"640\" src=\"http:\/\/venusdailleurs.fr\/wp-content\/uploads\/2023\/06\/danseaubec-1.jpg\" alt=\"\" class=\"wp-image-3000\" srcset=\"http:\/\/venusdailleurs.fr\/wp-content\/uploads\/2023\/06\/danseaubec-1.jpg 492w, http:\/\/venusdailleurs.fr\/wp-content\/uploads\/2023\/06\/danseaubec-1-231x300.jpg 231w\" sizes=\"(max-width: 492px) 100vw, 492px\" \/><\/figure><\/div>\n\n\n<p>Agnes DUBART est n\u00e9e \u00e0 Lille. T\u00f4t elle s\u2019est consacr\u00e9e \u00e0 la gravure et montre une tr\u00e8s grande maturit\u00e9. Elle explore l\u2019univers carnavalesque : l\u2019homme y op\u00e8re sa m\u00e9tamorphose pour se rendre disponible au renouveau.Elle rend visible le mode irrationnel de notre imaginaire.Dans ses grandes xylogravures, dans ses eaux fortes et aquatintes, elle donne vie \u00e0 un monde familier de grotesques qui tiennent leurs origines au fond des \u00e2ges.<\/p>\n\n\n\n<p><\/p>\n\n\n\n<p>\u00ab<em>La gravure comme empreinte, trace du corps, sillon. D\u00e9placer l\u2019\u00e9chelle, creuser des corps. Les multiplier, les d\u00e9former, les mettre en sc\u00e8ne.<br>La plaque de m\u00e9tal s\u2019est transform\u00e9e peu \u00e0 peu en grande matrice de bois. Un face \u00e0 face, un geste ample et dansant. Un corps \u00e0 mon \u00e9chelle.<br>Je suis \u00e0 la recherche de ces corps en mouvement, en croissance, en vie, qui semblent se m\u00e9tamorphoser, \u00e9voluer, muter. Des hybrides, des fous, des monstres parfois.. Des bonshommes en marge. Des dr\u00f4les de b\u00eates. Des mondes gaiement sombres, m\u00ealant vie et mort, nourris par les images de Bosch, Brueghel, Ensor ou Goya.<br>Retour au moyen-\u00e2ge fantastique et aux formes grotesques. Retour \u00e0 une lecture des symboles oubli\u00e9s, des connections \u00e0 r\u00e9inventer. Revivre les rituels et croyances dans notre rapport \u00e0 la terre, au sol, \u00e0 la nourriture, au cosmos et \u00e0 l\u2019autre.<\/em>\u00bb<\/p>\n\n\n\n<p>&nbsp;<\/p>\n\n\n\n<p class=\"has-text-align-right\">Agn\u00e8s Dubart<\/p>\n\n\n\n<p><strong><mark style=\"background-color:rgba(0, 0, 0, 0)\" class=\"has-inline-color has-medium-pink-color\">Site <\/mark><\/strong>: https:\/\/agnesdubart.com\/<\/p>\n\n\n\n<p><strong><mark style=\"background-color:rgba(0, 0, 0, 0)\" class=\"has-inline-color has-medium-pink-color\">Ouvrage <\/mark><\/strong>:<\/p>\n\n\n\n<p><a href=\"http:\/\/venusdailleurs.fr\/?page_id=2058\">La Nouvelle Revue Moderne n\u00b039<\/a><\/p>\n\n\n\n<p><strong><mark style=\"background-color:rgba(0, 0, 0, 0)\" class=\"has-inline-color has-medium-pink-color\">Expositions <\/mark><\/strong>:<\/p>\n\n\n\n<p><a href=\"http:\/\/venusdailleurs.fr\/?page_id=696\">V\u00e9nus s\u2019ent\u00eate, le ch\u0153ur s\u2019emballe<\/a><\/p>\n\n\n\n<p><a href=\"http:\/\/venusdailleurs.fr\/?page_id=643\">Umour monstre compl\u00e9tement timbr\u00e9<\/a><\/p>\n\n\n\n<p><\/p>\n","protected":false},"excerpt":{"rendered":"<p>Agnes DUBART est n\u00e9e \u00e0 Lille. T\u00f4t elle s\u2019est consacr\u00e9e \u00e0 la gravure et montre une tr\u00e8s grande maturit\u00e9. Elle explore l\u2019univers carnavalesque : l\u2019homme y op\u00e8re sa m\u00e9tamorphose pour se rendre disponible au renouveau.Elle rend visible le mode irrationnel de notre imaginaire.Dans ses grandes xylogravures, dans ses eaux fortes et aquatintes, elle donne vie &hellip; <a href=\"http:\/\/venusdailleurs.fr\/?page_id=2999\" class=\"more-link\">Continuer la lecture de <span class=\"screen-reader-text\">Agnes Dubart<\/span><\/a><\/p>\n","protected":false},"author":1,"featured_media":0,"parent":0,"menu_order":0,"comment_status":"closed","ping_status":"closed","template":"","meta":[],"_links":{"self":[{"href":"http:\/\/venusdailleurs.fr\/index.php?rest_route=\/wp\/v2\/pages\/2999"}],"collection":[{"href":"http:\/\/venusdailleurs.fr\/index.php?rest_route=\/wp\/v2\/pages"}],"about":[{"href":"http:\/\/venusdailleurs.fr\/index.php?rest_route=\/wp\/v2\/types\/page"}],"author":[{"embeddable":true,"href":"http:\/\/venusdailleurs.fr\/index.php?rest_route=\/wp\/v2\/users\/1"}],"replies":[{"embeddable":true,"href":"http:\/\/venusdailleurs.fr\/index.php?rest_route=%2Fwp%2Fv2%2Fcomments&post=2999"}],"version-history":[{"count":1,"href":"http:\/\/venusdailleurs.fr\/index.php?rest_route=\/wp\/v2\/pages\/2999\/revisions"}],"predecessor-version":[{"id":3001,"href":"http:\/\/venusdailleurs.fr\/index.php?rest_route=\/wp\/v2\/pages\/2999\/revisions\/3001"}],"wp:attachment":[{"href":"http:\/\/venusdailleurs.fr\/index.php?rest_route=%2Fwp%2Fv2%2Fmedia&parent=2999"}],"curies":[{"name":"wp","href":"https:\/\/api.w.org\/{rel}","templated":true}]}}