{"id":2914,"date":"2023-06-12T15:01:01","date_gmt":"2023-06-12T13:01:01","guid":{"rendered":"http:\/\/venusdailleurs.fr\/?page_id=2914"},"modified":"2023-06-14T16:28:42","modified_gmt":"2023-06-14T14:28:42","slug":"yasmine-blum","status":"publish","type":"page","link":"http:\/\/venusdailleurs.fr\/?page_id=2914","title":{"rendered":"Yasmine Blum"},"content":{"rendered":"\n<figure class=\"wp-block-image size-full\"><img decoding=\"async\" loading=\"lazy\" width=\"909\" height=\"780\" src=\"http:\/\/venusdailleurs.fr\/wp-content\/uploads\/2023\/06\/5c757e_63045d45e6cc476aba55923b136d1f29.webp\" alt=\"\" class=\"wp-image-2915\" srcset=\"http:\/\/venusdailleurs.fr\/wp-content\/uploads\/2023\/06\/5c757e_63045d45e6cc476aba55923b136d1f29.webp 909w, http:\/\/venusdailleurs.fr\/wp-content\/uploads\/2023\/06\/5c757e_63045d45e6cc476aba55923b136d1f29-300x257.webp 300w, http:\/\/venusdailleurs.fr\/wp-content\/uploads\/2023\/06\/5c757e_63045d45e6cc476aba55923b136d1f29-768x659.webp 768w\" sizes=\"(max-width: 909px) 100vw, 909px\" \/><\/figure>\n\n\n\n<p>Issue d\u2019une double culture, on me demandait parfois si je me sentais plus proche d\u2019un c\u00f4t\u00e9 que de l\u2019autre. Je r\u00e9pondais que je me sens proche de n\u2019importe quel m\u00e9tissage&nbsp;: lorsque je dis m\u00e9tissage, je dis&nbsp;: m\u00e9lange des civillisations, confrontation des dogmes, mutation des genres. J\u2019ai toujours trouv\u00e9 porteur d\u2019\u00eatre de ceux qui doivent composer avec des contradictions -l\u2019ambivalence se faisant lieu de mon identit\u00e9- j\u2019y ai d\u00e9velopp\u00e9 une petite m\u00e9taphysique des paradoxes.<br>Loin d\u2019en faire une philosophie, j\u2019y puise une v\u00e9ritable inspiration.<br><br>Travailler sur la chim\u00e8re, c\u2019est une mani\u00e8re -spectaculaire- d\u2019articuler cet ordre d\u2019id\u00e9e.<br><br>Dans le cadre de ce th\u00e8me, l\u2019\u00e9rotisme questionne le rapport \u00e0 l\u2019autre, dans ce qu\u2019il a de plus effrayant et attractif et raconte un aller-retour entre l\u2019effroi et l\u2019attirance.<\/p>\n\n\n\n<p><mark style=\"background-color:rgba(0, 0, 0, 0)\" class=\"has-inline-color has-medium-pink-color\"><strong>Site <\/strong>:<\/mark> <a href=\"https:\/\/yasmineblum.fr\/\">yasmineblum.fr<\/a><\/p>\n\n\n\n<p><strong><mark style=\"background-color:rgba(0, 0, 0, 0)\" class=\"has-inline-color has-medium-pink-color\">Ouvrages :<\/mark><\/strong><\/p>\n\n\n\n<p>Callibistris<\/p>\n\n\n\n<p><\/p>\n","protected":false},"excerpt":{"rendered":"<p>Issue d\u2019une double culture, on me demandait parfois si je me sentais plus proche d\u2019un c\u00f4t\u00e9 que de l\u2019autre. Je r\u00e9pondais que je me sens proche de n\u2019importe quel m\u00e9tissage&nbsp;: lorsque je dis m\u00e9tissage, je dis&nbsp;: m\u00e9lange des civillisations, confrontation des dogmes, mutation des genres. J\u2019ai toujours trouv\u00e9 porteur d\u2019\u00eatre de ceux qui doivent composer &hellip; <a href=\"http:\/\/venusdailleurs.fr\/?page_id=2914\" class=\"more-link\">Continuer la lecture de <span class=\"screen-reader-text\">Yasmine Blum<\/span><\/a><\/p>\n","protected":false},"author":1,"featured_media":0,"parent":0,"menu_order":0,"comment_status":"closed","ping_status":"closed","template":"","meta":[],"_links":{"self":[{"href":"http:\/\/venusdailleurs.fr\/index.php?rest_route=\/wp\/v2\/pages\/2914"}],"collection":[{"href":"http:\/\/venusdailleurs.fr\/index.php?rest_route=\/wp\/v2\/pages"}],"about":[{"href":"http:\/\/venusdailleurs.fr\/index.php?rest_route=\/wp\/v2\/types\/page"}],"author":[{"embeddable":true,"href":"http:\/\/venusdailleurs.fr\/index.php?rest_route=\/wp\/v2\/users\/1"}],"replies":[{"embeddable":true,"href":"http:\/\/venusdailleurs.fr\/index.php?rest_route=%2Fwp%2Fv2%2Fcomments&post=2914"}],"version-history":[{"count":2,"href":"http:\/\/venusdailleurs.fr\/index.php?rest_route=\/wp\/v2\/pages\/2914\/revisions"}],"predecessor-version":[{"id":3540,"href":"http:\/\/venusdailleurs.fr\/index.php?rest_route=\/wp\/v2\/pages\/2914\/revisions\/3540"}],"wp:attachment":[{"href":"http:\/\/venusdailleurs.fr\/index.php?rest_route=%2Fwp%2Fv2%2Fmedia&parent=2914"}],"curies":[{"name":"wp","href":"https:\/\/api.w.org\/{rel}","templated":true}]}}