{"id":2688,"date":"2023-06-11T23:58:43","date_gmt":"2023-06-11T21:58:43","guid":{"rendered":"http:\/\/venusdailleurs.fr\/?page_id=2688"},"modified":"2023-06-11T23:58:43","modified_gmt":"2023-06-11T21:58:43","slug":"cavalier-oblique","status":"publish","type":"page","link":"http:\/\/venusdailleurs.fr\/?page_id=2688","title":{"rendered":"Cavalier Oblique"},"content":{"rendered":"\n<p>Aur\u00e9lie Aura<\/p>\n\n\n\n<figure class=\"wp-block-image size-full\"><img decoding=\"async\" loading=\"lazy\" width=\"288\" height=\"298\" src=\"http:\/\/venusdailleurs.fr\/wp-content\/uploads\/2023\/06\/Cavalier-oblique.jpg\" alt=\"\" class=\"wp-image-2675\"\/><\/figure>\n\n\n\n<p>30 mn &#8211; N&amp; B &#8211; coul. 2006<br>Edition collector tir\u00e9e \u00e0 30 exemplaires accompagn\u00e9s d\u2019un tirage argentique original.<br><em>Lucie &#8211; Le cabaret de poche &#8211; Le noyau de l\u2019hippocampe<\/em> &#8211; Bonus : Galerie Photos<\/p>\n\n\n\n<p>30 \u20ac<\/p>\n\n\n\n<p><a href=\"mailto:venusdailleurs@free.fr\">COMMANDER&nbsp;<\/a><\/p>\n","protected":false},"excerpt":{"rendered":"<p>Aur\u00e9lie Aura 30 mn &#8211; N&amp; B &#8211; coul. 2006Edition collector tir\u00e9e \u00e0 30 exemplaires accompagn\u00e9s d\u2019un tirage argentique original.Lucie &#8211; Le cabaret de poche &#8211; Le noyau de l\u2019hippocampe &#8211; Bonus : Galerie Photos 30 \u20ac COMMANDER&nbsp;<\/p>\n","protected":false},"author":1,"featured_media":0,"parent":0,"menu_order":0,"comment_status":"closed","ping_status":"closed","template":"","meta":[],"_links":{"self":[{"href":"http:\/\/venusdailleurs.fr\/index.php?rest_route=\/wp\/v2\/pages\/2688"}],"collection":[{"href":"http:\/\/venusdailleurs.fr\/index.php?rest_route=\/wp\/v2\/pages"}],"about":[{"href":"http:\/\/venusdailleurs.fr\/index.php?rest_route=\/wp\/v2\/types\/page"}],"author":[{"embeddable":true,"href":"http:\/\/venusdailleurs.fr\/index.php?rest_route=\/wp\/v2\/users\/1"}],"replies":[{"embeddable":true,"href":"http:\/\/venusdailleurs.fr\/index.php?rest_route=%2Fwp%2Fv2%2Fcomments&post=2688"}],"version-history":[{"count":1,"href":"http:\/\/venusdailleurs.fr\/index.php?rest_route=\/wp\/v2\/pages\/2688\/revisions"}],"predecessor-version":[{"id":2689,"href":"http:\/\/venusdailleurs.fr\/index.php?rest_route=\/wp\/v2\/pages\/2688\/revisions\/2689"}],"wp:attachment":[{"href":"http:\/\/venusdailleurs.fr\/index.php?rest_route=%2Fwp%2Fv2%2Fmedia&parent=2688"}],"curies":[{"name":"wp","href":"https:\/\/api.w.org\/{rel}","templated":true}]}}