{"id":2617,"date":"2023-06-11T22:56:08","date_gmt":"2023-06-11T20:56:08","guid":{"rendered":"http:\/\/venusdailleurs.fr\/?page_id=2617"},"modified":"2023-06-12T13:02:37","modified_gmt":"2023-06-12T11:02:37","slug":"boat","status":"publish","type":"page","link":"http:\/\/venusdailleurs.fr\/?page_id=2617","title":{"rendered":"BOAT"},"content":{"rendered":"\n<p><\/p>\n\n\n\n<h2 class=\"wp-block-heading\"><strong><mark style=\"background-color:rgba(0, 0, 0, 0)\" class=\"has-inline-color has-medium-pink-color\">Alphabet licencieux<\/mark><\/strong><\/h2>\n\n\n\n<figure class=\"wp-block-image size-full\"><img decoding=\"async\" loading=\"lazy\" width=\"310\" height=\"283\" src=\"http:\/\/venusdailleurs.fr\/wp-content\/uploads\/2023\/06\/Alphabet-licencieux.jpg\" alt=\"\" class=\"wp-image-2618\" srcset=\"http:\/\/venusdailleurs.fr\/wp-content\/uploads\/2023\/06\/Alphabet-licencieux.jpg 310w, http:\/\/venusdailleurs.fr\/wp-content\/uploads\/2023\/06\/Alphabet-licencieux-300x274.jpg 300w\" sizes=\"(max-width: 310px) 100vw, 310px\" \/><\/figure>\n\n\n\n<p>Mini-livre en rouleaux&nbsp; comportant<\/p>\n\n\n\n<p>deux s\u00e9ries d&rsquo;alphabets anthropomorphes.<\/p>\n\n\n\n<h2 class=\"wp-block-heading\"><strong><mark style=\"background-color:rgba(0, 0, 0, 0)\" class=\"has-inline-color has-medium-pink-color\">J<\/mark><\/strong><mark style=\"background-color:rgba(0, 0, 0, 0)\" class=\"has-inline-color has-medium-pink-color\">acques Callot &#8211; <strong>G<\/strong><\/mark><strong><mark style=\"background-color:rgba(0, 0, 0, 0)\" class=\"has-inline-color has-medium-pink-color\">obbis<\/mark><\/strong><\/h2>\n\n\n\n<figure class=\"wp-block-image size-full\"><img decoding=\"async\" loading=\"lazy\" width=\"229\" height=\"283\" src=\"http:\/\/venusdailleurs.fr\/wp-content\/uploads\/2023\/06\/Gobbi-J.Callot.jpg\" alt=\"\" class=\"wp-image-2619\"\/><\/figure>\n\n\n\n<p><\/p>\n\n\n\n<p>Mini-livre en rouleaux&nbsp; comportant<\/p>\n\n\n\n<p>une s\u00e9rie de 20 Gravures.<\/p>\n\n\n\n<p><\/p>\n\n\n\n<h2 class=\"wp-block-heading\"><strong><mark style=\"background-color:rgba(0, 0, 0, 0)\" class=\"has-inline-color has-medium-pink-color\">Van Bolten &#8211; Grotesque<\/mark><\/strong><\/h2>\n\n\n\n<figure class=\"wp-block-image size-full is-resized\"><img decoding=\"async\" loading=\"lazy\" src=\"http:\/\/venusdailleurs.fr\/wp-content\/uploads\/2023\/06\/van-bolten.jpg\" alt=\"\" class=\"wp-image-2620\" width=\"250\" height=\"326\" srcset=\"http:\/\/venusdailleurs.fr\/wp-content\/uploads\/2023\/06\/van-bolten.jpg 614w, http:\/\/venusdailleurs.fr\/wp-content\/uploads\/2023\/06\/van-bolten-230x300.jpg 230w\" sizes=\"(max-width: 250px) 100vw, 250px\" \/><\/figure>\n\n\n\n<p>\u200bMini-livre en rouleaux&nbsp; comportant<\/p>\n\n\n\n<p>une s\u00e9rie de Gravures.<\/p>\n\n\n\n<p><\/p>\n\n\n\n<h2 class=\"wp-block-heading\"><strong><mark style=\"background-color:rgba(0, 0, 0, 0)\" class=\"has-inline-color has-medium-pink-color\">Jos\u00e9 Guadaloupe Posada &#8211; Calavera<\/mark><\/strong><\/h2>\n\n\n\n<figure class=\"wp-block-image size-full is-resized\"><img decoding=\"async\" loading=\"lazy\" src=\"http:\/\/venusdailleurs.fr\/wp-content\/uploads\/2023\/06\/Posada.jpg\" alt=\"\" class=\"wp-image-2621\" width=\"240\" height=\"335\" srcset=\"http:\/\/venusdailleurs.fr\/wp-content\/uploads\/2023\/06\/Posada.jpg 644w, http:\/\/venusdailleurs.fr\/wp-content\/uploads\/2023\/06\/Posada-215x300.jpg 215w\" sizes=\"(max-width: 240px) 100vw, 240px\" \/><\/figure>\n\n\n\n<p>\u200b\u200b\u200b<\/p>\n\n\n\n<p>Mini-livre en rouleaux&nbsp; comportant<\/p>\n\n\n\n<p>une s\u00e9rie de Gravures.<\/p>\n\n\n\n<p><\/p>\n\n\n\n<h2 class=\"wp-block-heading\"><mark style=\"background-color:rgba(0, 0, 0, 0)\" class=\"has-inline-color has-medium-pink-color\"><strong>Michael Maier<\/strong> &#8211; <strong>Symbola Aur\u00e9ae Mensae<\/strong><\/mark><\/h2>\n\n\n\n<figure class=\"wp-block-image size-full\"><img decoding=\"async\" loading=\"lazy\" width=\"498\" height=\"417\" src=\"http:\/\/venusdailleurs.fr\/wp-content\/uploads\/2023\/06\/maier-gravures.jpg\" alt=\"\" class=\"wp-image-2622\" srcset=\"http:\/\/venusdailleurs.fr\/wp-content\/uploads\/2023\/06\/maier-gravures.jpg 498w, http:\/\/venusdailleurs.fr\/wp-content\/uploads\/2023\/06\/maier-gravures-300x251.jpg 300w\" sizes=\"(max-width: 498px) 100vw, 498px\" \/><\/figure>\n\n\n\n<p>\u200b<\/p>\n\n\n\n<p>\u200b<\/p>\n\n\n\n<p>Mini-livre en rouleaux&nbsp; comportant deux s\u00e9ries de Gravures recoloris\u00e9es du c\u00e9l\u00e8bre alchimiste.<\/p>\n\n\n\n<h2 class=\"wp-block-heading\"><strong><mark style=\"background-color:rgba(0, 0, 0, 0)\" class=\"has-inline-color has-medium-pink-color\">Les collages de Hans Christian Andersen<\/mark><\/strong><\/h2>\n\n\n\n<figure class=\"wp-block-image size-full is-resized\"><img decoding=\"async\" loading=\"lazy\" src=\"http:\/\/venusdailleurs.fr\/wp-content\/uploads\/2023\/06\/andersen-collages.jpg\" alt=\"\" class=\"wp-image-2623\" width=\"488\" height=\"408\" srcset=\"http:\/\/venusdailleurs.fr\/wp-content\/uploads\/2023\/06\/andersen-collages.jpg 567w, http:\/\/venusdailleurs.fr\/wp-content\/uploads\/2023\/06\/andersen-collages-300x251.jpg 300w\" sizes=\"(max-width: 488px) 100vw, 488px\" \/><\/figure>\n\n\n\n<p>Mini-livre en rouleaux sur les surprenants collages de l&rsquo;auteur de vilain petit canard&#8230;<\/p>\n\n\n\n<h2 class=\"wp-block-heading\"><strong><mark style=\"background-color:rgba(0, 0, 0, 0)\" class=\"has-inline-color has-medium-pink-color\">The upside-downs &#8211; Gustave Verbeek<\/mark><\/strong><\/h2>\n\n\n\n<figure class=\"wp-block-image size-full is-resized\"><img decoding=\"async\" loading=\"lazy\" src=\"http:\/\/venusdailleurs.fr\/wp-content\/uploads\/2023\/06\/verbeek.jpg\" alt=\"\" class=\"wp-image-2624\" width=\"281\" height=\"358\" srcset=\"http:\/\/venusdailleurs.fr\/wp-content\/uploads\/2023\/06\/verbeek.jpg 624w, http:\/\/venusdailleurs.fr\/wp-content\/uploads\/2023\/06\/verbeek-235x300.jpg 235w\" sizes=\"(max-width: 281px) 100vw, 281px\" \/><\/figure>\n\n\n\n<p>\u200bMini livre en rouleaux comportant 6 strips lisibles dans les deux sens&#8230;<\/p>\n\n\n\n<p>\u200b<\/p>\n","protected":false},"excerpt":{"rendered":"<p>Alphabet licencieux Mini-livre en rouleaux&nbsp; comportant deux s\u00e9ries d&rsquo;alphabets anthropomorphes. Jacques Callot &#8211; Gobbis Mini-livre en rouleaux&nbsp; comportant une s\u00e9rie de 20 Gravures. Van Bolten &#8211; Grotesque \u200bMini-livre en rouleaux&nbsp; comportant une s\u00e9rie de Gravures. Jos\u00e9 Guadaloupe Posada &#8211; Calavera \u200b\u200b\u200b Mini-livre en rouleaux&nbsp; comportant une s\u00e9rie de Gravures. Michael Maier &#8211; Symbola Aur\u00e9ae Mensae &hellip; <a href=\"http:\/\/venusdailleurs.fr\/?page_id=2617\" class=\"more-link\">Continuer la lecture de <span class=\"screen-reader-text\">BOAT<\/span><\/a><\/p>\n","protected":false},"author":1,"featured_media":0,"parent":0,"menu_order":0,"comment_status":"closed","ping_status":"closed","template":"","meta":[],"_links":{"self":[{"href":"http:\/\/venusdailleurs.fr\/index.php?rest_route=\/wp\/v2\/pages\/2617"}],"collection":[{"href":"http:\/\/venusdailleurs.fr\/index.php?rest_route=\/wp\/v2\/pages"}],"about":[{"href":"http:\/\/venusdailleurs.fr\/index.php?rest_route=\/wp\/v2\/types\/page"}],"author":[{"embeddable":true,"href":"http:\/\/venusdailleurs.fr\/index.php?rest_route=\/wp\/v2\/users\/1"}],"replies":[{"embeddable":true,"href":"http:\/\/venusdailleurs.fr\/index.php?rest_route=%2Fwp%2Fv2%2Fcomments&post=2617"}],"version-history":[{"count":3,"href":"http:\/\/venusdailleurs.fr\/index.php?rest_route=\/wp\/v2\/pages\/2617\/revisions"}],"predecessor-version":[{"id":2857,"href":"http:\/\/venusdailleurs.fr\/index.php?rest_route=\/wp\/v2\/pages\/2617\/revisions\/2857"}],"wp:attachment":[{"href":"http:\/\/venusdailleurs.fr\/index.php?rest_route=%2Fwp%2Fv2%2Fmedia&parent=2617"}],"curies":[{"name":"wp","href":"https:\/\/api.w.org\/{rel}","templated":true}]}}