{"id":2564,"date":"2023-06-11T21:49:48","date_gmt":"2023-06-11T19:49:48","guid":{"rendered":"http:\/\/venusdailleurs.fr\/?page_id=2564"},"modified":"2023-06-11T21:49:48","modified_gmt":"2023-06-11T19:49:48","slug":"arsenic","status":"publish","type":"page","link":"http:\/\/venusdailleurs.fr\/?page_id=2564","title":{"rendered":"Arsenic"},"content":{"rendered":"\n<p>Yoan Armand Gil<\/p>\n\n\n<div class=\"wp-block-image\">\n<figure class=\"aligncenter size-full\"><img decoding=\"async\" loading=\"lazy\" width=\"470\" height=\"382\" src=\"http:\/\/venusdailleurs.fr\/wp-content\/uploads\/2023\/06\/arsenic.jpg\" alt=\"\" class=\"wp-image-2474\" srcset=\"http:\/\/venusdailleurs.fr\/wp-content\/uploads\/2023\/06\/arsenic.jpg 470w, http:\/\/venusdailleurs.fr\/wp-content\/uploads\/2023\/06\/arsenic-300x244.jpg 300w\" sizes=\"(max-width: 470px) 100vw, 470px\" \/><\/figure><\/div>\n\n\n<p>20\/40 cm<\/p>\n\n\n\n<p>Texte de Erik Garnier<br>Dessins de Yoan Armand Gil<\/p>\n\n\n\n<p><br>Achev\u00e9e d\u2019imprimer le 18 &amp; 19 Mars 2011 par proc\u00e9d\u00e9<br>d\u2019estampe num\u00e9rique, sur les presses de VENUS D\u2019AILLEURS,<br>lors du 11\u00e8me salon du Livre d\u2019Artiste de Carr\u00e9 d\u2019art \u00e0 N\u00eemes.<\/p>\n\n\n\n<p>L\u2019ensemble constituant l\u2019\u00e9dition originale est tir\u00e9e \u00e0<br>5 exemplaires sur papiers Arches et Ursus, tous accompagn\u00e9s<br>d\u2019une tampographie num\u00e9rot\u00e9e de I \u00e0 V et sign\u00e9e par l\u2019artiste.<\/p>\n","protected":false},"excerpt":{"rendered":"<p>Yoan Armand Gil 20\/40 cm Texte de Erik GarnierDessins de Yoan Armand Gil Achev\u00e9e d\u2019imprimer le 18 &amp; 19 Mars 2011 par proc\u00e9d\u00e9d\u2019estampe num\u00e9rique, sur les presses de VENUS D\u2019AILLEURS,lors du 11\u00e8me salon du Livre d\u2019Artiste de Carr\u00e9 d\u2019art \u00e0 N\u00eemes. L\u2019ensemble constituant l\u2019\u00e9dition originale est tir\u00e9e \u00e05 exemplaires sur papiers Arches et Ursus, tous &hellip; <a href=\"http:\/\/venusdailleurs.fr\/?page_id=2564\" class=\"more-link\">Continuer la lecture de <span class=\"screen-reader-text\">Arsenic<\/span><\/a><\/p>\n","protected":false},"author":1,"featured_media":0,"parent":0,"menu_order":0,"comment_status":"closed","ping_status":"closed","template":"","meta":[],"_links":{"self":[{"href":"http:\/\/venusdailleurs.fr\/index.php?rest_route=\/wp\/v2\/pages\/2564"}],"collection":[{"href":"http:\/\/venusdailleurs.fr\/index.php?rest_route=\/wp\/v2\/pages"}],"about":[{"href":"http:\/\/venusdailleurs.fr\/index.php?rest_route=\/wp\/v2\/types\/page"}],"author":[{"embeddable":true,"href":"http:\/\/venusdailleurs.fr\/index.php?rest_route=\/wp\/v2\/users\/1"}],"replies":[{"embeddable":true,"href":"http:\/\/venusdailleurs.fr\/index.php?rest_route=%2Fwp%2Fv2%2Fcomments&post=2564"}],"version-history":[{"count":1,"href":"http:\/\/venusdailleurs.fr\/index.php?rest_route=\/wp\/v2\/pages\/2564\/revisions"}],"predecessor-version":[{"id":2565,"href":"http:\/\/venusdailleurs.fr\/index.php?rest_route=\/wp\/v2\/pages\/2564\/revisions\/2565"}],"wp:attachment":[{"href":"http:\/\/venusdailleurs.fr\/index.php?rest_route=%2Fwp%2Fv2%2Fmedia&parent=2564"}],"curies":[{"name":"wp","href":"https:\/\/api.w.org\/{rel}","templated":true}]}}