{"id":2511,"date":"2023-06-11T21:07:07","date_gmt":"2023-06-11T19:07:07","guid":{"rendered":"http:\/\/venusdailleurs.fr\/?page_id=2511"},"modified":"2023-06-11T21:07:07","modified_gmt":"2023-06-11T19:07:07","slug":"magophon-hypotypose","status":"publish","type":"page","link":"http:\/\/venusdailleurs.fr\/?page_id=2511","title":{"rendered":"Magophon &#8211; Hypotypose"},"content":{"rendered":"\n<p><strong>Humus lib\u00e9r\u00e9 &#8211; C\u00e9dric de Batz<\/strong><\/p>\n\n\n\n<figure class=\"wp-block-image size-large\"><img decoding=\"async\" loading=\"lazy\" width=\"766\" height=\"1024\" src=\"http:\/\/venusdailleurs.fr\/wp-content\/uploads\/2023\/06\/Magophon_Hypotypose_Cedric_de_Batz-766x1024.jpg\" alt=\"\" class=\"wp-image-2450\" srcset=\"http:\/\/venusdailleurs.fr\/wp-content\/uploads\/2023\/06\/Magophon_Hypotypose_Cedric_de_Batz-766x1024.jpg 766w, http:\/\/venusdailleurs.fr\/wp-content\/uploads\/2023\/06\/Magophon_Hypotypose_Cedric_de_Batz-224x300.jpg 224w, http:\/\/venusdailleurs.fr\/wp-content\/uploads\/2023\/06\/Magophon_Hypotypose_Cedric_de_Batz-768x1027.jpg 768w, http:\/\/venusdailleurs.fr\/wp-content\/uploads\/2023\/06\/Magophon_Hypotypose_Cedric_de_Batz.jpg 986w\" sizes=\"(max-width: 766px) 100vw, 766px\" \/><\/figure>\n\n\n\n<p class=\"has-text-align-center\">20 pages sur Velin d&rsquo;Arches au format 30&#215;42 cm.<\/p>\n\n\n\n<p class=\"has-text-align-center\">10 exemplaires dont deux accompagn\u00e9s d&rsquo;une \u0153uvre originale.<\/p>\n","protected":false},"excerpt":{"rendered":"<p>Humus lib\u00e9r\u00e9 &#8211; C\u00e9dric de Batz 20 pages sur Velin d&rsquo;Arches au format 30&#215;42 cm. 10 exemplaires dont deux accompagn\u00e9s d&rsquo;une \u0153uvre originale.<\/p>\n","protected":false},"author":1,"featured_media":0,"parent":0,"menu_order":0,"comment_status":"closed","ping_status":"closed","template":"","meta":[],"_links":{"self":[{"href":"http:\/\/venusdailleurs.fr\/index.php?rest_route=\/wp\/v2\/pages\/2511"}],"collection":[{"href":"http:\/\/venusdailleurs.fr\/index.php?rest_route=\/wp\/v2\/pages"}],"about":[{"href":"http:\/\/venusdailleurs.fr\/index.php?rest_route=\/wp\/v2\/types\/page"}],"author":[{"embeddable":true,"href":"http:\/\/venusdailleurs.fr\/index.php?rest_route=\/wp\/v2\/users\/1"}],"replies":[{"embeddable":true,"href":"http:\/\/venusdailleurs.fr\/index.php?rest_route=%2Fwp%2Fv2%2Fcomments&post=2511"}],"version-history":[{"count":1,"href":"http:\/\/venusdailleurs.fr\/index.php?rest_route=\/wp\/v2\/pages\/2511\/revisions"}],"predecessor-version":[{"id":2512,"href":"http:\/\/venusdailleurs.fr\/index.php?rest_route=\/wp\/v2\/pages\/2511\/revisions\/2512"}],"wp:attachment":[{"href":"http:\/\/venusdailleurs.fr\/index.php?rest_route=%2Fwp%2Fv2%2Fmedia&parent=2511"}],"curies":[{"name":"wp","href":"https:\/\/api.w.org\/{rel}","templated":true}]}}