{"id":2489,"date":"2023-06-11T20:41:23","date_gmt":"2023-06-11T18:41:23","guid":{"rendered":"http:\/\/venusdailleurs.fr\/?page_id=2489"},"modified":"2023-06-12T13:15:30","modified_gmt":"2023-06-12T11:15:30","slug":"chute-libre","status":"publish","type":"page","link":"http:\/\/venusdailleurs.fr\/?page_id=2489","title":{"rendered":"Chute Libre"},"content":{"rendered":"\n<p>une collection de livres \u00e0 petit tirage r\u00e9alis\u00e9s dans la journ\u00e9e avec les chutes de papier de l&rsquo;atelier&#8230;<\/p>\n\n\n\n<p><strong><mark style=\"background-color:rgba(0, 0, 0, 0)\" class=\"has-inline-color has-medium-pink-color\">XVII* &#8211; S\u2019\u00e9veiller pour que rien n\u2019ait eu lieu<\/mark><\/strong><\/p>\n\n\n\n<figure class=\"wp-block-image size-large\"><img decoding=\"async\" loading=\"lazy\" width=\"1024\" height=\"768\" src=\"http:\/\/venusdailleurs.fr\/wp-content\/uploads\/2023\/06\/SAM_0218-1024x768.jpg\" alt=\"\" class=\"wp-image-2490\" srcset=\"http:\/\/venusdailleurs.fr\/wp-content\/uploads\/2023\/06\/SAM_0218-1024x768.jpg 1024w, http:\/\/venusdailleurs.fr\/wp-content\/uploads\/2023\/06\/SAM_0218-300x225.jpg 300w, http:\/\/venusdailleurs.fr\/wp-content\/uploads\/2023\/06\/SAM_0218-768x576.jpg 768w, http:\/\/venusdailleurs.fr\/wp-content\/uploads\/2023\/06\/SAM_0218-1536x1152.jpg 1536w, http:\/\/venusdailleurs.fr\/wp-content\/uploads\/2023\/06\/SAM_0218-2048x1536.jpg 2048w\" sizes=\"(max-width: 1024px) 100vw, 1024px\" \/><\/figure>\n\n\n\n<p>Un texte de Bernar Mialet accompagn\u00e9 des \u0153uvres de<\/p>\n\n\n\n<p>Aur\u00e9lie Aura, Claude Ballar\u00e9, Yoan Armand Gil et&nbsp; Philippe Lemaire.<\/p>\n\n\n\n<p>Achev\u00e9 d\u2019imprimer \u00e0 10 exemplaires pour les amis venus d\u2019ailleurs \u00e0 l\u2019atelier V.D.A \u00e0 Gajan, le 17 Aout 2014 \u00e0 la suite d\u2019une soir\u00e9e festive.<\/p>\n","protected":false},"excerpt":{"rendered":"<p>une collection de livres \u00e0 petit tirage r\u00e9alis\u00e9s dans la journ\u00e9e avec les chutes de papier de l&rsquo;atelier&#8230; XVII* &#8211; S\u2019\u00e9veiller pour que rien n\u2019ait eu lieu Un texte de Bernar Mialet accompagn\u00e9 des \u0153uvres de Aur\u00e9lie Aura, Claude Ballar\u00e9, Yoan Armand Gil et&nbsp; Philippe Lemaire. Achev\u00e9 d\u2019imprimer \u00e0 10 exemplaires pour les amis venus &hellip; <a href=\"http:\/\/venusdailleurs.fr\/?page_id=2489\" class=\"more-link\">Continuer la lecture de <span class=\"screen-reader-text\">Chute Libre<\/span><\/a><\/p>\n","protected":false},"author":1,"featured_media":0,"parent":0,"menu_order":0,"comment_status":"closed","ping_status":"closed","template":"","meta":[],"_links":{"self":[{"href":"http:\/\/venusdailleurs.fr\/index.php?rest_route=\/wp\/v2\/pages\/2489"}],"collection":[{"href":"http:\/\/venusdailleurs.fr\/index.php?rest_route=\/wp\/v2\/pages"}],"about":[{"href":"http:\/\/venusdailleurs.fr\/index.php?rest_route=\/wp\/v2\/types\/page"}],"author":[{"embeddable":true,"href":"http:\/\/venusdailleurs.fr\/index.php?rest_route=\/wp\/v2\/users\/1"}],"replies":[{"embeddable":true,"href":"http:\/\/venusdailleurs.fr\/index.php?rest_route=%2Fwp%2Fv2%2Fcomments&post=2489"}],"version-history":[{"count":2,"href":"http:\/\/venusdailleurs.fr\/index.php?rest_route=\/wp\/v2\/pages\/2489\/revisions"}],"predecessor-version":[{"id":2867,"href":"http:\/\/venusdailleurs.fr\/index.php?rest_route=\/wp\/v2\/pages\/2489\/revisions\/2867"}],"wp:attachment":[{"href":"http:\/\/venusdailleurs.fr\/index.php?rest_route=%2Fwp%2Fv2%2Fmedia&parent=2489"}],"curies":[{"name":"wp","href":"https:\/\/api.w.org\/{rel}","templated":true}]}}