{"id":2395,"date":"2023-06-11T18:35:17","date_gmt":"2023-06-11T16:35:17","guid":{"rendered":"http:\/\/venusdailleurs.fr\/?page_id=2395"},"modified":"2023-06-11T18:35:17","modified_gmt":"2023-06-11T16:35:17","slug":"ymagier-2","status":"publish","type":"page","link":"http:\/\/venusdailleurs.fr\/?page_id=2395","title":{"rendered":"Ymagier"},"content":{"rendered":"\n<figure class=\"wp-block-image size-large\"><img decoding=\"async\" loading=\"lazy\" width=\"1024\" height=\"760\" src=\"http:\/\/venusdailleurs.fr\/wp-content\/uploads\/2023\/06\/Ymagier-1024x760.jpg\" alt=\"\" class=\"wp-image-2387\" srcset=\"http:\/\/venusdailleurs.fr\/wp-content\/uploads\/2023\/06\/Ymagier-1024x760.jpg 1024w, http:\/\/venusdailleurs.fr\/wp-content\/uploads\/2023\/06\/Ymagier-300x223.jpg 300w, http:\/\/venusdailleurs.fr\/wp-content\/uploads\/2023\/06\/Ymagier-768x570.jpg 768w, http:\/\/venusdailleurs.fr\/wp-content\/uploads\/2023\/06\/Ymagier-1536x1140.jpg 1536w, http:\/\/venusdailleurs.fr\/wp-content\/uploads\/2023\/06\/Ymagier-2048x1520.jpg 2048w\" sizes=\"(max-width: 1024px) 100vw, 1024px\" \/><\/figure>\n\n\n\n<p>Ce coffret \u00e9dit\u00e9 \u00e0 3 exemplaires \u00e0 l&rsquo;occasion de l&rsquo;exposition\/r\u00e9sidence \u00e0 la m\u00e9diath\u00e8que d&rsquo;Uz\u00e8s contient :<\/p>\n\n\n\n<p>&#8211; Un dessin original de Michel Cadi\u00e8re et un collage original de Philippe Lemaire.<\/p>\n\n\n\n<p>&#8211; Les planches et le livret de la pi\u00e8ce<em> Ubu vos papiers<\/em> d&rsquo;Eric Poirier<\/p>\n\n\n\n<p>&#8211; Un livre<em> Ymagier<\/em> avec les \u0153uvres d&rsquo;Aur\u00e9lie Aura, C\u00e9dric De Batz,Michel Cadi\u00e8re,\u00a0 Frank Garam, Yoan Armand Gil, Philippe Lemaire, Susan Mende, Nathalie Moulin, Yves Reynier<\/p>\n\n\n\n<p><a href=\"http:\/\/venusdailleurs.fr\/?page_id=872\" data-type=\"page\" data-id=\"872\">LE DIAPORAMA DE L&rsquo;EXPOSITION<\/a><\/p>\n\n\n\n<p><\/p>\n","protected":false},"excerpt":{"rendered":"<p>Ce coffret \u00e9dit\u00e9 \u00e0 3 exemplaires \u00e0 l&rsquo;occasion de l&rsquo;exposition\/r\u00e9sidence \u00e0 la m\u00e9diath\u00e8que d&rsquo;Uz\u00e8s contient : &#8211; Un dessin original de Michel Cadi\u00e8re et un collage original de Philippe Lemaire. &#8211; Les planches et le livret de la pi\u00e8ce Ubu vos papiers d&rsquo;Eric Poirier &#8211; Un livre Ymagier avec les \u0153uvres d&rsquo;Aur\u00e9lie Aura, C\u00e9dric De &hellip; <a href=\"http:\/\/venusdailleurs.fr\/?page_id=2395\" class=\"more-link\">Continuer la lecture de <span class=\"screen-reader-text\">Ymagier<\/span><\/a><\/p>\n","protected":false},"author":1,"featured_media":0,"parent":0,"menu_order":0,"comment_status":"closed","ping_status":"closed","template":"","meta":[],"_links":{"self":[{"href":"http:\/\/venusdailleurs.fr\/index.php?rest_route=\/wp\/v2\/pages\/2395"}],"collection":[{"href":"http:\/\/venusdailleurs.fr\/index.php?rest_route=\/wp\/v2\/pages"}],"about":[{"href":"http:\/\/venusdailleurs.fr\/index.php?rest_route=\/wp\/v2\/types\/page"}],"author":[{"embeddable":true,"href":"http:\/\/venusdailleurs.fr\/index.php?rest_route=\/wp\/v2\/users\/1"}],"replies":[{"embeddable":true,"href":"http:\/\/venusdailleurs.fr\/index.php?rest_route=%2Fwp%2Fv2%2Fcomments&post=2395"}],"version-history":[{"count":1,"href":"http:\/\/venusdailleurs.fr\/index.php?rest_route=\/wp\/v2\/pages\/2395\/revisions"}],"predecessor-version":[{"id":2396,"href":"http:\/\/venusdailleurs.fr\/index.php?rest_route=\/wp\/v2\/pages\/2395\/revisions\/2396"}],"wp:attachment":[{"href":"http:\/\/venusdailleurs.fr\/index.php?rest_route=%2Fwp%2Fv2%2Fmedia&parent=2395"}],"curies":[{"name":"wp","href":"https:\/\/api.w.org\/{rel}","templated":true}]}}