{"id":2391,"date":"2023-06-11T18:31:58","date_gmt":"2023-06-11T16:31:58","guid":{"rendered":"http:\/\/venusdailleurs.fr\/?page_id=2391"},"modified":"2023-06-11T18:31:58","modified_gmt":"2023-06-11T16:31:58","slug":"carbone-reverie-menard","status":"publish","type":"page","link":"http:\/\/venusdailleurs.fr\/?page_id=2391","title":{"rendered":"Carbone &#8211; R\u00eaverie M\u00e9nard"},"content":{"rendered":"\n<figure class=\"wp-block-image size-full\"><img decoding=\"async\" loading=\"lazy\" width=\"598\" height=\"230\" src=\"http:\/\/venusdailleurs.fr\/wp-content\/uploads\/2023\/06\/Carbone-sud-estampes.jpg\" alt=\"\" class=\"wp-image-2389\" srcset=\"http:\/\/venusdailleurs.fr\/wp-content\/uploads\/2023\/06\/Carbone-sud-estampes.jpg 598w, http:\/\/venusdailleurs.fr\/wp-content\/uploads\/2023\/06\/Carbone-sud-estampes-300x115.jpg 300w\" sizes=\"(max-width: 598px) 100vw, 598px\" \/><\/figure>\n\n\n\n<p><\/p>\n\n\n\n<p>Une proposition des \u00e9ditions Venus d\u2019Ailleurs , sp\u00e9cialiste de la mise en boite, \u00e0 l&rsquo;occasion de SUD ESTAMPE 2012 &#8211; Biennale de la gravure \u00e0 N\u00eemes.<\/p>\n\n\n\n<p>une \u00e9dition r\u00e9alis\u00e9e \u00e0 partir de \u00ab contenants \u00bb offerts par la maison Charbonnel.<\/p>\n\n\n\n<p><br>Un Objet po\u00e9tique, orchestr\u00e9 par Yoan Armand Gil, Claude Ballar\u00e9 et Remy Leboissetier, proposant \u00a0l\u2019exp\u00e9rience d\u2019un voyage int\u00e9rieur nous menant de poliphile et des charbonniers italiens au prince Hakim nourri du sang d\u2019encre : Un R\u00e9bus \u00e0 l\u2019ombre d\u2019un certain POLY\u00c8DRE bien connu des graveurs fous d\u2019amour\u2026<\/p>\n\n\n\n<p><br>18 exemplaires dont 6 tirages de t\u00eate<br>accompagn\u00e9s d\u2019un collage de Claude Ballar\u00e9 et d\u2019un dessin original de Y.A.Gil.<br>&nbsp;<\/p>\n\n\n\n<p>CARBONE est expos\u00e9 durant la biennale dans la vitrine de la droguerie M\u00e9nard<\/p>\n\n\n\n<p><a href=\"http:\/\/www.sudestampe.fr\/\" target=\"_blank\" rel=\"noreferrer noopener\">SUD ESTAMPE<\/a><\/p>\n","protected":false},"excerpt":{"rendered":"<p>Une proposition des \u00e9ditions Venus d\u2019Ailleurs , sp\u00e9cialiste de la mise en boite, \u00e0 l&rsquo;occasion de SUD ESTAMPE 2012 &#8211; Biennale de la gravure \u00e0 N\u00eemes. une \u00e9dition r\u00e9alis\u00e9e \u00e0 partir de \u00ab contenants \u00bb offerts par la maison Charbonnel. Un Objet po\u00e9tique, orchestr\u00e9 par Yoan Armand Gil, Claude Ballar\u00e9 et Remy Leboissetier, proposant \u00a0l\u2019exp\u00e9rience &hellip; <a href=\"http:\/\/venusdailleurs.fr\/?page_id=2391\" class=\"more-link\">Continuer la lecture de <span class=\"screen-reader-text\">Carbone &#8211; R\u00eaverie M\u00e9nard<\/span><\/a><\/p>\n","protected":false},"author":1,"featured_media":0,"parent":0,"menu_order":0,"comment_status":"closed","ping_status":"closed","template":"","meta":[],"_links":{"self":[{"href":"http:\/\/venusdailleurs.fr\/index.php?rest_route=\/wp\/v2\/pages\/2391"}],"collection":[{"href":"http:\/\/venusdailleurs.fr\/index.php?rest_route=\/wp\/v2\/pages"}],"about":[{"href":"http:\/\/venusdailleurs.fr\/index.php?rest_route=\/wp\/v2\/types\/page"}],"author":[{"embeddable":true,"href":"http:\/\/venusdailleurs.fr\/index.php?rest_route=\/wp\/v2\/users\/1"}],"replies":[{"embeddable":true,"href":"http:\/\/venusdailleurs.fr\/index.php?rest_route=%2Fwp%2Fv2%2Fcomments&post=2391"}],"version-history":[{"count":1,"href":"http:\/\/venusdailleurs.fr\/index.php?rest_route=\/wp\/v2\/pages\/2391\/revisions"}],"predecessor-version":[{"id":2392,"href":"http:\/\/venusdailleurs.fr\/index.php?rest_route=\/wp\/v2\/pages\/2391\/revisions\/2392"}],"wp:attachment":[{"href":"http:\/\/venusdailleurs.fr\/index.php?rest_route=%2Fwp%2Fv2%2Fmedia&parent=2391"}],"curies":[{"name":"wp","href":"https:\/\/api.w.org\/{rel}","templated":true}]}}