{"id":2362,"date":"2023-06-11T17:54:23","date_gmt":"2023-06-11T15:54:23","guid":{"rendered":"http:\/\/venusdailleurs.fr\/?page_id=2362"},"modified":"2023-06-11T17:54:23","modified_gmt":"2023-06-11T15:54:23","slug":"les-12-phases-de-la-transmutation-alchimique","status":"publish","type":"page","link":"http:\/\/venusdailleurs.fr\/?page_id=2362","title":{"rendered":"Les 12 phases de la transmutation alchimique"},"content":{"rendered":"\n<p>Daniel Giraud<\/p>\n\n\n\n<figure class=\"wp-block-image size-full\"><img decoding=\"async\" loading=\"lazy\" width=\"509\" height=\"648\" src=\"http:\/\/venusdailleurs.fr\/wp-content\/uploads\/2023\/06\/idea-12-1.jpg\" alt=\"\" class=\"wp-image-2363\" srcset=\"http:\/\/venusdailleurs.fr\/wp-content\/uploads\/2023\/06\/idea-12-1.jpg 509w, http:\/\/venusdailleurs.fr\/wp-content\/uploads\/2023\/06\/idea-12-1-236x300.jpg 236w\" sizes=\"(max-width: 509px) 100vw, 509px\" \/><\/figure>\n\n\n\n<p><\/p>\n\n\n\n<p>Toute la tradition Herm\u00e9tique du Grand-\u0152uvre, l\u2019Art d\u2019Herm\u00e8s, se r\u00e9alise par une douzaine de phases Astrologiques, s\u00e9quences des diff\u00e9rents \u00e9tats de la \u00ab Materia Prima \u00bb, qui sont, par d\u00e9marche int\u00e9rieure de l\u2019Adepte anim\u00e9 par le \u00ab Feu des Philosophes \u00bb, une qu\u00eate \u00e0 travers les \u00ab \u00e9tats multiples de l\u2019\u00eatre \u00bb.<\/p>\n\n\n\n<p>24 pages. 14&#215;18 cm.<\/p>\n\n\n\n<p>8 \u20ac<\/p>\n\n\n\n<p><a href=\"https:\/\/venus-dailleurs.sumupstore.com\/article\/les-12-phases-de-la-transmutation-alchimique\">COMMANDER<\/a><\/p>\n","protected":false},"excerpt":{"rendered":"<p>Daniel Giraud Toute la tradition Herm\u00e9tique du Grand-\u0152uvre, l\u2019Art d\u2019Herm\u00e8s, se r\u00e9alise par une douzaine de phases Astrologiques, s\u00e9quences des diff\u00e9rents \u00e9tats de la \u00ab Materia Prima \u00bb, qui sont, par d\u00e9marche int\u00e9rieure de l\u2019Adepte anim\u00e9 par le \u00ab Feu des Philosophes \u00bb, une qu\u00eate \u00e0 travers les \u00ab \u00e9tats multiples de l\u2019\u00eatre \u00bb. 24 &hellip; <a href=\"http:\/\/venusdailleurs.fr\/?page_id=2362\" class=\"more-link\">Continuer la lecture de <span class=\"screen-reader-text\">Les 12 phases de la transmutation alchimique<\/span><\/a><\/p>\n","protected":false},"author":1,"featured_media":0,"parent":0,"menu_order":0,"comment_status":"closed","ping_status":"closed","template":"","meta":[],"_links":{"self":[{"href":"http:\/\/venusdailleurs.fr\/index.php?rest_route=\/wp\/v2\/pages\/2362"}],"collection":[{"href":"http:\/\/venusdailleurs.fr\/index.php?rest_route=\/wp\/v2\/pages"}],"about":[{"href":"http:\/\/venusdailleurs.fr\/index.php?rest_route=\/wp\/v2\/types\/page"}],"author":[{"embeddable":true,"href":"http:\/\/venusdailleurs.fr\/index.php?rest_route=\/wp\/v2\/users\/1"}],"replies":[{"embeddable":true,"href":"http:\/\/venusdailleurs.fr\/index.php?rest_route=%2Fwp%2Fv2%2Fcomments&post=2362"}],"version-history":[{"count":1,"href":"http:\/\/venusdailleurs.fr\/index.php?rest_route=\/wp\/v2\/pages\/2362\/revisions"}],"predecessor-version":[{"id":2364,"href":"http:\/\/venusdailleurs.fr\/index.php?rest_route=\/wp\/v2\/pages\/2362\/revisions\/2364"}],"wp:attachment":[{"href":"http:\/\/venusdailleurs.fr\/index.php?rest_route=%2Fwp%2Fv2%2Fmedia&parent=2362"}],"curies":[{"name":"wp","href":"https:\/\/api.w.org\/{rel}","templated":true}]}}