{"id":2345,"date":"2023-06-11T17:37:05","date_gmt":"2023-06-11T15:37:05","guid":{"rendered":"http:\/\/venusdailleurs.fr\/?page_id=2345"},"modified":"2023-06-11T17:37:05","modified_gmt":"2023-06-11T15:37:05","slug":"la-mandragore-magique","status":"publish","type":"page","link":"http:\/\/venusdailleurs.fr\/?page_id=2345","title":{"rendered":"La mandragore magique"},"content":{"rendered":"\n<p><strong>Gustave Lerouge<\/strong><\/p>\n\n\n\n<figure class=\"wp-block-gallery has-nested-images columns-default is-cropped wp-block-gallery-1 is-layout-flex\">\n<figure class=\"wp-block-image size-large\"><img decoding=\"async\" loading=\"lazy\" width=\"510\" height=\"659\" data-id=\"2347\"  src=\"http:\/\/venusdailleurs.fr\/wp-content\/uploads\/2023\/06\/idea-mandra-Copie_1-1.jpg\" alt=\"\" class=\"wp-image-2347\" srcset=\"http:\/\/venusdailleurs.fr\/wp-content\/uploads\/2023\/06\/idea-mandra-Copie_1-1.jpg 510w, http:\/\/venusdailleurs.fr\/wp-content\/uploads\/2023\/06\/idea-mandra-Copie_1-1-232x300.jpg 232w\" sizes=\"(max-width: 510px) 100vw, 510px\" \/><\/figure>\n\n\n\n<figure class=\"wp-block-image size-large\"><img decoding=\"async\" loading=\"lazy\" width=\"511\" height=\"659\" data-id=\"2346\"  src=\"http:\/\/venusdailleurs.fr\/wp-content\/uploads\/2023\/06\/idea-mandra_1.jpg\" alt=\"\" class=\"wp-image-2346\" srcset=\"http:\/\/venusdailleurs.fr\/wp-content\/uploads\/2023\/06\/idea-mandra_1.jpg 511w, http:\/\/venusdailleurs.fr\/wp-content\/uploads\/2023\/06\/idea-mandra_1-233x300.jpg 233w\" sizes=\"(max-width: 511px) 100vw, 511px\" \/><\/figure>\n<\/figure>\n\n\n<div class=\"wp-block-image\">\n<figure class=\"aligncenter size-full is-resized\"><img decoding=\"async\" loading=\"lazy\" src=\"http:\/\/venusdailleurs.fr\/wp-content\/uploads\/2023\/06\/idea-mandra-ciel-Copie-1.jpg\" alt=\"\" class=\"wp-image-2348\" width=\"343\" height=\"449\" srcset=\"http:\/\/venusdailleurs.fr\/wp-content\/uploads\/2023\/06\/idea-mandra-ciel-Copie-1.jpg 525w, http:\/\/venusdailleurs.fr\/wp-content\/uploads\/2023\/06\/idea-mandra-ciel-Copie-1-229x300.jpg 229w\" sizes=\"(max-width: 343px) 100vw, 343px\" \/><\/figure><\/div>\n\n\n<p>VOL I<br>Coup d\u2019\u0153il historique<br>La mandragore dans la litt\u00e9rature<\/p>\n\n\n\n<p>40 pages 14&#215;18 cm.<\/p>\n\n\n\n<p>VOL II<br>T\u00c9RAPHIM &#8211; GOLEM &#8211; ANDRO\u00cfDES &#8211; HOMONCULES &#8211; MANDRAGORES<\/p>\n\n\n\n<p>40 pages 14&#215;18 cm.<\/p>\n\n\n\n<p>VOL III<br>LA CUEILLETTE MAGIQUE<br>LE SORCIER \u2022 LE MAGE \u2022 LA VIERGE<\/p>\n\n\n\n<p>52 pages 14&#215;18 cm.<\/p>\n\n\n\n<p>24 \u20ac<\/p>\n\n\n\n<p><a href=\"https:\/\/venus-dailleurs.sumupstore.com\/article\/la-mandragore\" target=\"_blank\" rel=\"noreferrer noopener\">COMMANDER<\/a><\/p>\n","protected":false},"excerpt":{"rendered":"<p>Gustave Lerouge VOL ICoup d\u2019\u0153il historiqueLa mandragore dans la litt\u00e9rature 40 pages 14&#215;18 cm. VOL IIT\u00c9RAPHIM &#8211; GOLEM &#8211; ANDRO\u00cfDES &#8211; HOMONCULES &#8211; MANDRAGORES 40 pages 14&#215;18 cm. VOL IIILA CUEILLETTE MAGIQUELE SORCIER \u2022 LE MAGE \u2022 LA VIERGE 52 pages 14&#215;18 cm. 24 \u20ac COMMANDER<\/p>\n","protected":false},"author":1,"featured_media":0,"parent":0,"menu_order":0,"comment_status":"closed","ping_status":"closed","template":"","meta":[],"_links":{"self":[{"href":"http:\/\/venusdailleurs.fr\/index.php?rest_route=\/wp\/v2\/pages\/2345"}],"collection":[{"href":"http:\/\/venusdailleurs.fr\/index.php?rest_route=\/wp\/v2\/pages"}],"about":[{"href":"http:\/\/venusdailleurs.fr\/index.php?rest_route=\/wp\/v2\/types\/page"}],"author":[{"embeddable":true,"href":"http:\/\/venusdailleurs.fr\/index.php?rest_route=\/wp\/v2\/users\/1"}],"replies":[{"embeddable":true,"href":"http:\/\/venusdailleurs.fr\/index.php?rest_route=%2Fwp%2Fv2%2Fcomments&post=2345"}],"version-history":[{"count":1,"href":"http:\/\/venusdailleurs.fr\/index.php?rest_route=\/wp\/v2\/pages\/2345\/revisions"}],"predecessor-version":[{"id":2349,"href":"http:\/\/venusdailleurs.fr\/index.php?rest_route=\/wp\/v2\/pages\/2345\/revisions\/2349"}],"wp:attachment":[{"href":"http:\/\/venusdailleurs.fr\/index.php?rest_route=%2Fwp%2Fv2%2Fmedia&parent=2345"}],"curies":[{"name":"wp","href":"https:\/\/api.w.org\/{rel}","templated":true}]}}