{"id":2339,"date":"2023-06-11T17:32:57","date_gmt":"2023-06-11T15:32:57","guid":{"rendered":"http:\/\/venusdailleurs.fr\/?page_id=2339"},"modified":"2023-06-11T17:32:57","modified_gmt":"2023-06-11T15:32:57","slug":"les-envoutements-et-les-sorts-le-mauvais-oeil","status":"publish","type":"page","link":"http:\/\/venusdailleurs.fr\/?page_id=2339","title":{"rendered":"Les envo\u00fbtements et les sorts \/ Le mauvais \u0152il"},"content":{"rendered":"\n<p><strong>Eliphas L\u00e9vi \/ Hakim Bey<\/strong><\/p>\n\n\n\n<figure class=\"wp-block-image size-full\"><img decoding=\"async\" loading=\"lazy\" width=\"506\" height=\"658\" src=\"http:\/\/venusdailleurs.fr\/wp-content\/uploads\/2023\/06\/idea-occulte-1.jpg\" alt=\"\" class=\"wp-image-2340\" srcset=\"http:\/\/venusdailleurs.fr\/wp-content\/uploads\/2023\/06\/idea-occulte-1.jpg 506w, http:\/\/venusdailleurs.fr\/wp-content\/uploads\/2023\/06\/idea-occulte-1-231x300.jpg 231w\" sizes=\"(max-width: 506px) 100vw, 506px\" \/><\/figure>\n\n\n\n<p class=\"has-text-align-right\">\u00abLa vie historique moderne est le prix d\u2019un formidable et crapuleux envo\u00fbtement. Le monde marche comme une horloge dont personne ici n\u2019a la clef. Tout est \u00e9crit dans la mati\u00e8re astrale {&#8230;}<br>Je dis qu\u2019il y a dans presque chaque homme un envo\u00fbteur dissimul\u00e9 et qui le sait.{&#8230;} J\u2019ai \u00e9t\u00e9 victime d\u2019un crime social o\u00f9 tout le monde peu ou prou a tremp\u00e9 le doigt, ou, mettons, le cil d\u2019une paupi\u00e8re.\u00bb<br><br>\u00abJe me livre \u00e0 un certain nombre d\u2019op\u00e9rations d\u2019ordre magique pour faire cesser d\u2019autres op\u00e9rations d\u2019ordre magique auxquelles sur moi jour et nuit se livre la soci\u00e9t\u00e9 {&#8230;} Mes op\u00e9rations de souffle sont peut-\u00eatre de la magie, bien qu\u2019il n\u2019y ait en elles rien de plus sorcier que de se moucher, de cracher, ou de tousser&#8230;\u00bb<br><br>Antonin Artaud<\/p>\n\n\n\n<p>36 pages 14&#215;18 cm.<\/p>\n\n\n\n<p>8 \u20ac<\/p>\n\n\n\n<p><a href=\"https:\/\/venus-dailleurs.sumupstore.com\/article\/les-envoutements-et-les-sorts-le-mauvais-oeil\" target=\"_blank\" rel=\"noreferrer noopener\">COMMANDER<\/a><\/p>\n","protected":false},"excerpt":{"rendered":"<p>Eliphas L\u00e9vi \/ Hakim Bey \u00abLa vie historique moderne est le prix d\u2019un formidable et crapuleux envo\u00fbtement. Le monde marche comme une horloge dont personne ici n\u2019a la clef. Tout est \u00e9crit dans la mati\u00e8re astrale {&#8230;}Je dis qu\u2019il y a dans presque chaque homme un envo\u00fbteur dissimul\u00e9 et qui le sait.{&#8230;} J\u2019ai \u00e9t\u00e9 victime &hellip; <a href=\"http:\/\/venusdailleurs.fr\/?page_id=2339\" class=\"more-link\">Continuer la lecture de <span class=\"screen-reader-text\">Les envo\u00fbtements et les sorts \/ Le mauvais \u0152il<\/span><\/a><\/p>\n","protected":false},"author":1,"featured_media":0,"parent":0,"menu_order":0,"comment_status":"closed","ping_status":"closed","template":"","meta":[],"_links":{"self":[{"href":"http:\/\/venusdailleurs.fr\/index.php?rest_route=\/wp\/v2\/pages\/2339"}],"collection":[{"href":"http:\/\/venusdailleurs.fr\/index.php?rest_route=\/wp\/v2\/pages"}],"about":[{"href":"http:\/\/venusdailleurs.fr\/index.php?rest_route=\/wp\/v2\/types\/page"}],"author":[{"embeddable":true,"href":"http:\/\/venusdailleurs.fr\/index.php?rest_route=\/wp\/v2\/users\/1"}],"replies":[{"embeddable":true,"href":"http:\/\/venusdailleurs.fr\/index.php?rest_route=%2Fwp%2Fv2%2Fcomments&post=2339"}],"version-history":[{"count":1,"href":"http:\/\/venusdailleurs.fr\/index.php?rest_route=\/wp\/v2\/pages\/2339\/revisions"}],"predecessor-version":[{"id":2341,"href":"http:\/\/venusdailleurs.fr\/index.php?rest_route=\/wp\/v2\/pages\/2339\/revisions\/2341"}],"wp:attachment":[{"href":"http:\/\/venusdailleurs.fr\/index.php?rest_route=%2Fwp%2Fv2%2Fmedia&parent=2339"}],"curies":[{"name":"wp","href":"https:\/\/api.w.org\/{rel}","templated":true}]}}